{"id":9030,"date":"2023-05-18T10:43:26","date_gmt":"2023-05-18T10:43:26","guid":{"rendered":"https:\/\/oxomuseo.com\/?page_id=9030"},"modified":"2024-09-03T13:53:41","modified_gmt":"2024-09-03T11:53:41","slug":"conservacion-del-legado-historico","status":"publish","type":"page","link":"https:\/\/oxomuseomalaga.com\/en\/conservacion-del-legado-historico\/","title":{"rendered":"Conservation of the historical legacy"},"content":{"rendered":"<div>\n<h1 style=\"text-align: center;\">CONSERVACI\u00d3N DEL LEGADO HIST\u00d3RICO\u00a0<\/h1>\n<\/div>\n<div>\n<p>        <img decoding=\"async\" src=\"\/wp-content\/uploads\/2023\/05\/atari-400.jpg\" alt=\"\"><\/p>\n<h3>\u00bfCu\u00e1l es la misi\u00f3n?<\/h3>\n<p>Legado Hist\u00f3rico<\/p>\n<div>\n<p>OXO Museo Videojuego M\u00e1laga tiene como misi\u00f3n trabajar en la conservaci\u00f3n, preservaci\u00f3n y restauraci\u00f3n del legado hist\u00f3rico de los videojuegos.<\/p>\n<p><span>Desde su concepci\u00f3n hasta su comercializaci\u00f3n y puesta a disposici\u00f3n del consumidor final, el videojuego pasa por diferentes etapas creativas e industriales y comerciales en la que participan decenas de profesionales como artistas, emprendedores, guionistas, creativos, programadores, dise\u00f1adores o fabricantes.\u00a0<\/span><\/p>\n<p><span>Nuestra misi\u00f3n es poner en valor el trabajo de todos estos profesionales y recuperar sus obras para conservarlas y exponer ese legado para las presentes y futuras generaciones de amantes y creadores de videojuegos.\u00a0\u00a0<\/span><\/p>\n<p><span>Desde OXO hacemos un llamamiento a particulares y coleccionistas interesados en participar en esta labor de conservaci\u00f3n y exposici\u00f3n mediante la donaci\u00f3n o cesi\u00f3n de todo tipo de material y artefactos relacionados con el videojuego como hardware, software, ordenadores o consolas para su preservaci\u00f3n.\u00a0<\/span><\/p>\n<p><span>Si est\u00e1s interesado en colaborar, rellena este formulario y nos pondremos en contacto contigo.<\/span><\/p>\n<p>Mediante la donaci\u00f3n o cesi\u00f3n de todo tipo de material y artefactos relacionados con el videojuego como hardware, software, ordenadores o consolas para su preservaci\u00f3n.<\/p>\n<p><span>Rellena el formulario y nos pondremos en contacto contigo.<\/span><\/p>\n<\/div>\n<\/div>\n<div>\n<p><span>Gracias por tu apoyo en esta labor.<\/span><br \/><span>El equipo <strong>OXO Museo Videojuego M\u00e1laga.<\/strong><\/span><\/p>\n<\/div>\n<p>\n    <a href=\"\/contacto\/\">Contactar<\/a>\n<\/p>\n<h1>\u00daLTIMAS DONACIONES<\/h1>\n<ul>\n<li>\n<p>        <img decoding=\"async\" src=\"\/wp-content\/uploads\/2024\/09\/amstrad.png\" alt=\"\"><\/p>\n<div>\n<p>AMSTRAD 464 &#8211; Donado por: L.M.A<\/p>\n<\/div>\n<\/li>\n<li>\n<p>        <img decoding=\"async\" src=\"\/wp-content\/uploads\/2024\/09\/RADIOLA-tv.png\" alt=\"\"><\/p>\n<div>\n<p>RADIOLA TV &#8211; Donado por: M.G<\/p>\n<\/div>\n<\/li>\n<li>\n<p>        <img decoding=\"async\" src=\"\/wp-content\/uploads\/2024\/09\/ibm.png\" alt=\"\"><\/p>\n<div>\n<p>PANTALLA IBM &#8211; Donado por: J.F.ROMERO<\/p>\n<\/div>\n<\/li>\n<li>\n<p>        <img decoding=\"async\" src=\"\/wp-content\/uploads\/2024\/09\/playstation.jpg\" alt=\"\"><\/p>\n<div>\n<p>JUEGOS PLAYSATION &#8211; Donado por: INMACULADA<\/p>\n<\/div>\n<\/li>\n<li>\n<p>        <img decoding=\"async\" src=\"\/wp-content\/uploads\/2024\/08\/Ps2-hardware-two-column-01-ps4-eu-18nov15.webp\" alt=\"\"><\/p>\n<div>\n<p>PLAYSATION 2 &#8211; Donado por: INMACULADA<\/p>\n<\/div>\n<\/li>\n<li>\n<p>        <img decoding=\"async\" src=\"\/wp-content\/uploads\/2024\/09\/ps1.png\" alt=\"\"><\/p>\n<div>\n<p>PLAYSATION 1 &#8211; Donado por: INMACULADA<\/p>\n<\/div>\n<\/li>\n<\/ul>\n<p><!--more--><br \/>\n<!-- {\"type\":\"layout\",\"children\":[{\"type\":\"section\",\"props\":{\"image_position\":\"center-center\",\"style\":\"default\",\"title_breakpoint\":\"xl\",\"title_position\":\"top-left\",\"title_rotation\":\"left\",\"vertical_align\":\"middle\",\"width\":\"default\"},\"children\":[{\"type\":\"row\",\"children\":[{\"type\":\"column\",\"props\":{\"image_position\":\"center-center\",\"position_sticky_breakpoint\":\"m\"},\"children\":[{\"type\":\"text\",\"props\":{\"column_breakpoint\":\"m\",\"content\":\"\n\n<h1 style=\\\"text-align: center;\\\">CONSERVACI\\u00d3N DEL LEGADO HIST\\u00d3RICO\\u00a0<\\\/h1>\",\"dropcap\":false,\"margin\":\"\",\"position_bottom\":\"0\",\"text_align\":\"center\"}}]}]},{\"type\":\"row\",\"children\":[{\"type\":\"column\",\"props\":{\"image_position\":\"center-center\",\"position_sticky_breakpoint\":\"m\"},\"children\":[{\"name\":\"Panel Content Columns Image Right\",\"type\":\"panel\",\"props\":{\"content\":\"\n\n<p>OXO Museo Videojuego M\\u00e1laga tiene como misi\\u00f3n trabajar en la conservaci\\u00f3n, preservaci\\u00f3n y restauraci\\u00f3n del legado hist\\u00f3rico de los videojuegos.<\\\/p>\\n\n\n<p><span>Desde su concepci\\u00f3n hasta su comercializaci\\u00f3n y puesta a disposici\\u00f3n del consumidor final, el videojuego pasa por diferentes etapas creativas e industriales y comerciales en la que participan decenas de profesionales como artistas, emprendedores, guionistas, creativos, programadores, dise\\u00f1adores o fabricantes.\\u00a0<\\\/span><\\\/p>\\n\n\n<p><span>Nuestra misi\\u00f3n es poner en valor el trabajo de todos estos profesionales y recuperar sus obras para conservarlas y exponer ese legado para las presentes y futuras generaciones de amantes y creadores de videojuegos.\\u00a0\\u00a0<\\\/span><\\\/p>\\n\n\n<p><span>Desde OXO hacemos un llamamiento a particulares y coleccionistas interesados en participar en esta labor de conservaci\\u00f3n y exposici\\u00f3n mediante la donaci\\u00f3n o cesi\\u00f3n de todo tipo de material y artefactos relacionados con el videojuego como hardware, software, ordenadores o consolas para su preservaci\\u00f3n.\\u00a0<\\\/span><\\\/p>\\n\n\n<p><span>Si est\\u00e1s interesado en colaborar, rellena este formulario y nos pondremos en contacto contigo.<\\\/span><\\\/p>\\n\n\n<p>Mediante la donaci\\u00f3n o cesi\\u00f3n de todo tipo de material y artefactos relacionados con el videojuego como hardware, software, ordenadores o consolas para su preservaci\\u00f3n.<\\\/p>\\n\n\n<p><span>Rellena el formulario y nos pondremos en contacto contigo.<\\\/span><\\\/p>\",\"content_align\":true,\"content_column\":\"1-2\",\"content_column_breakpoint\":\"s\",\"content_dropcap\":false,\"content_margin\":\"medium\",\"icon_width\":80,\"image\":\"wp-content\\\/uploads\\\/2023\\\/05\\\/atari-400.jpg\",\"image_align\":\"right\",\"image_box_decoration_inverse\":false,\"image_grid_breakpoint\":\"m\",\"image_grid_width\":\"2-5\",\"image_svg_color\":\"emphasis\",\"image_vertical_align\":true,\"image_width\":\"900\",\"link_margin\":\"medium\",\"link_style\":\"secondary\",\"link_text\":\"Read more\",\"margin\":\"default\",\"meta\":\"Legado Hist\\u00f3rico\",\"meta_align\":\"above-title\",\"meta_color\":\"primary\",\"meta_element\":\"div\",\"meta_margin\":\"medium\",\"meta_style\":\"text-meta\",\"panel_image_no_padding\":true,\"text_align\":\"center\",\"title\":\"\\u00bfCu\\u00e1l es la misi\\u00f3n?\",\"title_align\":\"top\",\"title_element\":\"h3\",\"title_grid_breakpoint\":\"m\",\"title_grid_width\":\"1-2\",\"title_hover_style\":\"reset\",\"title_style\":\"h1\"}},{\"type\":\"text\",\"props\":{\"column_breakpoint\":\"m\",\"content\":\"\n\n<p><span>Gracias por tu apoyo en esta labor.<\\\/span><br \\\/><span>El equipo <strong>OXO Museo Videojuego M\\u00e1laga.<\\\/strong><\\\/span><\\\/p>\",\"margin\":\"\"}},{\"type\":\"button\",\"props\":{\"grid_column_gap\":\"small\",\"grid_row_gap\":\"small\",\"margin\":\"default\"},\"children\":[{\"type\":\"button_item\",\"props\":{\"button_style\":\"default\",\"content\":\"Contactar\",\"icon_align\":\"left\",\"link\":\"\\\/contacto\\\/\"}}]}]}]},{\"type\":\"row\",\"children\":[{\"type\":\"column\",\"props\":{\"image_position\":\"center-center\",\"position_sticky_breakpoint\":\"m\"},\"children\":[{\"type\":\"headline\",\"props\":{\"content\":\"\\u00daLTIMAS DONACIONES\",\"title_element\":\"h1\",\"title_font_family\":\"tertiary\",\"title_style\":\"heading-small\"}},{\"type\":\"list\",\"props\":{\"column_breakpoint\":\"m\",\"content_style\":\"text-bold\",\"image_align\":\"left\",\"image_svg_color\":\"emphasis\",\"image_vertical_align\":true,\"image_width\":\"160\",\"list_element\":\"ul\",\"list_horizontal_separator\":\", \",\"list_style\":\"striped\",\"list_type\":\"vertical\",\"show_image\":true,\"show_link\":true},\"children\":[{\"type\":\"list_item\",\"props\":{\"content\":\"\n\n<p>AMSTRAD 464 - Donado por: L.M.A<\\\/p>\",\"image\":\"wp-content\\\/uploads\\\/2024\\\/09\\\/amstrad.png\"}},{\"type\":\"list_item\",\"props\":{\"content\":\"\n\n<p>RADIOLA TV - Donado por: M.G<\\\/p>\",\"image\":\"wp-content\\\/uploads\\\/2024\\\/09\\\/RADIOLA-tv.png\"}},{\"type\":\"list_item\",\"props\":{\"content\":\"\n\n<p>PANTALLA IBM - Donado por: J.F.ROMERO<\\\/p>\",\"image\":\"wp-content\\\/uploads\\\/2024\\\/09\\\/ibm.png\"}},{\"type\":\"list_item\",\"props\":{\"content\":\"\n\n<p>JUEGOS PLAYSATION - Donado por: INMACULADA<\\\/p>\",\"image\":\"wp-content\\\/uploads\\\/2024\\\/09\\\/playstation.jpg\"}},{\"type\":\"list_item\",\"props\":{\"content\":\"\n\n<p>PLAYSATION 2 - Donado por: INMACULADA<\\\/p>\",\"image\":\"wp-content\\\/uploads\\\/2024\\\/08\\\/Ps2-hardware-two-column-01-ps4-eu-18nov15.webp\"}},{\"type\":\"list_item\",\"props\":{\"content\":\"\n\n<p>PLAYSATION 1 - Donado por: INMACULADA<\\\/p>\",\"image\":\"wp-content\\\/uploads\\\/2024\\\/09\\\/ps1.png\"}}]}]}]}]}],\"version\":\"4.3.0\"} --><\/p>\n","protected":false},"excerpt":{"rendered":"<p>CONSERVACI\u00d3N DEL LEGADO HIST\u00d3RICO\u00a0 \u00bfCu\u00e1l es la misi\u00f3n? Legado Hist\u00f3rico OXO Museo Videojuego M\u00e1laga tiene como misi\u00f3n trabajar en la conservaci\u00f3n, preservaci\u00f3n y restauraci\u00f3n del legado hist\u00f3rico de los videojuegos. Desde su concepci\u00f3n hasta su comercializaci\u00f3n y puesta a disposici\u00f3n del consumidor final, el videojuego pasa por diferentes etapas creativas e industriales y comerciales en [&hellip;]<\/p>\n","protected":false},"author":1,"featured_media":0,"parent":0,"menu_order":0,"comment_status":"closed","ping_status":"closed","template":"","meta":{"footnotes":""},"class_list":["post-9030","page","type-page","status-publish","hentry"],"_links":{"self":[{"href":"https:\/\/oxomuseomalaga.com\/en\/wp-json\/wp\/v2\/pages\/9030","targetHints":{"allow":["GET"]}}],"collection":[{"href":"https:\/\/oxomuseomalaga.com\/en\/wp-json\/wp\/v2\/pages"}],"about":[{"href":"https:\/\/oxomuseomalaga.com\/en\/wp-json\/wp\/v2\/types\/page"}],"author":[{"embeddable":true,"href":"https:\/\/oxomuseomalaga.com\/en\/wp-json\/wp\/v2\/users\/1"}],"replies":[{"embeddable":true,"href":"https:\/\/oxomuseomalaga.com\/en\/wp-json\/wp\/v2\/comments?post=9030"}],"version-history":[{"count":0,"href":"https:\/\/oxomuseomalaga.com\/en\/wp-json\/wp\/v2\/pages\/9030\/revisions"}],"wp:attachment":[{"href":"https:\/\/oxomuseomalaga.com\/en\/wp-json\/wp\/v2\/media?parent=9030"}],"curies":[{"name":"wp","href":"https:\/\/api.w.org\/{rel}","templated":true}]}}