{"id":8996,"date":"2023-05-18T09:31:17","date_gmt":"2023-05-18T09:31:17","guid":{"rendered":"https:\/\/oxomuseo.com\/?page_id=8996"},"modified":"2026-03-05T14:15:37","modified_gmt":"2026-03-05T12:15:37","slug":"entradas","status":"publish","type":"page","link":"https:\/\/oxomuseomalaga.com\/en\/entradas\/","title":{"rendered":"TICKETS"},"content":{"rendered":"<h1>ENTRADAS OXO MUSEO M\u00c1LAGA<\/h1>\n<h1>ENTRADAS OXO MUSEO M\u00c1LAGA<\/h1>\n<div><iframe data-consent-target src=\"https:\/\/venta.enterticket.es\/buy\/?id=51729&#038;theme=dark&#038;color=49a834\" id=\"etktfrm51729\" width=\"100%\" frameBorder=\"0\" allowfullscreen allow=\"fullscreen; payment\"><\/iframe><script type=\"text\/javascript\" src=\"https:\/\/d31tcnbxvxtafg.cloudfront.net\/js\/libraries\/buy.js\"><\/script><\/div>\n<h1>\u00bfTIENES\u00a0<br \/>DUDAS?<\/h1>\n<ul>\n<li>\n<h3>\u00bfPuedo pagar en efectivo?<\/h3>\n<div>\n<p><span style=\"font-weight: 400;\">S\u00ed, puedes pagar con efectivo directamente en la taquilla de OXO.<\/span><\/p>\n<\/div>\n<\/li>\n<li>\n<h3>\u00bfQu\u00e9 duraci\u00f3n tiene la visita?<\/h3>\n<div>\n<p><span style=\"font-weight: 400;\">Con tu entrada tendr\u00e1s acceso a todo el museo durante 2 horas.<\/span><\/p>\n<\/div>\n<\/li>\n<li>\n<h3>\u00bfExisten tarifas reducidas?<\/h3>\n<div>\n<p><span style=\"font-weight: 400;\">S\u00ed. Tenemos descuentos para ni\u00f1os menores de 13 a\u00f1os, entrada senior para mayores de 65 a\u00f1os y precio reducido para personas con discapacidad (obligatorio justificar en el acceso). Tambi\u00e9n disponemos de un Pack Familiar v\u00e1lido para 4 personas (2 adultos y 2 ni\u00f1os menores de 13 a\u00f1os).<\/span><\/p>\n<\/div>\n<\/li>\n<li>\n<h3>\u00bfLos ni\u00f1os tienen la entrada gratis en el museo?<\/h3>\n<div>\n<p><span style=\"font-weight: 400;\">Los ni\u00f1os menores de 5 a\u00f1os no pagan entrada.<\/span><\/p>\n<\/div>\n<\/li>\n<\/ul>\n<h1>CENTRO DE ATENCI\u00d3N AL VISITANTE<\/h1>\n<div>\n<p style=\"text-align: center;\">P\u00f3ngase en contacto con nosotros si necesita asistencia o para aclarar cualquier duda que quiera plantearnos.<\/p>\n<\/div>\n<div>\n<p><strong>LLAMAR:<\/strong><\/p>\n<p><a href=\"tel:+34951281897\">+34 951 281 897<\/a><\/p>\n<\/p>\n<\/div>\n<div>\n<p><strong>ENVIAR E-MAIL:<\/strong><\/p>\n<p><a href=\"mailto:malaga@oxomuseo.com\" target=\"_blank\" rel=\"noopener\">malaga@oxomuseo.com<\/a><\/p>\n<\/p>\n<\/div>\n<div>\n<p><strong>LLAMAR:<\/strong><\/p>\n<p><a href=\"tel:+34951281897\">+34 951 281 897<\/a><\/p>\n<\/p>\n<\/div>\n<div>\n<p><strong>ENVIAR E-MAIL:<\/strong><\/p>\n<p><a href=\"mailto:malaga@oxomuseo.com\" target=\"_blank\" rel=\"noopener\">malaga@oxomuseo.com<\/a><\/p>\n<\/p>\n<\/div>\n<p><!--more--><br \/>\n<!-- {\"type\":\"layout\",\"children\":[{\"type\":\"section\",\"props\":{\"css\":\".el-section{\\n    background-color: #000;\\n}\\n\",\"header_transparent\":false,\"image_position\":\"center-center\",\"overlap\":false,\"padding\":\"small\",\"preserve_color\":false,\"style\":\"muted\",\"title_breakpoint\":\"xl\",\"title_position\":\"top-left\",\"title_rotation\":\"left\",\"vertical_align\":\"\",\"width\":\"large\"},\"children\":[{\"type\":\"row\",\"children\":[{\"type\":\"column\",\"props\":{\"image_position\":\"center-center\",\"position_sticky_breakpoint\":\"m\"},\"children\":[{\"type\":\"headline\",\"props\":{\"content\":\"ENTRADAS OXO MUSEO M\\u00c1LAGA\",\"css\":\".el-element{\\n    font-family: 'Acumin Pro';\\n    font-weight: 900;\\n    font-style: normal;\\n    font-size: 68px;\\n    line-height: 0.9;\\n}\",\"margin\":\"default\",\"text_align\":\"center\",\"title_decoration\":\"divider\",\"title_element\":\"h1\",\"visibility\":\"l\"}},{\"type\":\"headline\",\"props\":{\"content\":\"ENTRADAS OXO MUSEO M\\u00c1LAGA\",\"css\":\".el-element{\\n    font-family: 'Acumin Pro';\\n    font-weight: 900;\\n    font-style: normal;\\n    font-size: 45px;\\n    line-height: 0.8;\\n    text-align: justify;\\n}\",\"margin\":\"default\",\"margin_remove_top\":true,\"text_align\":\"center\",\"title_element\":\"h1\",\"visibility\":\"hidden-l\"}},{\"type\":\"text\",\"props\":{\"column_breakpoint\":\"m\",\"content\":\"<iframe data-consent-target src=\\\"https:\\\/\\\/venta.enterticket.es\\\/buy\\\/?id=51729&theme=dark&color=49a834\\\" id=\\\"etktfrm51729\\\" width=\\\"100%\\\" frameBorder=\\\"0\\\" allowfullscreen allow=\\\"fullscreen; payment\\\"><\\\/iframe><script type=\\\"text\\\/javascript\\\" src=\\\"https:\\\/\\\/d31tcnbxvxtafg.cloudfront.net\\\/js\\\/libraries\\\/buy.js\\\"><\\\/script>\",\"margin\":\"default\"}}]}]}]},{\"type\":\"section\",\"props\":{\"image_position\":\"center-center\",\"style\":\"default\",\"title_breakpoint\":\"xl\",\"title_position\":\"top-left\",\"title_rotation\":\"left\",\"vertical_align\":\"middle\",\"width\":\"default\"},\"children\":[{\"type\":\"row\",\"props\":{\"column_gap\":\"small\",\"layout\":\"1-3,2-3\",\"margin\":\"medium\"},\"children\":[{\"type\":\"column\",\"props\":{\"image_position\":\"center-center\",\"position_sticky_breakpoint\":\"m\",\"vertical_align\":\"middle\",\"width_medium\":\"1-3\"},\"children\":[{\"type\":\"headline\",\"props\":{\"content\":\"\\u00bfTIENES\\u00a0<br \\\/>DUDAS?\",\"css\":\".el-element{\\n    font-family: 'Acumin Pro';\\n    font-weight: 900;\\n    font-style: normal;\\n    font-size: 50px;\\n    line-height: 0.9;\\n}\",\"text_align\":\"center\",\"title_element\":\"h1\"}}]},{\"type\":\"column\",\"props\":{\"image_position\":\"center-center\",\"position_sticky_breakpoint\":\"m\",\"width_medium\":\"2-3\"},\"children\":[{\"type\":\"accordion\",\"props\":{\"collapsible\":true,\"content_column_breakpoint\":\"m\",\"css\":\".el-title{\\n    padding-bottom:8px;\\n    padding-top: 8px;\\n    padding-left:15px;\\n    border-radius:8px;\\n    color: #fff;\\n    font-size:20px;\\n    }\\n.el-content{\\n    color: #fff;\\n    font-size:20px;\\n    padding-left:25px;\\n    padding-right:25px;\\n}\",\"image_align\":\"top\",\"image_grid_breakpoint\":\"m\",\"image_grid_width\":\"1-2\",\"image_svg_color\":\"emphasis\",\"link_style\":\"default\",\"link_text\":\"Read more\",\"show_image\":true,\"show_link\":true},\"children\":[{\"type\":\"accordion_item\",\"props\":{\"content\":\"\n\n<p><span style=\\\"font-weight: 400;\\\">S\\u00ed, puedes pagar con efectivo directamente en la taquilla de OXO.<\\\/span><\\\/p>\",\"title\":\"\\u00bfPuedo pagar en efectivo?\"}},{\"type\":\"accordion_item\",\"props\":{\"content\":\"\n\n<p><span style=\\\"font-weight: 400;\\\">Con tu entrada tendr\\u00e1s acceso a todo el museo durante 2 horas.<\\\/span><\\\/p>\",\"title\":\"\\u00bfQu\\u00e9 duraci\\u00f3n tiene la visita?\"}},{\"type\":\"accordion_item\",\"props\":{\"content\":\"\n\n<p><span style=\\\"font-weight: 400;\\\">S\\u00ed. Tenemos descuentos para ni\\u00f1os menores de 13 a\\u00f1os, entrada senior para mayores de 65 a\\u00f1os y precio reducido para personas con discapacidad (obligatorio justificar en el acceso). Tambi\\u00e9n disponemos de un Pack Familiar v\\u00e1lido para 4 personas (2 adultos y 2 ni\\u00f1os menores de 13 a\\u00f1os).<\\\/span><\\\/p>\",\"title\":\"\\u00bfExisten tarifas reducidas?\"}},{\"type\":\"accordion_item\",\"props\":{\"content\":\"\n\n<p><span style=\\\"font-weight: 400;\\\">Los ni\\u00f1os menores de 5 a\\u00f1os no pagan entrada.<\\\/span><\\\/p>\",\"title\":\"\\u00bfLos ni\\u00f1os tienen la entrada gratis en el museo?\"}}]}]}]}]},{\"type\":\"section\",\"props\":{\"css\":\".el-section{\\n    background-color: #2EF506;\\n}\\n\",\"image_position\":\"center-center\",\"padding\":\"small\",\"style\":\"default\",\"title_breakpoint\":\"xl\",\"title_position\":\"top-left\",\"title_rotation\":\"left\",\"vertical_align\":\"\",\"width\":\"default\"},\"children\":[{\"type\":\"row\",\"children\":[{\"type\":\"column\",\"props\":{\"image_position\":\"center-center\",\"position_sticky_breakpoint\":\"m\"},\"children\":[{\"type\":\"headline\",\"props\":{\"content\":\"CENTRO DE ATENCI\\u00d3N AL VISITANTE\",\"css\":\".el-element{\\n    font-family: 'Acumin Pro';\\n    font-weight: 900;\\n    font-style: normal;\\n    font-size: 30px;\\n    line-height: 0.9;\\n    color: #000;\\n}\",\"margin_remove_bottom\":true,\"text_align\":\"center\",\"title_element\":\"h1\"}},{\"type\":\"text\",\"props\":{\"column_breakpoint\":\"m\",\"content\":\"\n\n<p style=\\\"text-align: center;\\\">P\\u00f3ngase en contacto con nosotros si necesita asistencia o para aclarar cualquier duda que quiera plantearnos.<\\\/p>\",\"css\":\".el-element{\\n    color: #000;\\n}\\n\",\"margin\":\"small\",\"margin_remove_top\":false,\"text_align\":\"justify\"}}]}],\"props\":{\"margin\":\"default\",\"margin_remove_top\":false}},{\"type\":\"row\",\"props\":{\"layout\":\"1-2,1-2\",\"margin\":\"medium\"},\"children\":[{\"type\":\"column\",\"props\":{\"image_position\":\"center-center\",\"position_sticky_breakpoint\":\"m\",\"width_medium\":\"1-2\"},\"children\":[{\"type\":\"text\",\"props\":{\"block_align\":\"right\",\"column_breakpoint\":\"m\",\"content\":\"\n\n<p><\\\/p>\\n\n\n<p><strong>LLAMAR:<\\\/strong><\\\/p>\\n\n\n<p><a href=\\\"tel:+34951281897\\\">+34 951 281 897<\\\/a><\\\/p>\\n\n\n<p><\\\/p>\",\"css\":\".el-element{\\n    color: #fff;\\n    line-height:0.5;\\n    background-color:#000;\\n    border-radius:5px;\\n}\\n\\n    \",\"margin\":\"medium\",\"maxwidth\":\"medium\",\"text_align\":\"center\",\"visibility\":\"l\"}}]},{\"type\":\"column\",\"props\":{\"image_position\":\"center-center\",\"position_sticky_breakpoint\":\"m\",\"width_medium\":\"1-2\"},\"children\":[{\"type\":\"text\",\"props\":{\"column_breakpoint\":\"m\",\"content\":\"\n\n<p><\\\/p>\\n\n\n<p><strong>ENVIAR E-MAIL:<\\\/strong><\\\/p>\\n\n\n<p><a href=\\\"mailto:malaga@oxomuseo.com\\\" target=\\\"_blank\\\" rel=\\\"noopener\\\">malaga@oxomuseo.com<\\\/a><\\\/p>\\n\n\n<p><\\\/p>\",\"css\":\".el-element{\\n    color: #fff;\\n    line-height:0.5;\\n    background-color:#000;\\n    border-radius:5px;\\n}\\n    \",\"margin\":\"medium\",\"maxwidth\":\"medium\",\"text_align\":\"center\",\"visibility\":\"l\"}}]}]},{\"type\":\"row\",\"props\":{\"column_gap\":\"small\",\"layout\":\"1-2,1-2\",\"margin\":\"medium\"},\"children\":[{\"type\":\"column\",\"props\":{\"image_position\":\"center-center\",\"position_sticky_breakpoint\":\"m\",\"width_default\":\"1-2\",\"width_medium\":\"1-2\"},\"children\":[{\"type\":\"text\",\"props\":{\"block_align\":\"right\",\"column_breakpoint\":\"m\",\"content\":\"\n\n<p><\\\/p>\\n\n\n<p><strong>LLAMAR:<\\\/strong><\\\/p>\\n\n\n<p><a href=\\\"tel:+34951281897\\\">+34 951 281 897<\\\/a><\\\/p>\\n\n\n<p><\\\/p>\",\"css\":\".el-element{\\n    color: #fff;\\n    line-height:0.5;\\n    background-color:#000;\\n    border-radius:5px;\\n}\\n\\n    \",\"margin\":\"medium\",\"maxwidth\":\"medium\",\"text_align\":\"center\",\"visibility\":\"hidden-l\"}}]},{\"type\":\"column\",\"props\":{\"image_position\":\"center-center\",\"position_sticky_breakpoint\":\"m\",\"width_default\":\"1-2\",\"width_medium\":\"1-2\"},\"children\":[{\"type\":\"text\",\"props\":{\"column_breakpoint\":\"m\",\"content\":\"\n\n<p><\\\/p>\\n\n\n<p><strong>ENVIAR E-MAIL:<\\\/strong><\\\/p>\\n\n\n<p><a href=\\\"mailto:malaga@oxomuseo.com\\\" target=\\\"_blank\\\" rel=\\\"noopener\\\">malaga@oxomuseo.com<\\\/a><\\\/p>\\n\n\n<p><\\\/p>\",\"css\":\".el-element{\\n    color: #fff;\\n    line-height:0.5;\\n    background-color:#000;\\n    border-radius:5px;\\n}\\n    \",\"margin\":\"medium\",\"maxwidth\":\"medium\",\"text_align\":\"center\",\"visibility\":\"hidden-l\"}}]}]}],\"name\":\"aiuda\"},{\"type\":\"section\",\"props\":{\"image_position\":\"center-center\",\"style\":\"default\",\"title_breakpoint\":\"xl\",\"title_position\":\"top-left\",\"title_rotation\":\"left\",\"vertical_align\":\"middle\",\"width\":\"default\"},\"children\":[{\"type\":\"row\",\"children\":[{\"type\":\"column\",\"props\":{\"image_position\":\"center-center\",\"position_sticky_breakpoint\":\"m\"}}]}]}],\"version\":\"4.5.32\"} --><\/p>\n","protected":false},"excerpt":{"rendered":"<p>ENTRADAS OXO MUSEO M\u00c1LAGA ENTRADAS OXO MUSEO M\u00c1LAGA \u00bfTIENES\u00a0DUDAS? \u00bfPuedo pagar en efectivo? S\u00ed, puedes pagar con efectivo directamente en la taquilla de OXO. \u00bfQu\u00e9 duraci\u00f3n tiene la visita? Con tu entrada tendr\u00e1s acceso a todo el museo durante 2 horas. \u00bfExisten tarifas reducidas? S\u00ed. Tenemos descuentos para ni\u00f1os menores de 13 a\u00f1os, entrada senior [&hellip;]<\/p>\n","protected":false},"author":1,"featured_media":16198,"parent":0,"menu_order":0,"comment_status":"closed","ping_status":"closed","template":"","meta":{"footnotes":""},"class_list":["post-8996","page","type-page","status-publish","has-post-thumbnail","hentry"],"_links":{"self":[{"href":"https:\/\/oxomuseomalaga.com\/en\/wp-json\/wp\/v2\/pages\/8996","targetHints":{"allow":["GET"]}}],"collection":[{"href":"https:\/\/oxomuseomalaga.com\/en\/wp-json\/wp\/v2\/pages"}],"about":[{"href":"https:\/\/oxomuseomalaga.com\/en\/wp-json\/wp\/v2\/types\/page"}],"author":[{"embeddable":true,"href":"https:\/\/oxomuseomalaga.com\/en\/wp-json\/wp\/v2\/users\/1"}],"replies":[{"embeddable":true,"href":"https:\/\/oxomuseomalaga.com\/en\/wp-json\/wp\/v2\/comments?post=8996"}],"version-history":[{"count":1,"href":"https:\/\/oxomuseomalaga.com\/en\/wp-json\/wp\/v2\/pages\/8996\/revisions"}],"predecessor-version":[{"id":18797,"href":"https:\/\/oxomuseomalaga.com\/en\/wp-json\/wp\/v2\/pages\/8996\/revisions\/18797"}],"wp:featuredmedia":[{"embeddable":true,"href":"https:\/\/oxomuseomalaga.com\/en\/wp-json\/wp\/v2\/media\/16198"}],"wp:attachment":[{"href":"https:\/\/oxomuseomalaga.com\/en\/wp-json\/wp\/v2\/media?parent=8996"}],"curies":[{"name":"wp","href":"https:\/\/api.w.org\/{rel}","templated":true}]}}