{"id":18320,"date":"2025-11-11T14:55:08","date_gmt":"2025-11-11T12:55:08","guid":{"rendered":"https:\/\/oxomuseomalaga.com\/?page_id=18320"},"modified":"2026-03-31T11:00:07","modified_gmt":"2026-03-31T09:00:07","slug":"exposicion-temporal-playstation","status":"publish","type":"page","link":"https:\/\/oxomuseomalaga.com\/en\/exposicion-temporal-playstation\/","title":{"rendered":"TEMPORARY EXHIBITION - 30 YEARS OF PLAYSTATION"},"content":{"rendered":"<div>\n<p>EXPOSICI\u00d3N TEMPORAL &#8211; 30 A\u00d1OS DE PLAYSTATION &#8211; HASTA EL 19 DE ABRIL 2026<\/p>\n<\/div>\n<h1>PARA NOSOTROS JUGADORES<\/h1>\n<div>\n<p>Figuras de coleccionista<\/p>\n<\/div>\n<div>\n<p>Juegos del pasado<\/p>\n<\/div>\n<div>\n<p>Simuladores<\/p>\n<\/div>\n<div>\n<p>Photocalls<\/p>\n<\/div>\n<div>\n<p>EXPOSICI\u00d3N TEMPORAL &#8211; 30 A\u00d1OS DE PLAYSTATION<\/p>\n<\/div>\n<h1>PARA NOSOTROS JUGADORES<\/h1>\n<h1>UNA HISTORIA QUE MARC\u00d3 GENERACIONES<\/h1>\n<div>\n<p data-start=\"256\" data-end=\"619\">Desde la primera <strong data-start=\"273\" data-end=\"296\">PlayStation de 1994<\/strong> hasta la innovadora <strong data-start=\"317\" data-end=\"334\">PlayStation 5<\/strong>, revivimos tres d\u00e9cadas que transformaron el mundo del videojuego. En OXO Museo del Videojuego M\u00e1laga te invitamos a descubrir <strong data-start=\"462\" data-end=\"516\">\u201cPara nosotros, jugadores. 30 a\u00f1os de PlayStation\u201d<\/strong>, una exposici\u00f3n que celebra la evoluci\u00f3n de una consola m\u00edtica y su impacto en millones de personas.<\/p>\n<p data-start=\"621\" data-end=\"873\">Explora una <strong data-start=\"633\" data-end=\"652\">colecci\u00f3n \u00fanica<\/strong> con consolas, juegos, accesorios y objetos de culto que marcaron cada generaci\u00f3n. Redescubre t\u00edtulos legendarios, conoce piezas raras y sum\u00e9rgete en la historia de una marca que convirti\u00f3 el entretenimiento en cultura.<\/p>\n<p data-start=\"875\" data-end=\"1014\">Adem\u00e1s, podr\u00e1s <strong data-start=\"890\" data-end=\"927\">jugar, experimentar y emocionarte<\/strong> en un recorrido que une <strong data-start=\"952\" data-end=\"1011\">nostalgia, innovaci\u00f3n y diversi\u00f3n para todas las edades<\/strong>.<\/p>\n<p data-start=\"1016\" data-end=\"1159\">Te esperamos en la <strong data-start=\"1038\" data-end=\"1091\">segunda planta de OXO Museo del Videojuego M\u00e1laga<\/strong> para celebrar juntos tres d\u00e9cadas de pasi\u00f3n, creatividad y juego.<\/p>\n<\/div>\n<p><p>\n        <a href=\"#entradas\">Comprar entradas exposici\u00f3n<\/a>\n    <\/p>\n<\/p>\n<p><img decoding=\"async\" src=\"\/wp-content\/uploads\/2025\/11\/ps-vita.jpg\" alt=\"\"><\/p>\n<h1>VIDEO TEASER EXPOSICI\u00d3N<\/h1>\n<p><video src=\"https:\/\/player.vimeo.com\/progressive_redirect\/playback\/1178756559\/rendition\/720p\/file.mp4%20%28720p%29.mp4?loc=external&#038;signature=46806b72ea1cf2af7335fb145a9b8fdad57b1ffe0bc56a14625e483f8ce6c5b6\" poster=\"\"><\/video><\/p>\n<h2>\u00a1DIVI\u00c9RTETE EN OXO MUSEO M\u00c1LAGA!<\/h2>\n<ul>\n<li>\n<p>        <img decoding=\"async\" src=\"\/wp-content\/uploads\/2025\/11\/Photocall.jpg\" alt=\"\"><\/p>\n<h3>DIVI\u00c9RTETE<\/h3>\n<p><a href=\"#\"><\/a><\/p>\n<\/li>\n<li>\n<p>        <img decoding=\"async\" src=\"\/wp-content\/uploads\/2025\/11\/Descubre.jpg\" alt=\"\"><\/p>\n<h3>DESCUBRE<\/h3>\n<p><a href=\"#\"><\/a><\/p>\n<\/li>\n<li>\n<p>        <img decoding=\"async\" src=\"\/wp-content\/uploads\/2025\/11\/Juega.jpg\" alt=\"\"><\/p>\n<h3>JUEGA<\/h3>\n<p><a href=\"#\"><\/a><\/p>\n<\/li>\n<li>\n<p>        <img decoding=\"async\" src=\"\/wp-content\/uploads\/2025\/11\/oxo-malaga.jpg\" alt=\"\"><\/p>\n<h3>APRENDE<\/h3>\n<p><a href=\"#\"><\/a><\/p>\n<\/li>\n<\/ul>\n<div>\n<p>    <iframe data-consent-target src=\"https:\/\/venta.enterticket.es\/buy\/?id=51729&#038;theme=dark&#038;color=13e820\" id=\"etktfrm51729\" width=\"100%\" frameBorder=\"0\" allowfullscreen allow=\"fullscreen; payment\"><\/iframe><script type=\"text\/javascript\" src=\"https:\/\/d31tcnbxvxtafg.cloudfront.net\/js\/libraries\/buy.js\"><\/script>\n<\/div>\n<div>\n<p>Patrocinador Oficial Exposici\u00f3n<\/p>\n<\/div>\n<p><a href=\"http:\/\/www.visitacostadelsol.com\/\" rel=\"nofollow noopener\" target=\"_blank\"><img decoding=\"async\" src=\"\/wp-content\/uploads\/2025\/03\/costadelsolmalaga_ho.png\" alt=\"\"><\/a><\/p>\n<p><!--more--><br \/>\n<!-- {\"type\":\"layout\",\"children\":[{\"type\":\"section\",\"props\":{\"css\":\".el-section {\\n    position: relative;\\n    overflow: hidden; \\\/* Asegura que el pseudo-elemento no sobresalga *\\\/\\n}\\n\\n.el-section::after {\\n    content: \\\"\\\";\\n    position: absolute;\\n    bottom: 0;\\n    left: 0;\\n    width: 100%;\\n    height: 10%; \\\/* Ajusta seg\\u00fan la cantidad de difuminado deseada *\\\/\\n    background: linear-gradient(to top, rgba(0, 0, 0, 1), rgba(0, 0, 0, 0));\\n    pointer-events: none; \\\/* Asegura que no interfiera con el contenido *\\\/\\n}\\n\",\"header_transparent\":false,\"header_transparent_noplaceholder\":true,\"height\":\"viewport\",\"height_viewport\":90,\"image\":\"\\\/wp-content\\\/uploads\\\/2025\\\/11\\\/Exposicion-play-malaga.jpg\",\"image_position\":\"center-center\",\"media_overlay\":\"rgba(0, 0, 0, 0.28)\",\"style\":\"default\",\"title_breakpoint\":\"xl\",\"title_position\":\"top-left\",\"title_rotation\":\"left\",\"vertical_align\":\"bottom\",\"width\":\"large\"},\"children\":[{\"type\":\"row\",\"children\":[{\"type\":\"column\",\"props\":{\"image_position\":\"center-center\",\"position_sticky_breakpoint\":\"m\"},\"children\":[{\"type\":\"text\",\"props\":{\"column_breakpoint\":\"m\",\"content\":\"\n\n<p>EXPOSICI\\u00d3N TEMPORAL - 30 A\\u00d1OS DE PLAYSTATION - HASTA EL 19 DE ABRIL 2026<\\\/p>\",\"css\":\".el-element{\\n    font-weight:600;\\n}\",\"margin\":\"small\",\"margin_remove_bottom\":true,\"visibility\":\"l\"}},{\"type\":\"headline\",\"props\":{\"content\":\"PARA NOSOTROS JUGADORES\",\"css\":\".el-element{\\n    font-family: 'ACUMIN PRO';\\n    line-height:1;\\n}\",\"margin\":\"small\",\"margin_remove_top\":true,\"title_element\":\"h1\",\"title_style\":\"heading-large\",\"visibility\":\"l\"}},{\"type\":\"fragment\",\"props\":{\"css\":\".el-element{\\n    margin-left:-22px;\\n}\",\"margin\":\"default\",\"visibility\":\"l\"},\"children\":[{\"type\":\"row\",\"props\":{\"column_gap\":\"collapse\",\"layout\":\"1-6,1-6,1-6,1-6,1-6,1-6|1-3,1-3,1-3,1-3,1-3,1-3\"},\"children\":[{\"type\":\"column\",\"props\":{\"image_position\":\"center-center\",\"position_sticky_breakpoint\":\"m\",\"width_medium\":\"1-6\",\"width_small\":\"1-3\"},\"children\":[{\"type\":\"text\",\"props\":{\"column_breakpoint\":\"m\",\"content\":\"\n\n<p>Figuras de coleccionista<\\\/p>\",\"css\":\".el-element{\\n    border:1px solid #fff;\\n    padding:2px;\\n    border-radius:25px;\\n    margin-left:25px;\\n    color:#fff;\\n}\",\"margin\":\"default\",\"text_align\":\"center\"}}]},{\"type\":\"column\",\"props\":{\"image_position\":\"center-center\",\"position_sticky_breakpoint\":\"m\",\"width_medium\":\"1-6\",\"width_small\":\"1-3\"},\"children\":[{\"type\":\"text\",\"props\":{\"column_breakpoint\":\"m\",\"content\":\"\n\n<p>Juegos del pasado<\\\/p>\",\"css\":\".el-element{\\n    border:1px solid #fff;\\n    padding:2px;\\n    border-radius:25px;\\n    margin-left:25px;\\n    color:#fff;\\n}\",\"margin\":\"default\",\"text_align\":\"center\"}}]},{\"type\":\"column\",\"props\":{\"image_position\":\"center-center\",\"position_sticky_breakpoint\":\"m\",\"width_medium\":\"1-6\",\"width_small\":\"1-3\"},\"children\":[{\"type\":\"text\",\"props\":{\"column_breakpoint\":\"m\",\"content\":\"\n\n<p>Simuladores<\\\/p>\",\"css\":\".el-element{\\n    border:1px solid #fff;\\n    padding:2px;\\n    border-radius:25px;\\n    margin-left:25px;\\n    color:#fff;\\n}\",\"margin\":\"default\",\"text_align\":\"center\"}}]},{\"type\":\"column\",\"props\":{\"image_position\":\"center-center\",\"position_sticky_breakpoint\":\"m\",\"width_medium\":\"1-6\",\"width_small\":\"1-3\"},\"children\":[{\"type\":\"text\",\"props\":{\"column_breakpoint\":\"m\",\"content\":\"\n\n<p>Photocalls<\\\/p>\",\"css\":\".el-element{\\n    border:1px solid #fff;\\n    padding:2px;\\n    border-radius:25px;\\n    margin-left:25px;\\n    color:#fff;\\n}\",\"margin\":\"default\",\"text_align\":\"center\"}}]},{\"type\":\"column\",\"props\":{\"image_position\":\"center-center\",\"position_sticky_breakpoint\":\"m\",\"width_medium\":\"1-6\",\"width_small\":\"1-3\"}},{\"type\":\"column\",\"props\":{\"image_position\":\"center-center\",\"position_sticky_breakpoint\":\"m\",\"width_medium\":\"1-6\",\"width_small\":\"1-3\"}}]}]}]}]}]},{\"type\":\"section\",\"props\":{\"css\":\".el-section {\\n    position: relative;\\n    overflow: hidden; \\\/* Asegura que el pseudo-elemento no sobresalga *\\\/\\n}\\n\\n.el-section::after {\\n    content: \\\"\\\";\\n    position: absolute;\\n    bottom: 0;\\n    left: 0;\\n    width: 100%;\\n    height: 10%; \\\/* Ajusta seg\\u00fan la cantidad de difuminado deseada *\\\/\\n    background: linear-gradient(to top, rgba(0, 0, 0, 1), rgba(0, 0, 0, 0));\\n    pointer-events: none; \\\/* Asegura que no interfiera con el contenido *\\\/\\n}\\n\",\"header_transparent\":false,\"header_transparent_noplaceholder\":true,\"height\":\"viewport\",\"height_viewport\":90,\"image\":\"\\\/wp-content\\\/uploads\\\/2025\\\/11\\\/PS.jpg\",\"image_position\":\"center-center\",\"image_size\":\"cover\",\"media_overlay\":\"rgba(0, 0, 0, 0.26)\",\"style\":\"default\",\"title_breakpoint\":\"xl\",\"title_position\":\"top-left\",\"title_rotation\":\"left\",\"vertical_align\":\"bottom\",\"width\":\"large\"},\"children\":[{\"type\":\"row\",\"children\":[{\"type\":\"column\",\"props\":{\"image_position\":\"center-center\",\"position_sticky_breakpoint\":\"m\"},\"children\":[{\"type\":\"text\",\"props\":{\"column_breakpoint\":\"m\",\"content\":\"\n\n<p>EXPOSICI\\u00d3N TEMPORAL - 30 A\\u00d1OS DE PLAYSTATION<\\\/p>\",\"css\":\".el-element{\\n    font-weight:600;\\n    font-size:10px;\\n}\",\"margin\":\"small\",\"margin_remove_bottom\":true,\"text_style\":\"meta\",\"visibility\":\"hidden-l\"}},{\"type\":\"headline\",\"props\":{\"content\":\"PARA NOSOTROS JUGADORES\",\"css\":\".el-element{\\n    font-family: 'ACUMIN PRO';\\n    line-height:1;\\n}\",\"margin\":\"small\",\"margin_remove_top\":true,\"title_element\":\"h1\",\"title_style\":\"heading-medium\",\"visibility\":\"hidden-l\"}}]}]}]},{\"type\":\"section\",\"props\":{\"height\":\"viewport\",\"image\":\"\\\/wp-content\\\/uploads\\\/2025\\\/11\\\/Fondo-astrobo-web.png\",\"image_position\":\"center-center\",\"style\":\"default\",\"title_breakpoint\":\"xl\",\"title_position\":\"top-left\",\"title_rotation\":\"left\",\"vertical_align\":\"middle\",\"width\":\"default\"},\"children\":[{\"type\":\"row\",\"children\":[{\"type\":\"column\",\"props\":{\"image_position\":\"center-center\",\"position_sticky_breakpoint\":\"m\",\"vertical_align\":\"middle\",\"width_medium\":\"1-2\"},\"children\":[{\"type\":\"headline\",\"props\":{\"content\":\"UNA HISTORIA QUE MARC\\u00d3 GENERACIONES\",\"css\":\".el-element{\\n    font-family: 'ACUMIN PRO';\\n}\",\"title_element\":\"h1\"}},{\"type\":\"text\",\"props\":{\"column_breakpoint\":\"m\",\"content\":\"\n\n<p data-start=\\\"256\\\" data-end=\\\"619\\\">Desde la primera <strong data-start=\\\"273\\\" data-end=\\\"296\\\">PlayStation de 1994<\\\/strong> hasta la innovadora <strong data-start=\\\"317\\\" data-end=\\\"334\\\">PlayStation 5<\\\/strong>, revivimos tres d\\u00e9cadas que transformaron el mundo del videojuego. En OXO Museo del Videojuego M\\u00e1laga te invitamos a descubrir <strong data-start=\\\"462\\\" data-end=\\\"516\\\">\\u201cPara nosotros, jugadores. 30 a\\u00f1os de PlayStation\\u201d<\\\/strong>, una exposici\\u00f3n que celebra la evoluci\\u00f3n de una consola m\\u00edtica y su impacto en millones de personas.<\\\/p>\\n\n\n<p data-start=\\\"621\\\" data-end=\\\"873\\\">Explora una <strong data-start=\\\"633\\\" data-end=\\\"652\\\">colecci\\u00f3n \\u00fanica<\\\/strong> con consolas, juegos, accesorios y objetos de culto que marcaron cada generaci\\u00f3n. Redescubre t\\u00edtulos legendarios, conoce piezas raras y sum\\u00e9rgete en la historia de una marca que convirti\\u00f3 el entretenimiento en cultura.<\\\/p>\\n\n\n<p data-start=\\\"875\\\" data-end=\\\"1014\\\">Adem\\u00e1s, podr\\u00e1s <strong data-start=\\\"890\\\" data-end=\\\"927\\\">jugar, experimentar y emocionarte<\\\/strong> en un recorrido que une <strong data-start=\\\"952\\\" data-end=\\\"1011\\\">nostalgia, innovaci\\u00f3n y diversi\\u00f3n para todas las edades<\\\/strong>.<\\\/p>\\n\n\n<p data-start=\\\"1016\\\" data-end=\\\"1159\\\">Te esperamos en la <strong data-start=\\\"1038\\\" data-end=\\\"1091\\\">segunda planta de OXO Museo del Videojuego M\\u00e1laga<\\\/strong> para celebrar juntos tres d\\u00e9cadas de pasi\\u00f3n, creatividad y juego.<\\\/p>\",\"margin\":\"default\",\"text_align\":\"justify\"}},{\"type\":\"button\",\"props\":{\"button_size\":\"small\",\"grid_column_gap\":\"collapse\",\"grid_row_gap\":\"small\",\"margin\":\"medium\",\"text_align\":\"center\"},\"children\":[{\"type\":\"button_item\",\"props\":{\"button_style\":\"secondary\",\"content\":\"Comprar entradas exposici\\u00f3n\",\"dialog_layout\":\"modal\",\"dialog_offcanvas_flip\":true,\"icon_align\":\"left\",\"link\":\"#entradas\"}}]}]},{\"type\":\"column\",\"props\":{\"image_position\":\"center-center\",\"position_sticky_breakpoint\":\"m\",\"width_medium\":\"1-2\"},\"children\":[{\"type\":\"image\",\"props\":{\"image\":\"\\\/wp-content\\\/uploads\\\/2025\\\/11\\\/ps-vita.jpg\",\"image_svg_color\":\"emphasis\",\"margin\":\"default\"}}]}],\"props\":{\"layout\":\"1-2,1-2\"}}]},{\"type\":\"section\",\"props\":{\"image_position\":\"center-center\",\"style\":\"default\",\"title_breakpoint\":\"xl\",\"title_position\":\"top-left\",\"title_rotation\":\"left\",\"vertical_align\":\"middle\",\"width\":\"default\"},\"children\":[{\"type\":\"row\",\"children\":[{\"type\":\"column\",\"props\":{\"image_position\":\"center-center\",\"position_sticky_breakpoint\":\"m\"},\"children\":[{\"type\":\"headline\",\"props\":{\"content\":\"VIDEO TEASER EXPOSICI\\u00d3N\",\"css\":\".el-element{\\n    font-family: 'ACUMIN PRO';\\n}\",\"margin\":\"default\",\"text_align\":\"center\",\"title_element\":\"h1\"}},{\"type\":\"video\",\"props\":{\"margin\":\"default\",\"text_align\":\"center\",\"video\":\"https:\\\/\\\/player.vimeo.com\\\/progressive_redirect\\\/playback\\\/1178756559\\\/rendition\\\/720p\\\/file.mp4%20%28720p%29.mp4?loc=external&signature=46806b72ea1cf2af7335fb145a9b8fdad57b1ffe0bc56a14625e483f8ce6c5b6\",\"video_controls\":true,\"video_width\":800}}]}]}]},{\"type\":\"section\",\"props\":{\"image_position\":\"center-center\",\"style\":\"default\",\"title_breakpoint\":\"xl\",\"title_position\":\"top-left\",\"title_rotation\":\"left\",\"vertical_align\":\"middle\",\"width\":\"default\"},\"children\":[{\"type\":\"row\",\"children\":[{\"type\":\"column\",\"props\":{\"image_position\":\"center-center\",\"position_sticky_breakpoint\":\"m\"},\"children\":[{\"type\":\"headline\",\"props\":{\"content\":\"\\u00a1DIVI\\u00c9RTETE EN OXO MUSEO M\\u00c1LAGA!\",\"css\":\".el-element{\\n    font-family: 'ACUMIN PRO';\\n}\",\"text_align\":\"center\",\"title_element\":\"h2\"}},{\"name\":\"Overlay Slider Dotnav Center Slidenav Outside\",\"type\":\"overlay-slider\",\"children\":[{\"type\":\"overlay-slider_item\",\"props\":{\"image\":\"wp-content\\\/uploads\\\/2025\\\/11\\\/Photocall.jpg\",\"link\":\"#\",\"text_color\":\"light\",\"title\":\"DIVI\\u00c9RTETE\"}},{\"type\":\"overlay-slider_item\",\"props\":{\"image\":\"wp-content\\\/uploads\\\/2025\\\/11\\\/Descubre.jpg\",\"link\":\"#\",\"text_color\":\"light\",\"title\":\"DESCUBRE\"}},{\"type\":\"overlay-slider_item\",\"props\":{\"image\":\"wp-content\\\/uploads\\\/2025\\\/11\\\/Juega.jpg\",\"link\":\"#\",\"text_color\":\"light\",\"title\":\"JUEGA\"}},{\"type\":\"overlay-slider_item\",\"props\":{\"image\":\"wp-content\\\/uploads\\\/2025\\\/11\\\/oxo-malaga.jpg\",\"link\":\"#\",\"text_color\":\"light\",\"title\":\"APRENDE\"}}],\"props\":{\"image_expand\":true,\"image_width\":650,\"link_margin\":\"small\",\"link_style\":\"text\",\"link_text\":\"\",\"margin\":\"default\",\"meta_align\":\"below-title\",\"meta_element\":\"div\",\"meta_style\":\"text-meta\",\"nav\":\"dotnav\",\"nav_align\":\"center\",\"nav_below\":true,\"nav_breakpoint\":\"\",\"nav_position\":\"bottom-center\",\"nav_position_margin\":\"medium\",\"overlay_link\":true,\"overlay_mode\":\"cover\",\"overlay_padding\":\"small\",\"overlay_position\":\"bottom\",\"overlay_transition\":\"fade\",\"show_content\":true,\"show_hover_image\":true,\"show_hover_video\":true,\"show_link\":true,\"show_meta\":true,\"show_title\":true,\"slidenav\":\"outside\",\"slidenav_breakpoint\":\"m\",\"slidenav_hover\":false,\"slidenav_margin\":\"medium\",\"slidenav_outside_breakpoint\":\"xl\",\"slider_autoplay_pause\":true,\"slider_center\":false,\"slider_gap\":\"small\",\"slider_sets\":false,\"slider_width\":\"fixed\",\"slider_width_default\":\"5-6\",\"slider_width_large\":\"1-4\",\"slider_width_medium\":\"1-3\",\"slider_width_small\":\"1-2\",\"text_align\":\"center\",\"text_color\":\"light\",\"title_element\":\"h3\",\"title_hover_style\":\"reset\",\"title_margin\":\"small\",\"title_style\":\"h2\"}}]}]}]},{\"type\":\"section\",\"props\":{\"image_position\":\"center-center\",\"style\":\"default\",\"title_breakpoint\":\"xl\",\"title_position\":\"top-left\",\"title_rotation\":\"left\",\"vertical_align\":\"middle\",\"width\":\"default\"},\"children\":[{\"type\":\"row\",\"children\":[{\"type\":\"column\",\"props\":{\"image_position\":\"center-center\",\"position_sticky_breakpoint\":\"m\"},\"children\":[{\"type\":\"html\",\"props\":{\"content\":\"<iframe data-consent-target src=\\\"https:\\\/\\\/venta.enterticket.es\\\/buy\\\/?id=51729&theme=dark&color=13e820\\\" id=\\\"etktfrm51729\\\" width=\\\"100%\\\" frameBorder=\\\"0\\\" allowfullscreen allow=\\\"fullscreen; payment\\\"><\\\/iframe><script type=\\\"text\\\/javascript\\\" src=\\\"https:\\\/\\\/d31tcnbxvxtafg.cloudfront.net\\\/js\\\/libraries\\\/buy.js\\\"><\\\/script>\",\"id\":\"entradas\"}}]}]}]},{\"type\":\"section\",\"props\":{\"image_position\":\"center-center\",\"style\":\"default\",\"title_breakpoint\":\"xl\",\"title_position\":\"top-left\",\"title_rotation\":\"left\",\"vertical_align\":\"middle\",\"width\":\"default\"},\"children\":[{\"type\":\"row\",\"props\":{\"margin\":\"large\"},\"children\":[{\"type\":\"column\",\"props\":{\"image_position\":\"center-center\",\"position_sticky_breakpoint\":\"m\"},\"children\":[{\"type\":\"text\",\"props\":{\"column_breakpoint\":\"m\",\"content\":\"\n\n<p>Patrocinador Oficial Exposici\\u00f3n<\\\/p>\",\"margin\":\"default\",\"text_align\":\"center\"}},{\"type\":\"image\",\"props\":{\"image\":\"\\\/wp-content\\\/uploads\\\/2025\\\/03\\\/costadelsolmalaga_ho.png\",\"image_svg_color\":\"emphasis\",\"image_width\":150,\"link\":\"http:\\\/\\\/www.visitacostadelsol.com\\\/\",\"margin\":\"default\",\"text_align\":\"center\"}}]}]}]}],\"version\":\"4.5.32\"} --><\/p>\n","protected":false},"excerpt":{"rendered":"<p>EXPOSICI\u00d3N TEMPORAL &#8211; 30 A\u00d1OS DE PLAYSTATION &#8211; HASTA EL 19 DE ABRIL 2026 PARA NOSOTROS JUGADORES Figuras de coleccionista Juegos del pasado Simuladores Photocalls EXPOSICI\u00d3N TEMPORAL &#8211; 30 A\u00d1OS DE PLAYSTATION PARA NOSOTROS JUGADORES UNA HISTORIA QUE MARC\u00d3 GENERACIONES Desde la primera PlayStation de 1994 hasta la innovadora PlayStation 5, revivimos tres d\u00e9cadas que [&hellip;]<\/p>\n","protected":false},"author":1,"featured_media":0,"parent":0,"menu_order":0,"comment_status":"closed","ping_status":"closed","template":"","meta":{"footnotes":""},"class_list":["post-18320","page","type-page","status-publish","hentry"],"_links":{"self":[{"href":"https:\/\/oxomuseomalaga.com\/en\/wp-json\/wp\/v2\/pages\/18320","targetHints":{"allow":["GET"]}}],"collection":[{"href":"https:\/\/oxomuseomalaga.com\/en\/wp-json\/wp\/v2\/pages"}],"about":[{"href":"https:\/\/oxomuseomalaga.com\/en\/wp-json\/wp\/v2\/types\/page"}],"author":[{"embeddable":true,"href":"https:\/\/oxomuseomalaga.com\/en\/wp-json\/wp\/v2\/users\/1"}],"replies":[{"embeddable":true,"href":"https:\/\/oxomuseomalaga.com\/en\/wp-json\/wp\/v2\/comments?post=18320"}],"version-history":[{"count":3,"href":"https:\/\/oxomuseomalaga.com\/en\/wp-json\/wp\/v2\/pages\/18320\/revisions"}],"predecessor-version":[{"id":18820,"href":"https:\/\/oxomuseomalaga.com\/en\/wp-json\/wp\/v2\/pages\/18320\/revisions\/18820"}],"wp:attachment":[{"href":"https:\/\/oxomuseomalaga.com\/en\/wp-json\/wp\/v2\/media?parent=18320"}],"curies":[{"name":"wp","href":"https:\/\/api.w.org\/{rel}","templated":true}]}}