{"id":18076,"date":"2025-09-01T11:45:00","date_gmt":"2025-09-01T09:45:00","guid":{"rendered":"https:\/\/oxomuseomalaga.com\/?page_id=18076"},"modified":"2025-10-09T09:26:31","modified_gmt":"2025-10-09T07:26:31","slug":"taquilla-malaga","status":"publish","type":"page","link":"https:\/\/oxomuseomalaga.com\/en\/taquilla-malaga\/","title":{"rendered":"Taquilla M\u00e1laga"},"content":{"rendered":"<ul>\n<li>\n<p>        <img decoding=\"async\" src=\"\/wp-content\/uploads\/2025\/09\/DESCUENTO.png\" alt=\"\"><\/p>\n<div>\n\n\t\t\t<form id=\"sib_signup_form_5\" method=\"post\" class=\"sib_signup_form\">\n\t\t\t\t<div class=\"sib_loader\" style=\"display:none;\"><img\n\t\t\t\t\t\t\tsrc=\"https:\/\/oxomuseomalaga.com\/wp-includes\/images\/spinner.gif\" alt=\"loader\"><\/div>\n\t\t\t\t<input type=\"hidden\" name=\"sib_form_action\" value=\"subscribe_form_submit\">\n\t\t\t\t<input type=\"hidden\" name=\"sib_form_id\" value=\"5\">\n                <input type=\"hidden\" name=\"sib_form_alert_notice\" value=\"Por favor, rellene este campo.\">\n                <input type=\"hidden\" name=\"sib_form_invalid_email_notice\" value=\"Tu direcci\u00f3n de correo electr\u00f3nico no es v\u00e1lida.\">\n                <input type=\"hidden\" name=\"sib_security\" value=\"70af970415\">\n\t\t\t\t<div class=\"sib_signup_box_inside_5\">\n\t\t\t\t\t<div style=\"\/*display:none*\/\" class=\"sib_msg_disp\">\n\t\t\t\t\t<\/div>\n                    \t\t\t\t\t<p class=\"sib-email-area\">\r\n    EMAIL\r\n    <input type=\"email\" class=\"sib-email-area\" name=\"email\" required=\"required\">\r\n<\/p>\r\n\r\n<p class=\"sib-PROVINCIA-area\"> \r\n    <label class=\"sib-PROVINCIA-area\">C\u00d3DIGO POSTAL<\/label> \r\n    <input type=\"text\" class=\"sib-PROVINCIA-area\" name=\"PROVINCIA\"> \r\n<\/p>\r\n<p>\r\n    <input type=\"submit\" class=\"sib-default-btn\" value=\"ENVIAR\">\r\n<\/p>\r\n\t\t\t\t<\/div>\n\t\t\t<\/form>\n\t\t\t<style>\n\t\t\t\tform#sib_signup_form_5 { padding: 5px; -moz-box-sizing: border-box; -webkit-box-sizing: border-box; box-sizing: border-box; color: #fff; font-weight: bold; font-size: 18px; font-family: &quot;Acumin Pro&quot;, sans-serif; \/* fuente general *\/ } form#sib_signup_form_5 input[type=text], form#sib_signup_form_5 input[type=email], form#sib_signup_form_5 select { width: 100%; border: 1px solid #bbb; margin: 5px 0 0 0; color: #fff; font-weight: bold; padding: 14px; border-radius: 4px; font-size: 18px; background-color: transparent; font-family: &quot;Acumin Pro&quot;, sans-serif; } form#sib_signup_form_5 input[type=text]::placeholder, form#sib_signup_form_5 input[type=email]::placeholder, form#sib_signup_form_5 select::placeholder { color: #fff; opacity: 0.7; font-weight: bold; font-size: 18px; font-family: &quot;Acumin Pro&quot;, sans-serif; } form#sib_signup_form_5 label, form#sib_signup_form_5 p { color: #fff; font-weight: bold; font-size: 18px; font-family: &quot;Acumin Pro&quot;, sans-serif; } form#sib_signup_form_5 .sib-default-btn { width: 105%; margin: 5px 0; padding: 14px 20px; color: #000 !important; background-color: #14FF00 !important; border: 1px solid #14FF00 !important; font-size: 18px; font-weight: 700; line-height: 1.5; text-align: center; cursor: pointer; border-radius: 4px; font-family: &quot;Acumin Pro&quot;, sans-serif; } form#sib_signup_form_5 .sib-default-btn:hover { background-color: #12E600 !important; color: #000 !important; }form#sib_signup_form_5 p.sib-alert-message {\n    padding: 6px 12px;\n    margin-bottom: 20px;\n    border: 1px solid transparent;\n    border-radius: 4px;\n    -webkit-box-sizing: border-box;\n    -moz-box-sizing: border-box;\n    box-sizing: border-box;\n}\nform#sib_signup_form_5 p.sib-alert-message-error {\n    background-color: #f2dede;\n    border-color: #ebccd1;\n    color: #a94442;\n}\nform#sib_signup_form_5 p.sib-alert-message-success {\n    background-color: #dff0d8;\n    border-color: #d6e9c6;\n    color: #3c763d;\n}\nform#sib_signup_form_5 p.sib-alert-message-warning {\n    background-color: #fcf8e3;\n    border-color: #faebcc;\n    color: #8a6d3b;\n}\n\t\t\t<\/style>\n\t\t\t\n<p style=\"text-align: center; margin-top: 0; font-size: 16px;\">*Descuento aplicable solo en tienda*<\/p>\n<\/div>\n<\/li>\n<li>\n<p>        <img decoding=\"async\" src=\"\/wp-content\/uploads\/2025\/09\/DESCUENTO-ENG.png\" alt=\"\"><\/p>\n<div>\n\n\t\t\t<form id=\"sib_signup_form_6\" method=\"post\" class=\"sib_signup_form\">\n\t\t\t\t<div class=\"sib_loader\" style=\"display:none;\"><img\n\t\t\t\t\t\t\tsrc=\"https:\/\/oxomuseomalaga.com\/wp-includes\/images\/spinner.gif\" alt=\"loader\"><\/div>\n\t\t\t\t<input type=\"hidden\" name=\"sib_form_action\" value=\"subscribe_form_submit\">\n\t\t\t\t<input type=\"hidden\" name=\"sib_form_id\" value=\"6\">\n                <input type=\"hidden\" name=\"sib_form_alert_notice\" value=\"Por favor, rellene este campo.\">\n                <input type=\"hidden\" name=\"sib_form_invalid_email_notice\" value=\"Tu direcci\u00f3n de correo electr\u00f3nico no es v\u00e1lida.\">\n                <input type=\"hidden\" name=\"sib_security\" value=\"70af970415\">\n\t\t\t\t<div class=\"sib_signup_box_inside_6\">\n\t\t\t\t\t<div style=\"\/*display:none*\/\" class=\"sib_msg_disp\">\n\t\t\t\t\t<\/div>\n                    \t\t\t\t\t<p class=\"sib-email-area\">\r\n    EMAIL\r\n    <input type=\"email\" class=\"sib-email-area\" name=\"email\" required=\"required\">\r\n<\/p>\r\n\r\n<p class=\"sib-PROVINCIA-area\"> \r\n    <label class=\"sib-PROVINCIA-area\">POSTAL CODE<\/label> \r\n    <input type=\"text\" class=\"sib-PROVINCIA-area\" name=\"PROVINCIA\"> \r\n<\/p>\r\n<p>\r\n    <input type=\"submit\" class=\"sib-default-btn\" value=\"SEND\">\r\n<\/p>\r\n\r\n\t\t\t\t<\/div>\n\t\t\t<\/form>\n\t\t\t<style>\n\t\t\t\tform#sib_signup_form_6 { padding: 5px; -moz-box-sizing: border-box; -webkit-box-sizing: border-box; box-sizing: border-box; color: #fff; font-weight: bold; font-size: 18px; font-family: &quot;Acumin Pro&quot;, sans-serif; \/* fuente general *\/ } form#sib_signup_form_6 input[type=text], form#sib_signup_form_6 input[type=email], form#sib_signup_form_6 select { width: 100%; border: 1px solid #bbb; margin: 5px 0 0 0; color: #fff; font-weight: bold; padding: 14px; border-radius: 4px; font-size: 18px; background-color: transparent; font-family: &quot;Acumin Pro&quot;, sans-serif; } form#sib_signup_form_6 input[type=text]::placeholder, form#sib_signup_form_6 input[type=email]::placeholder, form#sib_signup_form_6 select::placeholder { color: #fff; opacity: 0.7; font-weight: bold; font-size: 18px; font-family: &quot;Acumin Pro&quot;, sans-serif; } form#sib_signup_form_6 label, form#sib_signup_form_6 p { color: #fff; font-weight: bold; font-size: 18px; font-family: &quot;Acumin Pro&quot;, sans-serif; } form#sib_signup_form_6 .sib-default-btn { width: 105%; margin: 5px 0; padding: 14px 20px; color: #000 !important; background-color: #14FF00 !important; border: 1px solid #14FF00 !important; font-size: 18px; font-weight: 700; line-height: 1.5; text-align: center; cursor: pointer; border-radius: 4px; font-family: &quot;Acumin Pro&quot;, sans-serif; } form#sib_signup_form_6 .sib-default-btn:hover { background-color: #12E600 !important; color: #000 !important; }form#sib_signup_form_6 p.sib-alert-message {\n    padding: 6px 12px;\n    margin-bottom: 20px;\n    border: 1px solid transparent;\n    border-radius: 4px;\n    -webkit-box-sizing: border-box;\n    -moz-box-sizing: border-box;\n    box-sizing: border-box;\n}\nform#sib_signup_form_6 p.sib-alert-message-error {\n    background-color: #f2dede;\n    border-color: #ebccd1;\n    color: #a94442;\n}\nform#sib_signup_form_6 p.sib-alert-message-success {\n    background-color: #dff0d8;\n    border-color: #d6e9c6;\n    color: #3c763d;\n}\nform#sib_signup_form_6 p.sib-alert-message-warning {\n    background-color: #fcf8e3;\n    border-color: #faebcc;\n    color: #8a6d3b;\n}\n\t\t\t<\/style>\n\t\t\t\n<p style=\"text-align: center; margin-top: 0; font-size: 16px;\">\n  *Discount applicable in-store only*\n<\/p>\n<\/div>\n<\/li>\n<\/ul>\n<p><!--more--><br \/>\n<!-- {\"type\":\"layout\",\"children\":[{\"type\":\"section\",\"props\":{\"css\":\".el-section{\\n   background-color: #fff;\\n}\",\"header_transparent\":true,\"header_transparent_noplaceholder\":true,\"height\":\"viewport\",\"image_position\":\"center-center\",\"image_size\":\"cover\",\"padding_remove_horizontal\":true,\"padding_remove_top\":true,\"style\":\"default\",\"title_breakpoint\":\"xl\",\"title_position\":\"top-left\",\"title_rotation\":\"left\",\"vertical_align\":\"\",\"video\":\"https:\\\/\\\/vimeo.com\\\/1012825627?share=copy\",\"width\":\"large\"},\"children\":[{\"type\":\"row\",\"children\":[{\"type\":\"column\",\"props\":{\"image\":\"\\\/wp-content\\\/uploads\\\/2025\\\/09\\\/Tienda.jpg\",\"image_position\":\"center-center\",\"position_sticky_breakpoint\":\"m\",\"width_medium\":\"1-2\"}},{\"type\":\"column\",\"props\":{\"image_position\":\"center-center\",\"position_sticky_breakpoint\":\"m\",\"vertical_align\":\"middle\",\"width_medium\":\"1-2\"},\"children\":[{\"name\":\"Switcher Thumbnav Top Image Top\",\"type\":\"switcher\",\"children\":[{\"type\":\"switcher_item\",\"props\":{\"content\":\"\n\n<p>[sibwp_form id=5]<\\\/p>\\n\n\n<p style=\\\"text-align: center; margin-top: 0; font-size: 16px;\\\">*Descuento aplicable solo en tienda*<\\\/p>\",\"image\":\"\\\/wp-content\\\/uploads\\\/2025\\\/09\\\/DESCUENTO.png\",\"label\":\"\",\"meta\":\"\",\"thumbnail\":\"\\\/wp-content\\\/uploads\\\/2025\\\/09\\\/Bandera_de_Espana.svg\",\"title\":\"\"}},{\"type\":\"switcher_item\",\"props\":{\"content\":\"\n\n<p>[sibwp_form id=6]<\\\/p>\\n\n\n<p style=\\\"text-align: center; margin-top: 0; font-size: 16px;\\\">\\n  *Discount applicable in-store only*\\n<\\\/p>\",\"image\":\"\\\/wp-content\\\/uploads\\\/2025\\\/09\\\/DESCUENTO-ENG.png\",\"label\":\"\",\"meta\":\"\",\"thumbnail\":\"\\\/wp-content\\\/uploads\\\/2025\\\/09\\\/Flag_of_the_United_Kingdom_3-5.svg.webp\",\"title\":\"\"}}],\"props\":{\"content_column_breakpoint\":\"m\",\"image_align\":\"bottom\",\"image_grid_breakpoint\":\"l\",\"image_grid_column_gap\":\"large\",\"image_grid_row_gap\":\"large\",\"image_grid_width\":\"auto\",\"image_height\":300,\"image_svg_color\":\"emphasis\",\"image_svg_inline\":false,\"image_vertical_align\":true,\"image_width\":600,\"link_style\":\"default\",\"link_text\":\"Read more\",\"margin\":\"default\",\"meta_align\":\"below-content\",\"meta_color\":\"muted\",\"meta_element\":\"div\",\"meta_margin\":\"remove\",\"meta_style\":\"text-meta\",\"nav\":\"thumbnav\",\"nav_align\":\"center\",\"nav_grid_breakpoint\":\"m\",\"nav_grid_width\":\"auto\",\"nav_position\":\"top\",\"show_content\":true,\"show_image\":true,\"show_label\":true,\"show_link\":true,\"show_meta\":true,\"show_thumbnail\":true,\"show_title\":true,\"switcher_animation\":\"fade\",\"switcher_height\":true,\"text_align\":\"left\",\"thumbnav_height\":\"40\",\"thumbnav_nowrap\":false,\"thumbnav_svg_color\":\"danger\",\"thumbnav_svg_inline\":false,\"thumbnav_width\":\"60\",\"title_align\":\"top\",\"title_element\":\"h3\",\"title_grid_breakpoint\":\"m\",\"title_grid_width\":\"1-2\",\"title_margin\":\"medium\",\"title_style\":\"h1\"}}]}],\"props\":{\"height\":\"viewport\",\"layout\":\"1-2,1-2\"}}]}],\"version\":\"4.5.23\"} --><\/p>\n","protected":false},"excerpt":{"rendered":"<p>*Descuento aplicable solo en tienda* *Discount applicable in-store only*<\/p>","protected":false},"author":1,"featured_media":0,"parent":0,"menu_order":0,"comment_status":"closed","ping_status":"closed","template":"","meta":{"footnotes":""},"class_list":["post-18076","page","type-page","status-publish","hentry"],"_links":{"self":[{"href":"https:\/\/oxomuseomalaga.com\/en\/wp-json\/wp\/v2\/pages\/18076","targetHints":{"allow":["GET"]}}],"collection":[{"href":"https:\/\/oxomuseomalaga.com\/en\/wp-json\/wp\/v2\/pages"}],"about":[{"href":"https:\/\/oxomuseomalaga.com\/en\/wp-json\/wp\/v2\/types\/page"}],"author":[{"embeddable":true,"href":"https:\/\/oxomuseomalaga.com\/en\/wp-json\/wp\/v2\/users\/1"}],"replies":[{"embeddable":true,"href":"https:\/\/oxomuseomalaga.com\/en\/wp-json\/wp\/v2\/comments?post=18076"}],"version-history":[{"count":0,"href":"https:\/\/oxomuseomalaga.com\/en\/wp-json\/wp\/v2\/pages\/18076\/revisions"}],"wp:attachment":[{"href":"https:\/\/oxomuseomalaga.com\/en\/wp-json\/wp\/v2\/media?parent=18076"}],"curies":[{"name":"wp","href":"https:\/\/api.w.org\/{rel}","templated":true}]}}