{"id":17856,"date":"2025-06-26T13:44:09","date_gmt":"2025-06-26T11:44:09","guid":{"rendered":"https:\/\/oxomuseomalaga.com\/?page_id=17856"},"modified":"2025-07-29T17:45:11","modified_gmt":"2025-07-29T15:45:11","slug":"iconos-del-videojuego-espanol","status":"publish","type":"page","link":"https:\/\/oxomuseomalaga.com\/en\/iconos-del-videojuego-espanol\/","title":{"rendered":"ICONS OF SPANISH VIDEO GAMES"},"content":{"rendered":"<div>.<\/div>\n<div>.<\/div>\n<p><img decoding=\"async\" src=\"\/wp-content\/uploads\/2025\/06\/cartel-expo.jpg\" alt=\"\"><\/p>\n<h1><span class=\"pequeno\">ICONOS DEL VIDEOJUEGO ESPA\u00d1OL<\/span><\/h1>\n<h2><span class=\"pequeno\">HECHO EN ESPA\u00d1A<\/span><\/h2>\n<h1><span class=\"pequeno\">IC\u00d3NOS DEL VIDEOJUEGO ESPA\u00d1OL<\/span><\/h1>\n<h2><span class=\"pequeno\">HECHO EN ESPA\u00d1A<\/span><\/h2>\n<div>\n<p>OXO Museo del Videojuego M\u00e1laga presenta su nueva exposici\u00f3n temporal: <strong data-start=\"482\" data-end=\"534\">\u00abIconos del Videojuego Espa\u00f1ol. Hecho en Espa\u00f1a\u00bb<\/strong>, una mirada \u00fanica al desarrollo del videojuego nacional a lo largo de medio siglo. Esta muestra celebra la creatividad, la innovaci\u00f3n y el talento de los estudios y profesionales que han convertido a Espa\u00f1a en un referente internacional del sector.<\/p>\n<p>Desde los pioneros de los a\u00f1os 70 hasta las grandes producciones actuales, la exposici\u00f3n ofrece un viaje cronol\u00f3gico que recorre los principales hitos de la industria espa\u00f1ola del videojuego. Desde ordenadores dom\u00e9sticos y m\u00e1quinas recreativas, pasando por los primeros \u00e9xitos internacionales, hasta los actuales t\u00edtulos independientes.<\/p>\n<\/div>\n<p><p>\n        <a href=\"https:\/\/oxomuseo.com\/entradas\/\" rel=\"nofollow noopener\" target=\"_blank\">COMPRAR ENTRADAS<\/a>\n    <\/p>\n<\/p>\n<p><img decoding=\"async\" src=\"\/wp-content\/uploads\/2024\/09\/MEMBRETE-MUSEO-NEXT-GENERATION1.png\" alt=\"\"><\/p>\n<h1>VER EXPOSICI\u00d3N<\/h1>\n<ul>\n<li>\n<p>        <img decoding=\"async\" src=\"\/wp-content\/uploads\/2025\/06\/Imagen-de-WhatsApp-2025-06-26-a-las-12.31.44_b1106978-scaled.jpg\" alt=\"\"><\/p>\n<\/li>\n<li>\n<p>        <img decoding=\"async\" src=\"\/wp-content\/uploads\/2025\/06\/Imagen-de-WhatsApp-2025-06-26-a-las-12.31.46_2ceb95f3-scaled.jpg\" alt=\"\"><\/p>\n<\/li>\n<li>\n<p>        <img decoding=\"async\" src=\"\/wp-content\/uploads\/2025\/06\/Imagen-de-WhatsApp-2025-06-26-a-las-12.31.45_f50903af-scaled.jpg\" alt=\"\"><\/p>\n<\/li>\n<li>\n<p>        <img decoding=\"async\" src=\"\/wp-content\/uploads\/2025\/06\/Imagen-de-WhatsApp-2025-06-26-a-las-12.31.46_3ccaa46a-scaled.jpg\" alt=\"\"><\/p>\n<\/li>\n<li>\n<p>        <img decoding=\"async\" src=\"\/wp-content\/uploads\/2025\/06\/Imagen-de-WhatsApp-2025-06-26-a-las-12.31.46_251e2843-scaled.jpg\" alt=\"\"><\/p>\n<\/li>\n<li>\n<p>        <img decoding=\"async\" src=\"\/wp-content\/uploads\/2025\/06\/Imagen-de-WhatsApp-2025-06-26-a-las-12.31.46_ba744707-scaled.jpg\" alt=\"\"><\/p>\n<\/li>\n<li>\n<p>        <img decoding=\"async\" src=\"\/wp-content\/uploads\/2025\/06\/Imagen-de-WhatsApp-2025-06-26-a-las-12.31.46_d0ff1df0-scaled.jpg\" alt=\"\"><\/p>\n<\/li>\n<li>\n<p>        <img decoding=\"async\" src=\"\/wp-content\/uploads\/2025\/06\/Imagen-de-WhatsApp-2025-06-26-a-las-12.35.49_1e916e8d-scaled.jpg\" alt=\"\"><\/p>\n<\/li>\n<li>\n<p>        <img decoding=\"async\" src=\"\/wp-content\/uploads\/2025\/06\/Imagen-de-WhatsApp-2025-06-26-a-las-12.37.16_e119d3a3-scaled.jpg\" alt=\"\"><\/p>\n<\/li>\n<\/ul>\n<p><!--more--><br \/>\n<!-- {\"type\":\"layout\",\"children\":[{\"type\":\"section\",\"props\":{\"header_transparent\":false,\"height\":\"viewport\",\"height_viewport\":50,\"image\":\"wp-content\\\/uploads\\\/2025\\\/06\\\/Expo-temporal.jpg\",\"image_position\":\"center-center\",\"image_size\":\"cover\",\"style\":\"default\",\"title_breakpoint\":\"xl\",\"title_position\":\"top-left\",\"title_rotation\":\"left\",\"vertical_align\":\"middle\",\"width\":\"\"},\"children\":[{\"type\":\"row\",\"children\":[{\"type\":\"column\",\"props\":{\"image_position\":\"center-center\",\"position_sticky_breakpoint\":\"m\"},\"children\":[{\"type\":\"text\",\"props\":{\"column_breakpoint\":\"m\",\"content\":\".\",\"margin\":\"default\",\"visibility\":\"l\"}}]}]}]},{\"type\":\"section\",\"props\":{\"header_transparent\":false,\"height\":\"viewport\",\"height_viewport\":100,\"image\":\"wp-content\\\/uploads\\\/2025\\\/06\\\/movil.jpg\",\"image_position\":\"center-center\",\"image_size\":\"cover\",\"style\":\"default\",\"title_breakpoint\":\"xl\",\"title_position\":\"top-left\",\"title_rotation\":\"left\",\"vertical_align\":\"middle\",\"width\":\"\"},\"children\":[{\"type\":\"row\",\"children\":[{\"type\":\"column\",\"props\":{\"image_position\":\"center-center\",\"position_sticky_breakpoint\":\"m\"},\"children\":[{\"type\":\"text\",\"props\":{\"column_breakpoint\":\"m\",\"content\":\".\",\"margin\":\"default\",\"visibility\":\"hidden-l\"}}]}]}]},{\"type\":\"section\",\"props\":{\"image_position\":\"center-center\",\"style\":\"default\",\"title_breakpoint\":\"xl\",\"title_position\":\"top-left\",\"title_rotation\":\"left\",\"vertical_align\":\"\",\"width\":\"default\"},\"children\":[{\"type\":\"row\",\"props\":{\"layout\":\"1-2,1-2\"},\"children\":[{\"type\":\"column\",\"props\":{\"image_position\":\"center-center\",\"position_sticky_breakpoint\":\"m\",\"width_medium\":\"1-2\"},\"children\":[{\"type\":\"image\",\"props\":{\"image\":\"wp-content\\\/uploads\\\/2025\\\/06\\\/cartel-expo.jpg\",\"image_height\":650,\"image_svg_color\":\"emphasis\",\"margin\":\"default\",\"text_align\":\"center\"}}]},{\"type\":\"column\",\"props\":{\"image_position\":\"center-center\",\"position_sticky_breakpoint\":\"m\",\"vertical_align\":\"middle\",\"width_medium\":\"1-2\"},\"children\":[{\"type\":\"headline\",\"props\":{\"content\":\"<span class=\\\"pequeno\\\">ICONOS DEL VIDEOJUEGO ESPA\\u00d1OL<\\\/span>\",\"css\":\".el-element{\\n    font-family: 'ACUMIN PRO';\\n    font-size:29px;\\n}\\n\",\"margin_remove_bottom\":true,\"title_element\":\"h1\",\"visibility\":\"l\"}},{\"type\":\"headline\",\"props\":{\"content\":\"<span class=\\\"pequeno\\\">HECHO EN ESPA\\u00d1A<\\\/span>\",\"css\":\".el-element{\\n    font-family: 'ACUMIN PRO';\\n    font-size:55px;\\n}\",\"margin_remove_top\":true,\"title_element\":\"h2\",\"visibility\":\"l\"}},{\"type\":\"headline\",\"props\":{\"content\":\"<span class=\\\"pequeno\\\">IC\\u00d3NOS DEL VIDEOJUEGO ESPA\\u00d1OL<\\\/span>\",\"css\":\".el-element{\\n    font-family: 'ACUMIN PRO';\\n    font-size:16px;\\n}\\n\",\"margin_remove_bottom\":true,\"title_element\":\"h1\",\"visibility\":\"hidden-l\"}},{\"type\":\"headline\",\"props\":{\"content\":\"<span class=\\\"pequeno\\\">HECHO EN ESPA\\u00d1A<\\\/span>\",\"css\":\".el-element{\\n    font-family: 'ACUMIN PRO';\\n    font-size:30px;\\n}\",\"margin_remove_top\":true,\"title_element\":\"h2\",\"visibility\":\"hidden-l\"}},{\"type\":\"text\",\"props\":{\"column_breakpoint\":\"m\",\"content\":\"\n\n<p>OXO Museo del Videojuego M\\u00e1laga presenta su nueva exposici\\u00f3n temporal: <strong data-start=\\\"482\\\" data-end=\\\"534\\\">\\\"Iconos del Videojuego Espa\\u00f1ol. Hecho en Espa\\u00f1a\\\"<\\\/strong>, una mirada \\u00fanica al desarrollo del videojuego nacional a lo largo de medio siglo. Esta muestra celebra la creatividad, la innovaci\\u00f3n y el talento de los estudios y profesionales que han convertido a Espa\\u00f1a en un referente internacional del sector.<\\\/p>\\n\n\n<p>Desde los pioneros de los a\\u00f1os 70 hasta las grandes producciones actuales, la exposici\\u00f3n ofrece un viaje cronol\\u00f3gico que recorre los principales hitos de la industria espa\\u00f1ola del videojuego. Desde ordenadores dom\\u00e9sticos y m\\u00e1quinas recreativas, pasando por los primeros \\u00e9xitos internacionales, hasta los actuales t\\u00edtulos independientes.<\\\/p>\",\"css\":\".el-element{\\n    font-size:18px;\\n    color: #fff;\\n}\\n\",\"margin\":\"default\",\"text_align\":\"justify\"}},{\"type\":\"button\",\"props\":{\"button_size\":\"large\",\"grid_column_gap\":\"small\",\"grid_row_gap\":\"small\",\"margin\":\"medium\",\"text_align\":\"center\"},\"children\":[{\"type\":\"button_item\",\"props\":{\"button_style\":\"primary\",\"content\":\"COMPRAR ENTRADAS\",\"dialog_layout\":\"modal\",\"dialog_offcanvas_flip\":true,\"icon_align\":\"left\",\"link\":\"https:\\\/\\\/oxomuseo.com\\\/entradas\\\/\"}}]}]}]}]},{\"type\":\"section\",\"props\":{\"image_position\":\"center-center\",\"style\":\"default\",\"title_breakpoint\":\"xl\",\"title_position\":\"top-left\",\"title_rotation\":\"left\",\"vertical_align\":\"\",\"width\":\"small\"},\"children\":[{\"type\":\"row\",\"children\":[{\"type\":\"column\",\"props\":{\"image_position\":\"center-center\",\"position_sticky_breakpoint\":\"m\"},\"children\":[{\"type\":\"image\",\"props\":{\"css\":\".el-element{\\n    background:#ffffff;\\n    padding:10px;\\n    border-radius:12px;\\n}\",\"image\":\"wp-content\\\/uploads\\\/2024\\\/09\\\/MEMBRETE-MUSEO-NEXT-GENERATION1.png\",\"image_svg_color\":\"emphasis\",\"margin\":\"default\",\"text_align\":\"center\"}}]}]}]},{\"type\":\"section\",\"props\":{\"image_position\":\"center-center\",\"padding\":\"small\",\"style\":\"default\",\"title_breakpoint\":\"xl\",\"title_position\":\"top-left\",\"title_rotation\":\"left\",\"vertical_align\":\"\",\"width\":\"default\"},\"children\":[{\"type\":\"row\",\"children\":[{\"type\":\"column\",\"props\":{\"image_position\":\"center-center\",\"position_sticky_breakpoint\":\"m\"},\"children\":[{\"type\":\"headline\",\"props\":{\"content\":\"VER EXPOSICI\\u00d3N\",\"text_align\":\"center\",\"title_element\":\"h1\",\"title_font_family\":\"tertiary\"}},{\"type\":\"gallery\",\"props\":{\"filter_align\":\"left\",\"filter_all\":true,\"filter_grid_breakpoint\":\"m\",\"filter_grid_width\":\"auto\",\"filter_position\":\"top\",\"filter_style\":\"tab\",\"grid_column_gap\":\"small\",\"grid_default\":\"1\",\"grid_medium\":\"3\",\"grid_parallax\":\"120\",\"grid_row_gap\":\"small\",\"image_border\":\"rounded\",\"image_box_shadow\":\"medium\",\"image_transition_border\":false,\"item_animation\":true,\"lightbox_bg_close\":true,\"link_style\":\"default\",\"link_text\":\"Read more\",\"margin\":\"default\",\"meta_align\":\"below-title\",\"meta_element\":\"div\",\"meta_style\":\"text-meta\",\"overlay_hover\":false,\"overlay_mode\":\"caption\",\"overlay_position\":\"center\",\"overlay_style\":\"overlay-primary\",\"overlay_transition\":\"fade\",\"show_content\":true,\"show_hover_image\":true,\"show_hover_video\":true,\"show_link\":true,\"show_meta\":true,\"show_title\":true,\"text_align\":\"center\",\"text_color\":\"light\",\"title_element\":\"h3\",\"title_hover_style\":\"reset\"},\"children\":[{\"type\":\"gallery_item\",\"props\":{\"image\":\"wp-content\\\/uploads\\\/2025\\\/06\\\/Imagen-de-WhatsApp-2025-06-26-a-las-12.31.44_b1106978-scaled.jpg\"}},{\"type\":\"gallery_item\",\"props\":{\"image\":\"wp-content\\\/uploads\\\/2025\\\/06\\\/Imagen-de-WhatsApp-2025-06-26-a-las-12.31.46_2ceb95f3-scaled.jpg\"}},{\"type\":\"gallery_item\",\"props\":{\"image\":\"wp-content\\\/uploads\\\/2025\\\/06\\\/Imagen-de-WhatsApp-2025-06-26-a-las-12.31.45_f50903af-scaled.jpg\"}},{\"type\":\"gallery_item\",\"props\":{\"image\":\"wp-content\\\/uploads\\\/2025\\\/06\\\/Imagen-de-WhatsApp-2025-06-26-a-las-12.31.46_3ccaa46a-scaled.jpg\"}},{\"type\":\"gallery_item\",\"props\":{\"image\":\"wp-content\\\/uploads\\\/2025\\\/06\\\/Imagen-de-WhatsApp-2025-06-26-a-las-12.31.46_251e2843-scaled.jpg\"}},{\"type\":\"gallery_item\",\"props\":{\"image\":\"wp-content\\\/uploads\\\/2025\\\/06\\\/Imagen-de-WhatsApp-2025-06-26-a-las-12.31.46_ba744707-scaled.jpg\"}},{\"type\":\"gallery_item\",\"props\":{\"image\":\"wp-content\\\/uploads\\\/2025\\\/06\\\/Imagen-de-WhatsApp-2025-06-26-a-las-12.31.46_d0ff1df0-scaled.jpg\"}},{\"type\":\"gallery_item\",\"props\":{\"image\":\"wp-content\\\/uploads\\\/2025\\\/06\\\/Imagen-de-WhatsApp-2025-06-26-a-las-12.35.49_1e916e8d-scaled.jpg\"}},{\"type\":\"gallery_item\",\"props\":{\"image\":\"wp-content\\\/uploads\\\/2025\\\/06\\\/Imagen-de-WhatsApp-2025-06-26-a-las-12.37.16_e119d3a3-scaled.jpg\"}}]}]}]}]}],\"version\":\"4.5.23\"} --><\/p>\n","protected":false},"excerpt":{"rendered":"<p>. . ICONOS DEL VIDEOJUEGO ESPA\u00d1OL HECHO EN ESPA\u00d1A IC\u00d3NOS DEL VIDEOJUEGO ESPA\u00d1OL HECHO EN ESPA\u00d1A OXO Museo del Videojuego M\u00e1laga presenta su nueva exposici\u00f3n temporal: \u00abIconos del Videojuego Espa\u00f1ol. Hecho en Espa\u00f1a\u00bb, una mirada \u00fanica al desarrollo del videojuego nacional a lo largo de medio siglo. Esta muestra celebra la creatividad, la innovaci\u00f3n y [&hellip;]<\/p>\n","protected":false},"author":1,"featured_media":0,"parent":0,"menu_order":0,"comment_status":"closed","ping_status":"closed","template":"","meta":{"footnotes":""},"class_list":["post-17856","page","type-page","status-publish","hentry"],"_links":{"self":[{"href":"https:\/\/oxomuseomalaga.com\/en\/wp-json\/wp\/v2\/pages\/17856","targetHints":{"allow":["GET"]}}],"collection":[{"href":"https:\/\/oxomuseomalaga.com\/en\/wp-json\/wp\/v2\/pages"}],"about":[{"href":"https:\/\/oxomuseomalaga.com\/en\/wp-json\/wp\/v2\/types\/page"}],"author":[{"embeddable":true,"href":"https:\/\/oxomuseomalaga.com\/en\/wp-json\/wp\/v2\/users\/1"}],"replies":[{"embeddable":true,"href":"https:\/\/oxomuseomalaga.com\/en\/wp-json\/wp\/v2\/comments?post=17856"}],"version-history":[{"count":0,"href":"https:\/\/oxomuseomalaga.com\/en\/wp-json\/wp\/v2\/pages\/17856\/revisions"}],"wp:attachment":[{"href":"https:\/\/oxomuseomalaga.com\/en\/wp-json\/wp\/v2\/media?parent=17856"}],"curies":[{"name":"wp","href":"https:\/\/api.w.org\/{rel}","templated":true}]}}