{"id":15150,"date":"2024-10-23T12:45:01","date_gmt":"2024-10-23T10:45:01","guid":{"rendered":"https:\/\/oxomuseomalaga.com\/?page_id=15150"},"modified":"2024-10-23T12:49:17","modified_gmt":"2024-10-23T10:49:17","slug":"audioguias","status":"publish","type":"page","link":"https:\/\/oxomuseomalaga.com\/en\/audioguias\/","title":{"rendered":"audioguides"},"content":{"rendered":"<h1>Audiogu\u00eda<\/h1>\n<div>\n<p>Explora OXO Museo M\u00e1laga con nuestras completas audiogu\u00edas y sum\u00e9rgete en un recorrido detallado por la historia de las consolas y videojuegos que marcaron generaciones, abarcando el pasado, presente y futuro de la industria. Este servicio es completamente gratuito y est\u00e1 dise\u00f1ado para enriquecer tu visita. Solo necesitas llevar tu smartphone. Al llegar, escanea el c\u00f3digo QR disponible en la recepci\u00f3n del museo y descarga la app. Con ella, tendr\u00e1s acceso a una audiogu\u00eda en cada punto clave de la exposici\u00f3n, permiti\u00e9ndote disfrutar de una experiencia interactiva y personalizada mientras conoces a fondo los momentos y avances m\u00e1s importantes de los videojuegos.<\/p>\n<p><strong>Te recomendamos acudir con tus auriculares personales para que la experiencia sea a\u00fan m\u00e1s inmersiva y c\u00f3moda.<\/strong><\/p>\n<\/div>\n<div>\n<p>Explora OXO Museo M\u00e1laga con nuestras completas audiogu\u00edas y sum\u00e9rgete en un recorrido detallado por la historia de las consolas y videojuegos que marcaron generaciones, abarcando el pasado, presente y futuro de la industria. Este servicio es completamente gratuito y est\u00e1 dise\u00f1ado para enriquecer tu visita. Solo necesitas llevar tu smartphone. Al llegar, escanea el c\u00f3digo QR disponible en la recepci\u00f3n del museo y descarga la app. Con ella, tendr\u00e1s acceso a una audiogu\u00eda en cada punto clave de la exposici\u00f3n, permiti\u00e9ndote disfrutar de una experiencia interactiva y personalizada mientras conoces a fondo los momentos y avances m\u00e1s importantes de los videojuegos.<\/p>\n<p><strong>Te recomendamos acudir con tus auriculares personales para que la experiencia sea a\u00fan m\u00e1s inmersiva y c\u00f3moda.<\/strong><\/p>\n<\/div>\n<hr>\n<h2>\u00bfSigues teniendo dudas?<\/h2>\n<p>\n    <a href=\"\/contacto\/\">Contacto<\/a>\n<\/p>\n<p><!--more--><br \/>\n<!-- {\"type\":\"layout\",\"children\":[{\"type\":\"section\",\"props\":{\"height\":\"viewport\",\"height_viewport\":30,\"image\":\"wp-content\\\/uploads\\\/2024\\\/10\\\/banner-oxo.jpg\",\"image_position\":\"bottom-center\",\"image_size\":\"cover\",\"media_overlay\":\"rgba(0, 0, 0, 0.43)\",\"style\":\"default\",\"title_breakpoint\":\"xl\",\"title_position\":\"top-left\",\"title_rotation\":\"left\",\"vertical_align\":\"middle\",\"width\":\"default\"},\"children\":[{\"type\":\"row\",\"children\":[{\"type\":\"column\",\"props\":{\"image_position\":\"center-center\",\"position_sticky_breakpoint\":\"m\"},\"children\":[{\"type\":\"headline\",\"props\":{\"content\":\"Audiogu\\u00eda\",\"css\":\".el-element{\\n    font-family: 'Acumin Pro';\\n}\\n\",\"title_color\":\"background\",\"title_element\":\"h1\",\"title_style\":\"heading-large\"}}]}]}]},{\"type\":\"section\",\"props\":{\"image_position\":\"center-center\",\"style\":\"muted\",\"title_breakpoint\":\"xl\",\"title_position\":\"top-left\",\"title_rotation\":\"left\",\"vertical_align\":\"middle\",\"width\":\"default\"},\"children\":[{\"type\":\"row\",\"children\":[{\"type\":\"column\",\"props\":{\"image_position\":\"center-center\",\"position_sticky_breakpoint\":\"m\"},\"children\":[{\"type\":\"text\",\"props\":{\"block_align\":\"center\",\"column_breakpoint\":\"m\",\"content\":\"\n\n<p>Explora OXO Museo M\\u00e1laga con nuestras completas audiogu\\u00edas y sum\\u00e9rgete en un recorrido detallado por la historia de las consolas y videojuegos que marcaron generaciones, abarcando el pasado, presente y futuro de la industria. Este servicio es completamente gratuito y est\\u00e1 dise\\u00f1ado para enriquecer tu visita. Solo necesitas llevar tu smartphone. Al llegar, escanea el c\\u00f3digo QR disponible en la recepci\\u00f3n del museo y descarga la app. Con ella, tendr\\u00e1s acceso a una audiogu\\u00eda en cada punto clave de la exposici\\u00f3n, permiti\\u00e9ndote disfrutar de una experiencia interactiva y personalizada mientras conoces a fondo los momentos y avances m\\u00e1s importantes de los videojuegos.<\\\/p>\\n\n\n<p><strong>Te recomendamos acudir con tus auriculares personales para que la experiencia sea a\\u00fan m\\u00e1s inmersiva y c\\u00f3moda.<\\\/strong><\\\/p>\",\"css\":\".el-element{\\n    color: #000;\\n    background-color:#e9e9e9;\\n    padding:50px;\\n    font-size:18px;\\n}\",\"margin\":\"large\",\"margin_remove_bottom\":true,\"text_align\":\"justify\",\"visibility\":\"l\"}},{\"type\":\"text\",\"props\":{\"block_align\":\"center\",\"column_breakpoint\":\"m\",\"content\":\"\n\n<p>Explora OXO Museo M\\u00e1laga con nuestras completas audiogu\\u00edas y sum\\u00e9rgete en un recorrido detallado por la historia de las consolas y videojuegos que marcaron generaciones, abarcando el pasado, presente y futuro de la industria. Este servicio es completamente gratuito y est\\u00e1 dise\\u00f1ado para enriquecer tu visita. Solo necesitas llevar tu smartphone. Al llegar, escanea el c\\u00f3digo QR disponible en la recepci\\u00f3n del museo y descarga la app. Con ella, tendr\\u00e1s acceso a una audiogu\\u00eda en cada punto clave de la exposici\\u00f3n, permiti\\u00e9ndote disfrutar de una experiencia interactiva y personalizada mientras conoces a fondo los momentos y avances m\\u00e1s importantes de los videojuegos.<\\\/p>\\n\n\n<p><strong>Te recomendamos acudir con tus auriculares personales para que la experiencia sea a\\u00fan m\\u00e1s inmersiva y c\\u00f3moda.<\\\/strong><\\\/p>\",\"css\":\".el-element{\\n    color: #000;\\n    background-color:#e9e9e9;\\n    padding:25px;\\n    font-size:18px;\\n}\",\"margin\":\"default\",\"text_align\":\"justify\",\"visibility\":\"hidden-l\"}}]}]}]},{\"name\":\"Contact\",\"type\":\"section\",\"props\":{\"css\":\".el-section{\\n    background-color: #e9e9e9;\\n}\\n\",\"image_position\":\"center-center\",\"image_size\":\"cover\",\"padding\":\"small\",\"padding_remove_top\":true,\"style\":\"muted\",\"title_breakpoint\":\"xl\",\"title_position\":\"top-left\",\"title_rotation\":\"left\",\"vertical_align\":\"middle\",\"width\":\"default\"},\"children\":[{\"type\":\"row\",\"children\":[{\"type\":\"column\",\"props\":{\"image_position\":\"center-center\",\"position_sticky_breakpoint\":\"m\",\"width_medium\":\"1-1\"},\"children\":[{\"type\":\"divider\",\"props\":{\"divider_element\":\"hr\",\"margin\":\"large\"}},{\"type\":\"headline\",\"props\":{\"content\":\"\\u00bfSigues teniendo dudas?\",\"css\":\".el-element{\\n    font-family:'Acumin Pro';\\n}\\n\",\"text_align\":\"center\",\"title_color\":\"danger\",\"title_element\":\"h2\",\"title_style\":\"heading-small\"}},{\"type\":\"button\",\"props\":{\"grid_column_gap\":\"small\",\"grid_row_gap\":\"small\",\"margin\":\"default\",\"text_align\":\"center\"},\"children\":[{\"type\":\"button_item\",\"props\":{\"button_style\":\"default\",\"content\":\"Contacto\",\"icon_align\":\"left\",\"link\":\"\\\/contacto\\\/\"}}]}]}]}]}],\"version\":\"4.3.0\"} --><\/p>\n","protected":false},"excerpt":{"rendered":"<p>Audiogu\u00eda Explora OXO Museo M\u00e1laga con nuestras completas audiogu\u00edas y sum\u00e9rgete en un recorrido detallado por la historia de las consolas y videojuegos que marcaron generaciones, abarcando el pasado, presente y futuro de la industria. Este servicio es completamente gratuito y est\u00e1 dise\u00f1ado para enriquecer tu visita. Solo necesitas llevar tu smartphone. Al llegar, escanea [&hellip;]<\/p>\n","protected":false},"author":1,"featured_media":0,"parent":0,"menu_order":0,"comment_status":"closed","ping_status":"closed","template":"","meta":{"footnotes":""},"class_list":["post-15150","page","type-page","status-publish","hentry"],"_links":{"self":[{"href":"https:\/\/oxomuseomalaga.com\/en\/wp-json\/wp\/v2\/pages\/15150","targetHints":{"allow":["GET"]}}],"collection":[{"href":"https:\/\/oxomuseomalaga.com\/en\/wp-json\/wp\/v2\/pages"}],"about":[{"href":"https:\/\/oxomuseomalaga.com\/en\/wp-json\/wp\/v2\/types\/page"}],"author":[{"embeddable":true,"href":"https:\/\/oxomuseomalaga.com\/en\/wp-json\/wp\/v2\/users\/1"}],"replies":[{"embeddable":true,"href":"https:\/\/oxomuseomalaga.com\/en\/wp-json\/wp\/v2\/comments?post=15150"}],"version-history":[{"count":0,"href":"https:\/\/oxomuseomalaga.com\/en\/wp-json\/wp\/v2\/pages\/15150\/revisions"}],"wp:attachment":[{"href":"https:\/\/oxomuseomalaga.com\/en\/wp-json\/wp\/v2\/media?parent=15150"}],"curies":[{"name":"wp","href":"https:\/\/api.w.org\/{rel}","templated":true}]}}