{"id":15077,"date":"2024-10-14T12:41:05","date_gmt":"2024-10-14T10:41:05","guid":{"rendered":"https:\/\/oxomuseomalaga.com\/?page_id=15077"},"modified":"2026-02-09T16:45:04","modified_gmt":"2026-02-09T14:45:04","slug":"visitas","status":"publish","type":"page","link":"https:\/\/oxomuseomalaga.com\/en\/visitas\/","title":{"rendered":"visits"},"content":{"rendered":"<h1>VISITA<br \/>OXO MUSEO<\/h1>\n<h2>VIVE EL PASADO, PRESENTE Y FUTURO DE LOS VIDEOJUEGOS<\/h2>\n<h2>VIVE EL PASADO, PRESENTE Y FUTURO DE LOS VIDEOJUEGOS<\/h2>\n<div>\n<p>Descubre todas las opciones para visitar OXO Museo.<\/p>\n<\/div>\n<ul>\n<li>\n<p>        <img decoding=\"async\" src=\"\/wp-content\/uploads\/2024\/10\/visita-oxo.jpg\" alt=\"\"><\/p>\n<h3>VISITA LIBRE<\/h3>\n<div>\n<p>Adquiere tu entrada y disfruta de una experiencia \u00fanica en el museo, explorando libremente cada una de sus plantas.<\/p>\n<\/div>\n<p><a href=\"https:\/\/oxomuseomalaga.com\/entradas\/\">Entrada General<\/a><\/p>\n<\/li>\n<li>\n<p>        <img decoding=\"async\" src=\"\/wp-content\/uploads\/2024\/10\/VISITA-EN-FAMILIA.jpg\" alt=\"\"><\/p>\n<h3>VISITA EN FAMILIA<\/h3>\n<div>\n<p>\u00bfQuieres venir en familia al museo del videojuego? Disfruta de los mejores juegos y descubre los descuentos y paquetes familiares en nuestra secci\u00f3n de entradas.<\/p>\n<\/div>\n<p><a href=\"https:\/\/oxomuseomalaga.com\/entradas\/\">Entrada Familiar<\/a><\/p>\n<\/li>\n<\/ul>\n<ul>\n<li>\n<p>        <img decoding=\"async\" src=\"\/wp-content\/uploads\/2024\/10\/SALA-INMERVISA-MALAGA.jpg\" alt=\"\"><\/p>\n<h3>VISITAS EN GRUPO<\/h3>\n<div>\n<p>Disponemos de paquetes especiales para grupos y celebraciones. Inf\u00f3rmate ahora y obt\u00e9n un precio especial en tu visita a OXO Museo.<\/p>\n<\/div>\n<p><a href=\"mailto:malaga@oxomuseo.com\">Inf\u00f3rmate<\/a><\/p>\n<\/li>\n<li>\n<p>        <img decoding=\"async\" src=\"\/wp-content\/uploads\/2024\/10\/visita-escolres.jpg\" alt=\"\"><\/p>\n<h3>VISITAS ESCOLARES<\/h3>\n<div>\n<p>Ven a conocer el museo del videojuego con todos tus compa\u00f1eros de clase, descubre la historia del videojuego a un precio especial.<\/p>\n<\/div>\n<p><a href=\"mailto:malaga@oxomuseo.com\">Ven con tu colegio<\/a><\/p>\n<\/li>\n<li>\n<p>        <img decoding=\"async\" src=\"\/wp-content\/uploads\/2024\/10\/team-building.jpg\" alt=\"\"><\/p>\n<h3>EVENTOS DE EMPRESAS<\/h3>\n<div>\n<p>Organiza el evento ideal para tu empresa en OXO Museo y comparte junto a tus compa\u00f1eros la diversi\u00f3n de los videojuegos cl\u00e1sicos que marcaron tu infancia.<\/p>\n<\/div>\n<p><a href=\"mailto:malaga@oxomuseo.com\">Organiza tu evento<\/a><\/p>\n<\/li>\n<\/ul>\n<h2>30 A\u00d1OS DE PLAYSTATION<\/h2>\n<div>\n<p><span>Desde la primera\u00a0<\/span><strong data-start=\"273\" data-end=\"296\">PlayStation de 1994<\/strong><span>\u00a0hasta la innovadora\u00a0<\/span><strong data-start=\"317\" data-end=\"334\">PlayStation 5<\/strong><span>, revivimos tres d\u00e9cadas que transformaron el mundo del videojuego. En OXO Museo del Videojuego M\u00e1laga te invitamos a descubrir\u00a0<\/span><strong data-start=\"462\" data-end=\"516\">\u201cPara nosotros, jugadores. 30 a\u00f1os de PlayStation\u201d.<\/strong><\/p>\n<\/div>\n<ul>\n<li>\n<div>Figuras de coleccionista<\/div>\n<\/li>\n<li>\n<div>\n<p><span>Juegos del pasado<\/span><\/p>\n<\/div>\n<\/li>\n<li>\n<div>\n<p>Simuladores<\/p>\n<\/div>\n<\/li>\n<\/ul>\n<p><p>\n        <a href=\"https:\/\/oxomuseomalaga.com\/exposicion-temporal-playstation\/\">EXPOSICI\u00d3N TEMPORAL<\/a>\n    <\/p>\n<\/p>\n<h2>COMPLEMENTA TU VISITA<\/h2>\n<ul>\n<li>\n<p>        <img decoding=\"async\" src=\"\/wp-content\/uploads\/2024\/10\/museo-exteriores.jpg\" alt=\"\"><\/p>\n<h3>RECOMENDACIONES PARA LA VISITA<\/h3>\n<p><a href=\"https:\/\/oxomuseomalaga.com\/faqs\/\"><\/a><\/p>\n<\/li>\n<li>\n<p>        <img decoding=\"async\" src=\"\/wp-content\/uploads\/2024\/10\/entrada-museo.jpg\" alt=\"\"><\/p>\n<h3>AUDIOGU\u00cdAS<\/h3>\n<p><a href=\"https:\/\/oxomuseomalaga.com\/audioguias\/\"><\/a><\/p>\n<\/li>\n<li>\n<p>        <img decoding=\"async\" src=\"\/wp-content\/uploads\/2024\/10\/terraza-catedral.jpg\" alt=\"\"><\/p>\n<h3>RESTAURANTE<\/h3>\n<p><a href=\"https:\/\/terrazacatedral.es\/\" rel=\"nofollow noopener\" target=\"_blank\"><\/a><\/p>\n<\/li>\n<\/ul>\n<h2>\u00bfALGUNA\u00a0<br \/>PREGUNTA?<\/h2>\n<ul>\n<li>\n<h3>\u00bfQU\u00c9 PUEDO ENCONTRAR Y HACER EN OXO?<\/h3>\n<div>\n<p><span style=\"font-weight: 400;\">En OXO disfrutar\u00e1s y descubrir\u00e1s los videojuegos como nunca lo has hecho. Podr\u00e1s asistir a una experiencia inmersiva en 3D, conocer la historia de los videojuegos desde sus inicios, jugar en sistemas incre\u00edbles y juegos cl\u00e1sicos o conocer las \u00faltimas tendencias y novedades del sector.<\/span><span style=\"font-weight: 400;\"><br \/><\/span><\/p>\n<\/div>\n<\/li>\n<li>\n<h3>\u00bfQU\u00c9 HORARIO TIENE EL MUSEO?<\/h3>\n<div>\n<p>De Lunes a Domingo de 11:00 a 22:00<\/p>\n<\/div>\n<\/li>\n<li>\n<h3>\u00bfTEN\u00c9IS TIENDA CON ART\u00cdCULOS DE VIDEOJUEGOS EN OXO?<\/h3>\n<div>\n<p><span style=\"font-weight: 400;\">En OXO encontrar\u00e1s una tienda de productos especializados en videojuegos de todo tipo, adem\u00e1s de merchandising oficial de las mejores marcas.<\/span><\/p>\n<\/div>\n<\/li>\n<li>\n<h3>\u00bfPUEDO TOMAR ALGO DE COMER EN OXO?<\/h3>\n<div>\n<p><span style=\"font-weight: 400;\">\u00a1Por supuesto! En OXO disponemos de un completo restaurante llamado Terraza Catedral en el que podr\u00e1s disfrutar de la mejor comida y c\u00f3cteles. <\/span><\/p>\n<\/div>\n<\/li>\n<li>\n<h3>\u00bfORGANIZ\u00c1IS EVENTOS EMPRESARIALES EN OXO?<\/h3>\n<div>\n<p><span style=\"font-weight: 400;\">S\u00ed, contacta con nosotros para reservar tu evento en un espacio \u00fanico.<\/span><\/p>\n<\/div>\n<\/li>\n<\/ul>\n<p><!--more--><br \/>\n<!-- {\"type\":\"layout\",\"children\":[{\"type\":\"section\",\"props\":{\"image\":\"\\\/wp-content\\\/uploads\\\/2024\\\/10\\\/oxo-museo-malaga.jpg\",\"image_position\":\"center-center\",\"image_size\":\"cover\",\"media_overlay\":\"rgba(0, 0, 0, 0.29)\",\"padding\":\"large\",\"style\":\"default\",\"title_breakpoint\":\"xl\",\"title_position\":\"top-left\",\"title_rotation\":\"left\",\"vertical_align\":\"\",\"width\":\"large\"},\"children\":[{\"type\":\"row\",\"children\":[{\"type\":\"column\",\"props\":{\"image_position\":\"center-center\",\"position_sticky_breakpoint\":\"m\",\"width_medium\":\"1-1\"},\"children\":[{\"type\":\"headline\",\"props\":{\"content\":\"VISITA<br \\\/>OXO MUSEO\",\"title_color\":\"background\",\"title_element\":\"h1\",\"title_font_family\":\"tertiary\",\"title_style\":\"heading-large\"}}]}]}],\"name\":\"Hero\"},{\"type\":\"section\",\"props\":{\"image_position\":\"center-center\",\"padding\":\"large\",\"style\":\"muted\",\"title_breakpoint\":\"xl\",\"title_position\":\"top-left\",\"title_rotation\":\"left\",\"vertical_align\":\"\",\"width\":\"large\"},\"children\":[{\"type\":\"row\",\"props\":{\"layout\":\"1-3,2-3\"},\"children\":[{\"type\":\"column\",\"props\":{\"image_position\":\"center-center\",\"position_sticky_breakpoint\":\"m\",\"vertical_align\":\"middle\",\"width_medium\":\"1-3\"},\"children\":[{\"type\":\"headline\",\"props\":{\"content\":\"VIVE EL PASADO, PRESENTE Y FUTURO DE LOS VIDEOJUEGOS\",\"css\":\".el-element{\\n    color: #000000;\\n    font-size:45px;\\n}\\n\",\"maxwidth\":\"large\",\"maxwidth_breakpoint\":\"m\",\"text_align\":\"left\",\"title_element\":\"h2\",\"title_font_family\":\"tertiary\",\"visibility\":\"l\"}},{\"type\":\"headline\",\"props\":{\"content\":\"VIVE EL PASADO, PRESENTE Y FUTURO DE LOS VIDEOJUEGOS\",\"css\":\".el-element{\\n    color: #000000;\\n    font-size:30px;\\n}\\n\",\"margin_remove_top\":true,\"maxwidth\":\"large\",\"maxwidth_breakpoint\":\"m\",\"text_align\":\"left\",\"title_element\":\"h2\",\"title_font_family\":\"tertiary\",\"visibility\":\"hidden-l\"}},{\"type\":\"text\",\"props\":{\"column_breakpoint\":\"m\",\"content\":\"\n\n<p>Descubre todas las opciones para visitar OXO Museo.<\\\/p>\",\"css\":\".el-element{\\n    color: #000000;\\n}\",\"margin\":\"default\",\"maxwidth\":\"medium\",\"maxwidth_breakpoint\":\"m\"}}]},{\"type\":\"column\",\"props\":{\"image_position\":\"center-center\",\"position_sticky_breakpoint\":\"m\",\"width_medium\":\"2-3\"},\"children\":[{\"type\":\"grid\",\"props\":{\"content_column_breakpoint\":\"m\",\"content_margin\":\"small\",\"css\":\".el-title{\\n    color: #000000;\\n    font-family: 'Acumin Pro';\\n}\\n.el-content{\\n    color: #000000;\\n}\\n.el-link{\\n    font-weight:900;\\n    font-style: bold;\\n}\\n\",\"filter_align\":\"left\",\"filter_all\":true,\"filter_grid_breakpoint\":\"m\",\"filter_grid_width\":\"auto\",\"filter_position\":\"top\",\"filter_style\":\"tab\",\"grid_column_align\":false,\"grid_default\":\"1\",\"grid_divider\":false,\"grid_medium\":\"\",\"grid_row_align\":false,\"grid_small\":\"2\",\"icon_width\":80,\"image_align\":\"top\",\"image_grid_breakpoint\":\"m\",\"image_grid_width\":\"1-2\",\"image_link\":true,\"image_loading\":true,\"image_svg_color\":\"emphasis\",\"image_transition\":\"scale-up\",\"image_transition_border\":false,\"image_width\":\"610\",\"item_animation\":true,\"lightbox_bg_close\":true,\"link_style\":\"primary\",\"link_target\":true,\"link_text\":\"\",\"margin\":\"default\",\"meta_align\":\"below-title\",\"meta_element\":\"div\",\"meta_style\":\"\",\"panel_expand\":\"content\",\"panel_image_no_padding\":true,\"panel_padding\":\"small\",\"panel_style\":\"card-primary\",\"parallax_easing\":\"1\",\"show_content\":true,\"show_hover_image\":true,\"show_hover_video\":true,\"show_image\":true,\"show_link\":true,\"show_meta\":true,\"show_title\":true,\"show_video\":true,\"text_align\":\"justify\",\"title_align\":\"top\",\"title_element\":\"h3\",\"title_font_family\":\"tertiary\",\"title_grid_breakpoint\":\"m\",\"title_grid_width\":\"1-2\",\"title_hover_style\":\"reset\",\"title_style\":\"h3\"},\"children\":[{\"type\":\"grid_item\",\"props\":{\"content\":\"\n\n<p>Adquiere tu entrada y disfruta de una experiencia \\u00fanica en el museo, explorando libremente cada una de sus plantas.<\\\/p>\",\"image\":\"\\\/wp-content\\\/uploads\\\/2024\\\/10\\\/visita-oxo.jpg\",\"link\":\"https:\\\/\\\/oxomuseomalaga.com\\\/entradas\\\/\",\"link_text\":\"Entrada General\",\"meta\":\"\",\"title\":\"VISITA LIBRE\"}},{\"type\":\"grid_item\",\"props\":{\"content\":\"\n\n<p>\\u00bfQuieres venir en familia al museo del videojuego? Disfruta de los mejores juegos y descubre los descuentos y paquetes familiares en nuestra secci\\u00f3n de entradas.<\\\/p>\",\"image\":\"\\\/wp-content\\\/uploads\\\/2024\\\/10\\\/VISITA-EN-FAMILIA.jpg\",\"link\":\"https:\\\/\\\/oxomuseomalaga.com\\\/entradas\\\/\",\"link_text\":\"Entrada Familiar\",\"meta\":\"\",\"title\":\"VISITA EN FAMILIA\"}}]}]}]},{\"type\":\"row\",\"children\":[{\"type\":\"column\",\"props\":{\"image_position\":\"center-center\",\"position_sticky_breakpoint\":\"m\",\"width_medium\":\"1-1\"},\"children\":[{\"type\":\"grid\",\"props\":{\"content_column_breakpoint\":\"m\",\"content_margin\":\"small\",\"css\":\".el-title{\\n    color: #000000;\\n    font-family: 'Acumin Pro';\\n}\\n.el-content{\\n    color: #000000;\\n}\\n.el-link{\\n    font-weight:900;\\n    font-style: bold;\\n}\",\"filter_align\":\"left\",\"filter_all\":true,\"filter_grid_breakpoint\":\"m\",\"filter_grid_width\":\"auto\",\"filter_position\":\"top\",\"filter_style\":\"tab\",\"grid_default\":\"1\",\"grid_medium\":\"3\",\"grid_small\":\"2\",\"icon_width\":80,\"image_align\":\"top\",\"image_border\":\"rounded\",\"image_grid_breakpoint\":\"m\",\"image_grid_width\":\"1-2\",\"image_link\":true,\"image_svg_color\":\"emphasis\",\"image_transition\":\"scale-up\",\"image_transition_border\":false,\"image_width\":\"610\",\"item_animation\":true,\"lightbox_bg_close\":true,\"link_style\":\"default\",\"link_text\":\"Read more\",\"margin\":\"default\",\"meta_align\":\"below-title\",\"meta_element\":\"div\",\"meta_style\":\"text-meta\",\"panel_expand\":\"content\",\"panel_image_no_padding\":true,\"panel_link\":true,\"panel_link_hover\":\"true\",\"panel_padding\":\"small\",\"panel_style\":\"card-primary\",\"parallax_easing\":\"1\",\"show_content\":true,\"show_hover_image\":true,\"show_hover_video\":true,\"show_image\":true,\"show_link\":true,\"show_meta\":true,\"show_title\":true,\"show_video\":true,\"text_align\":\"justify\",\"title_align\":\"top\",\"title_element\":\"h3\",\"title_font_family\":\"tertiary\",\"title_grid_breakpoint\":\"m\",\"title_grid_width\":\"1-2\",\"title_hover_style\":\"reset\",\"title_style\":\"h3\"},\"children\":[{\"type\":\"grid_item\",\"props\":{\"content\":\"\n\n<p>Disponemos de paquetes especiales para grupos y celebraciones. Inf\\u00f3rmate ahora y obt\\u00e9n un precio especial en tu visita a OXO Museo.<\\\/p>\",\"image\":\"wp-content\\\/uploads\\\/2024\\\/10\\\/SALA-INMERVISA-MALAGA.jpg\",\"link\":\"mailto:malaga@oxomuseo.com\",\"link_text\":\"Inf\\u00f3rmate\",\"meta\":\"\",\"title\":\"VISITAS EN GRUPO\"}},{\"type\":\"grid_item\",\"props\":{\"content\":\"\n\n<p>Ven a conocer el museo del videojuego con todos tus compa\\u00f1eros de clase, descubre la historia del videojuego a un precio especial.<\\\/p>\",\"image\":\"wp-content\\\/uploads\\\/2024\\\/10\\\/visita-escolres.jpg\",\"link\":\"mailto:malaga@oxomuseo.com\",\"link_text\":\"Ven con tu colegio\",\"meta\":\"\",\"title\":\"VISITAS ESCOLARES\"}},{\"type\":\"grid_item\",\"props\":{\"content\":\"\n\n<p>Organiza el evento ideal para tu empresa en OXO Museo y comparte junto a tus compa\\u00f1eros la diversi\\u00f3n de los videojuegos cl\\u00e1sicos que marcaron tu infancia.<\\\/p>\",\"image\":\"wp-content\\\/uploads\\\/2024\\\/10\\\/team-building.jpg\",\"link\":\"mailto:malaga@oxomuseo.com\",\"link_text\":\"Organiza tu evento\",\"meta\":\"\",\"title\":\"EVENTOS DE EMPRESAS\"}}]}]}]}],\"name\":\"Benefits\"},{\"type\":\"section\",\"props\":{\"image_position\":\"center-center\",\"padding\":\"large\",\"padding_remove_bottom\":false,\"padding_remove_top\":true,\"style\":\"muted\",\"title_breakpoint\":\"xl\",\"title_position\":\"top-left\",\"title_rotation\":\"left\",\"vertical_align\":\"\",\"width\":\"large\"},\"children\":[{\"type\":\"row\",\"props\":{\"column_gap\":\"collapse\",\"layout\":\"1-2,1-2\",\"margin\":\"small\",\"row_gap\":\"collapse\"},\"children\":[{\"type\":\"column\",\"props\":{\"image\":\"\\\/wp-content\\\/uploads\\\/2025\\\/11\\\/PS.jpg\",\"image_position\":\"center-center\",\"image_size\":\"cover\",\"padding\":\"xlarge\",\"position_sticky_breakpoint\":\"m\",\"width_medium\":\"1-2\"}},{\"type\":\"column\",\"props\":{\"image_position\":\"center-center\",\"order_first\":\"m\",\"position_sticky_breakpoint\":\"m\",\"style\":\"tile-default\",\"width_medium\":\"1-2\"},\"children\":[{\"type\":\"headline\",\"props\":{\"block_align\":\"center\",\"content\":\"30 A\\u00d1OS DE PLAYSTATION\",\"css\":\".el-element{\\n    line-height:1.2;\\n}\\n\",\"margin_remove_top\":false,\"maxwidth\":\"xlarge\",\"title_element\":\"h2\",\"title_font_family\":\"tertiary\",\"title_style\":\"h1\"}},{\"type\":\"text\",\"props\":{\"column_breakpoint\":\"m\",\"content\":\"\n\n<p><span>Desde la primera\\u00a0<\\\/span><strong data-start=\\\"273\\\" data-end=\\\"296\\\">PlayStation de 1994<\\\/strong><span>\\u00a0hasta la innovadora\\u00a0<\\\/span><strong data-start=\\\"317\\\" data-end=\\\"334\\\">PlayStation 5<\\\/strong><span>, revivimos tres d\\u00e9cadas que transformaron el mundo del videojuego. En OXO Museo del Videojuego M\\u00e1laga te invitamos a descubrir\\u00a0<\\\/span><strong data-start=\\\"462\\\" data-end=\\\"516\\\">\\u201cPara nosotros, jugadores. 30 a\\u00f1os de PlayStation\\u201d.<\\\/strong><\\\/p>\",\"margin\":\"medium\",\"maxwidth\":\"xlarge\",\"text_align\":\"justify\"}},{\"type\":\"list\",\"props\":{\"column_breakpoint\":\"m\",\"content_style\":\"h5\",\"image_align\":\"left\",\"image_svg_color\":\"emphasis\",\"image_vertical_align\":true,\"list_element\":\"ul\",\"list_horizontal_separator\":\", \",\"list_size\":\"large\",\"list_type\":\"vertical\",\"margin\":\"medium\",\"maxwidth\":\"large\",\"show_image\":true,\"show_link\":true},\"children\":[{\"type\":\"list_item\",\"props\":{\"content\":\"Figuras de coleccionista\",\"icon\":\"check\",\"icon_color\":\"primary\"}},{\"type\":\"list_item\",\"props\":{\"content\":\"\n\n<p><span>Juegos del pasado<\\\/span><\\\/p>\",\"icon\":\"check\",\"icon_color\":\"primary\"}},{\"type\":\"list_item\",\"props\":{\"content\":\"\n\n<p>Simuladores<\\\/p>\",\"icon\":\"check\",\"icon_color\":\"primary\"}}]},{\"type\":\"button\",\"props\":{\"grid_column_gap\":\"small\",\"grid_row_gap\":\"small\",\"margin\":\"default\"},\"children\":[{\"type\":\"button_item\",\"props\":{\"button_style\":\"primary\",\"content\":\"EXPOSICI\\u00d3N TEMPORAL\",\"dialog_layout\":\"modal\",\"dialog_offcanvas_flip\":true,\"icon_align\":\"left\",\"link\":\"https:\\\/\\\/oxomuseomalaga.com\\\/exposicion-temporal-playstation\\\/\"}}]}]}]}],\"name\":\"Events\"},{\"type\":\"section\",\"props\":{\"css\":\".el-section{\\n    background-color: #eaeaea;\\n}\\n\",\"image_effect\":\"parallax\",\"image_parallax_bgy\":\"-25,-125\",\"image_parallax_breakpoint\":\"m\",\"image_parallax_easing\":\"1\",\"image_position\":\"top-center\",\"padding\":\"large\",\"style\":\"muted\",\"title_breakpoint\":\"xl\",\"title_position\":\"top-left\",\"title_rotation\":\"left\",\"vertical_align\":\"\",\"width\":\"large\"},\"children\":[{\"type\":\"row\",\"children\":[{\"type\":\"column\",\"props\":{\"image_position\":\"center-center\",\"position_sticky_breakpoint\":\"m\",\"width_medium\":\"1-1\"},\"children\":[{\"type\":\"headline\",\"props\":{\"block_align\":\"center\",\"content\":\"COMPLEMENTA TU VISITA\",\"css\":\".el-element{\\n    font-family: 'Acumin Pro';\\n    font-weight: 900;\\n    font-style: bold;\\n    font-size: 60px;\\n    color:#000;\\n}\\n\",\"margin\":\"medium\",\"text_align\":\"center\",\"title_element\":\"h2\",\"title_font_family\":\"tertiary\",\"title_style\":\"h1\"}},{\"type\":\"grid\",\"props\":{\"content_align\":false,\"content_column_breakpoint\":\"m\",\"content_margin\":\"small\",\"css\":\".el-title{\\n    color: #000;\\n    font-family: 'Acumin Pro';\\n    font-size:20px;\\n    line-height:0.8;\\n}\\n.el-content{\\n    color: #000000;\\n}\",\"filter_align\":\"left\",\"filter_all\":true,\"filter_grid_breakpoint\":\"m\",\"filter_grid_width\":\"auto\",\"filter_position\":\"top\",\"filter_style\":\"tab\",\"grid_default\":\"1\",\"grid_divider\":false,\"grid_masonry\":\"pack\",\"grid_medium\":\"3\",\"grid_small\":\"2\",\"icon_width\":80,\"image_align\":\"top\",\"image_grid_breakpoint\":\"m\",\"image_grid_width\":\"1-2\",\"image_link\":true,\"image_svg_color\":\"emphasis\",\"image_width\":\"610\",\"item_animation\":true,\"lightbox_bg_close\":true,\"link_style\":\"default\",\"link_text\":\"\",\"margin\":\"default\",\"meta_align\":\"below-title\",\"meta_element\":\"div\",\"meta_style\":\"text-meta\",\"panel_image_no_padding\":true,\"panel_padding\":\"small\",\"panel_style\":\"card-primary\",\"parallax_easing\":\"1\",\"show_content\":true,\"show_hover_image\":true,\"show_hover_video\":true,\"show_image\":true,\"show_link\":true,\"show_meta\":true,\"show_title\":true,\"show_video\":true,\"title_align\":\"top\",\"title_element\":\"h3\",\"title_grid_breakpoint\":\"m\",\"title_grid_width\":\"1-2\",\"title_hover_style\":\"reset\",\"title_style\":\"h3\"},\"children\":[{\"type\":\"grid_item\",\"props\":{\"content\":\"\",\"image\":\"wp-content\\\/uploads\\\/2024\\\/10\\\/museo-exteriores.jpg\",\"link\":\"https:\\\/\\\/oxomuseomalaga.com\\\/faqs\\\/\",\"meta\":\"\",\"title\":\"RECOMENDACIONES PARA LA VISITA\"}},{\"type\":\"grid_item\",\"props\":{\"content\":\"\",\"image\":\"\\\/wp-content\\\/uploads\\\/2024\\\/10\\\/entrada-museo.jpg\",\"link\":\"https:\\\/\\\/oxomuseomalaga.com\\\/audioguias\\\/\",\"meta\":\"\",\"title\":\"AUDIOGU\\u00cdAS\"}},{\"type\":\"grid_item\",\"props\":{\"content\":\"\",\"image\":\"wp-content\\\/uploads\\\/2024\\\/10\\\/terraza-catedral.jpg\",\"link\":\"https:\\\/\\\/terrazacatedral.es\\\/\",\"meta\":\"\",\"title\":\"RESTAURANTE\"}}]}]}]}],\"name\":\"Call to Action\"},{\"type\":\"section\",\"props\":{\"image_position\":\"center-center\",\"padding\":\"large\",\"style\":\"default\",\"title_breakpoint\":\"xl\",\"title_position\":\"top-left\",\"title_rotation\":\"left\",\"vertical_align\":\"\",\"width\":\"default\"},\"children\":[{\"type\":\"row\",\"props\":{\"layout\":\"1-3,2-3\"},\"children\":[{\"type\":\"column\",\"props\":{\"image_position\":\"center-center\",\"position_sticky_breakpoint\":\"m\",\"width_medium\":\"1-3\"},\"children\":[{\"type\":\"headline\",\"props\":{\"content\":\"\\u00bfALGUNA\\u00a0<br \\\/>PREGUNTA?\",\"css\":\".el-element{\\n    font-size:50px;\\n}\\n\",\"maxwidth\":\"medium\",\"title_element\":\"h2\",\"title_font_family\":\"tertiary\",\"title_style\":\"h1\"}}]},{\"type\":\"column\",\"props\":{\"image_position\":\"center-center\",\"position_sticky_breakpoint\":\"m\",\"width_medium\":\"2-3\"},\"children\":[{\"type\":\"accordion\",\"props\":{\"collapsible\":true,\"content_column_breakpoint\":\"m\",\"image_align\":\"top\",\"image_grid_breakpoint\":\"m\",\"image_grid_width\":\"1-2\",\"image_svg_color\":\"emphasis\",\"link_style\":\"default\",\"link_text\":\"Read more\",\"multiple\":true,\"show_image\":true,\"show_link\":true},\"children\":[{\"type\":\"accordion_item\",\"props\":{\"content\":\"\n\n<p><span style=\\\"font-weight: 400;\\\">En OXO disfrutar\\u00e1s y descubrir\\u00e1s los videojuegos como nunca lo has hecho. Podr\\u00e1s asistir a una experiencia inmersiva en 3D, conocer la historia de los videojuegos desde sus inicios, jugar en sistemas incre\\u00edbles y juegos cl\\u00e1sicos o conocer las \\u00faltimas tendencias y novedades del sector.<\\\/span><span style=\\\"font-weight: 400;\\\"><br \\\/><\\\/span><\\\/p>\",\"title\":\"\\u00bfQU\\u00c9 PUEDO ENCONTRAR Y HACER EN OXO?\"}},{\"type\":\"accordion_item\",\"props\":{\"content\":\"\n\n<p>De Lunes a Domingo de 11:00 a 22:00<\\\/p>\",\"title\":\"\\u00bfQU\\u00c9 HORARIO TIENE EL MUSEO?\"}},{\"type\":\"accordion_item\",\"props\":{\"content\":\"\n\n<p><span style=\\\"font-weight: 400;\\\">En OXO encontrar\\u00e1s una tienda de productos especializados en videojuegos de todo tipo, adem\\u00e1s de merchandising oficial de las mejores marcas.<\\\/span><\\\/p>\",\"title\":\"\\u00bfTEN\\u00c9IS TIENDA CON ART\\u00cdCULOS DE VIDEOJUEGOS EN OXO?\"}},{\"type\":\"accordion_item\",\"props\":{\"content\":\"\n\n<p><span style=\\\"font-weight: 400;\\\">\\u00a1Por supuesto! En OXO disponemos de un completo restaurante llamado Terraza Catedral en el que podr\\u00e1s disfrutar de la mejor comida y c\\u00f3cteles. <\\\/span><\\\/p>\",\"title\":\"\\u00bfPUEDO TOMAR ALGO DE COMER EN OXO?\"}},{\"type\":\"accordion_item\",\"props\":{\"content\":\"\n\n<p><span style=\\\"font-weight: 400;\\\">S\\u00ed, contacta con nosotros para reservar tu evento en un espacio \\u00fanico.<\\\/span><\\\/p>\",\"title\":\"\\u00bfORGANIZ\\u00c1IS EVENTOS EMPRESARIALES EN OXO?\"}}]}]}]}],\"name\":\"FAQ\"}],\"version\":\"4.5.32\"} --><\/p>\n","protected":false},"excerpt":{"rendered":"<p>VISITAOXO MUSEO VIVE EL PASADO, PRESENTE Y FUTURO DE LOS VIDEOJUEGOS VIVE EL PASADO, PRESENTE Y FUTURO DE LOS VIDEOJUEGOS Descubre todas las opciones para visitar OXO Museo. VISITA LIBRE Adquiere tu entrada y disfruta de una experiencia \u00fanica en el museo, explorando libremente cada una de sus plantas. Entrada General VISITA EN FAMILIA \u00bfQuieres [&hellip;]<\/p>\n","protected":false},"author":1,"featured_media":0,"parent":0,"menu_order":0,"comment_status":"closed","ping_status":"closed","template":"","meta":{"footnotes":""},"class_list":["post-15077","page","type-page","status-publish","hentry"],"_links":{"self":[{"href":"https:\/\/oxomuseomalaga.com\/en\/wp-json\/wp\/v2\/pages\/15077","targetHints":{"allow":["GET"]}}],"collection":[{"href":"https:\/\/oxomuseomalaga.com\/en\/wp-json\/wp\/v2\/pages"}],"about":[{"href":"https:\/\/oxomuseomalaga.com\/en\/wp-json\/wp\/v2\/types\/page"}],"author":[{"embeddable":true,"href":"https:\/\/oxomuseomalaga.com\/en\/wp-json\/wp\/v2\/users\/1"}],"replies":[{"embeddable":true,"href":"https:\/\/oxomuseomalaga.com\/en\/wp-json\/wp\/v2\/comments?post=15077"}],"version-history":[{"count":2,"href":"https:\/\/oxomuseomalaga.com\/en\/wp-json\/wp\/v2\/pages\/15077\/revisions"}],"predecessor-version":[{"id":18743,"href":"https:\/\/oxomuseomalaga.com\/en\/wp-json\/wp\/v2\/pages\/15077\/revisions\/18743"}],"wp:attachment":[{"href":"https:\/\/oxomuseomalaga.com\/en\/wp-json\/wp\/v2\/media?parent=15077"}],"curies":[{"name":"wp","href":"https:\/\/api.w.org\/{rel}","templated":true}]}}