{"id":14747,"date":"2024-06-19T16:58:23","date_gmt":"2024-06-19T14:58:23","guid":{"rendered":"https:\/\/oxomuseo.com\/?page_id=14747"},"modified":"2025-06-23T10:32:19","modified_gmt":"2025-06-23T08:32:19","slug":"dinamic","status":"publish","type":"page","link":"https:\/\/oxomuseomalaga.com\/en\/dinamic\/","title":{"rendered":"Dinamic"},"content":{"rendered":"<h1>\n<p style=\"text-align: right;\">DINAMIC<\/p>\n<\/h1>\n<h1>\n<p style=\"text-align: center;\">DINAMIC<\/p>\n<\/h1>\n<div>\n<p style=\"text-align: left;\">La exposici\u00f3n temporal \u00abDinamic, la Primera Compa\u00f1\u00eda espa\u00f1ola de videojuegos\u00bb en colaboraci\u00f3n con Dinamic, repasa 40 a\u00f1os de historia de la empresa. Desde sus inicios en la buhardilla de sus padres hasta alcanzar el \u00e9xito en Europa.<\/p>\n<p style=\"text-align: left;\"><strong>M\u00e1s de 150.000 visitantes han disfrutado de esta exposici\u00f3n que finaliz\u00f3 el 21 de\u00a0junio\u00a0de\u00a02025.<\/strong><\/p>\n<\/div>\n<p><img decoding=\"async\" src=\"\/wp-content\/uploads\/2024\/06\/dinamic.png\" alt=\"\"><\/p>\n<div>\n<p style=\"text-align: center;\">La exposici\u00f3n temporal \u00abDinamic, la Primera Compa\u00f1\u00eda espa\u00f1ola de videojuegos\u00bb en colaboraci\u00f3n con Dinamic, repasa 40 a\u00f1os de historia de la empresa. Desde sus inicios en la buhardilla de sus padres hasta alcanzar el \u00e9xito en Europa.<\/p>\n<\/div>\n<p><img decoding=\"async\" src=\"\/wp-content\/uploads\/2024\/06\/dinamic.png\" alt=\"\"><br \/>\n<img decoding=\"async\" src=\"\/wp-content\/uploads\/2025\/06\/DINAMIC_POSTER_300DP.jpg\" alt=\"\"><\/p>\n<h1>\u00abDINAMIC, LA PRIMERA COMPA\u00d1\u00cdA ESPA\u00d1OLA DE VIDEOJUEGOS\u00bb<\/h1>\n<h1>\n<p style=\"text-align: center;\">\u00abDINAMIC, LA PRIMERA COMPA\u00d1\u00cdA ESPA\u00d1OLA DE VIDEOJUEGOS\u00bb<\/p>\n<\/h1>\n<div>\n<p>Dinamic es todo un \u00edcono y s\u00edmbolo de la creaci\u00f3n de videojuegos en Espa\u00f1a. Un sello que marc\u00f3 a generaciones de jugadores y creadores, definiendo el camino a seguir para profesionales y empresas, vertebrando la incipiente industria del videojuego durante los a\u00f1os 80.<\/p>\n<p>La exposici\u00f3n cuenta con material exclusivo de los archivos de Dinamic, incluyendo ilustraciones originales, esculturas, instalaciones y otras sorpresas para los visitantes. Podr\u00e1s celebrar y descubrir los juegos de Dinamic y los secretos de su producci\u00f3n.\u00a0<\/p>\n<\/div>\n<p><p>\n        <a href=\"https:\/\/oxomuseo.com\/entradas\/\" rel=\"nofollow noopener\" target=\"_blank\">COMPRAR ENTRADAS<\/a>\n    <\/p>\n<\/p>\n<p><img decoding=\"async\" src=\"\/wp-content\/uploads\/2024\/09\/MEMBRETE-MUSEO-NEXT-GENERATION1.png\" alt=\"\"><\/p>\n<h1>VER EXPOSICI\u00d3N<\/h1>\n<ul>\n<li>\n<p>        <img decoding=\"async\" src=\"\/wp-content\/uploads\/2024\/06\/capitan-sevilla-OXO.jpg\" alt=\"\"><\/p>\n<\/li>\n<li>\n<p>        <img decoding=\"async\" src=\"\/wp-content\/uploads\/2024\/06\/oxo-malaga.jpg\" alt=\"\"><\/p>\n<\/li>\n<li>\n<p>        <img decoding=\"async\" src=\"\/wp-content\/uploads\/2024\/06\/dinamic-oxo-malaga.jpg\" alt=\"\"><\/p>\n<\/li>\n<li>\n<p>        <img decoding=\"async\" src=\"\/wp-content\/uploads\/2024\/06\/dinamic-oxo.jpg\" alt=\"\"><\/p>\n<\/li>\n<li>\n<p>        <img decoding=\"async\" src=\"\/wp-content\/uploads\/2024\/06\/dinamic-oxo-museo-malaga.jpg\" alt=\"\"><\/p>\n<\/li>\n<li>\n<p>        <img decoding=\"async\" src=\"\/wp-content\/uploads\/2024\/06\/dinamic-oxo-museo.jpg\" alt=\"\"><\/p>\n<\/li>\n<li>\n<p>        <img decoding=\"async\" src=\"\/wp-content\/uploads\/2024\/06\/don-quijote-dinamic.jpg\" alt=\"\"><\/p>\n<\/li>\n<li>\n<p>        <img decoding=\"async\" src=\"\/wp-content\/uploads\/2024\/06\/Mansion-dinamic.jpg\" alt=\"\"><\/p>\n<\/li>\n<li>\n<p>        <img decoding=\"async\" src=\"\/wp-content\/uploads\/2024\/06\/oxo-dinamic.jpg\" alt=\"\"><\/p>\n<\/li>\n<\/ul>\n<ul>\n<li>\n<p>        <img decoding=\"async\" src=\"\/wp-content\/uploads\/2024\/06\/capitan-sevilla-OXO.jpg\" alt=\"\"><\/p>\n<\/li>\n<li>\n<p>        <img decoding=\"async\" src=\"\/wp-content\/uploads\/2024\/06\/oxo-malaga.jpg\" alt=\"\"><\/p>\n<\/li>\n<li>\n<p>        <img decoding=\"async\" src=\"\/wp-content\/uploads\/2024\/06\/dinamic-oxo-malaga.jpg\" alt=\"\"><\/p>\n<\/li>\n<li>\n<p>        <img decoding=\"async\" src=\"\/wp-content\/uploads\/2024\/06\/dinamic-oxo.jpg\" alt=\"\"><\/p>\n<\/li>\n<li>\n<p>        <img decoding=\"async\" src=\"\/wp-content\/uploads\/2024\/06\/dinamic-oxo-museo-malaga.jpg\" alt=\"\"><\/p>\n<\/li>\n<li>\n<p>        <img decoding=\"async\" src=\"\/wp-content\/uploads\/2024\/06\/dinamic-oxo-museo.jpg\" alt=\"\"><\/p>\n<\/li>\n<li>\n<p>        <img decoding=\"async\" src=\"\/wp-content\/uploads\/2024\/06\/don-quijote-dinamic.jpg\" alt=\"\"><\/p>\n<\/li>\n<li>\n<p>        <img decoding=\"async\" src=\"\/wp-content\/uploads\/2024\/06\/Mansion-dinamic.jpg\" alt=\"\"><\/p>\n<\/li>\n<li>\n<p>        <img decoding=\"async\" src=\"\/wp-content\/uploads\/2024\/06\/oxo-dinamic.jpg\" alt=\"\"><\/p>\n<\/li>\n<li>\n<p>        <img decoding=\"async\" src=\"\/wp-content\/uploads\/2024\/06\/oxo.jpg\" alt=\"\"><\/p>\n<\/li>\n<\/ul>\n<p><!--more--><br \/>\n<!-- {\"type\":\"layout\",\"children\":[{\"type\":\"section\",\"props\":{\"image_position\":\"center-center\",\"style\":\"default\",\"title_breakpoint\":\"xl\",\"title_position\":\"top-left\",\"title_rotation\":\"left\",\"vertical_align\":\"\",\"width\":\"\"},\"children\":[{\"type\":\"row\",\"props\":{\"layout\":\"1-2,1-2\"},\"children\":[{\"type\":\"column\",\"props\":{\"image_position\":\"center-center\",\"position_sticky_breakpoint\":\"m\",\"vertical_align\":\"middle\",\"width_medium\":\"1-2\"},\"children\":[{\"type\":\"headline\",\"props\":{\"content\":\"\n\n<p style=\\\"text-align: right;\\\">DINAMIC<\\\/p>\",\"css\":\"P{\\n    font-weight: 100; \\n}\\n\",\"title_element\":\"h1\",\"title_font_family\":\"tertiary\",\"title_style\":\"heading-xlarge\",\"visibility\":\"l\"}},{\"type\":\"headline\",\"props\":{\"content\":\"\n\n<p style=\\\"text-align: center;\\\">DINAMIC<\\\/p>\",\"css\":\"P{\\n    font-weight: 100; \\n}\\n\",\"text_align\":\"center\",\"title_element\":\"h1\",\"title_font_family\":\"tertiary\",\"title_style\":\"heading-xlarge\",\"visibility\":\"hidden-l\"}},{\"type\":\"text\",\"props\":{\"block_align\":\"right\",\"column_breakpoint\":\"m\",\"content\":\"\n\n<p style=\\\"text-align: left;\\\">La exposici\\u00f3n temporal \\\"Dinamic, la Primera Compa\\u00f1\\u00eda espa\\u00f1ola de videojuegos\\\" en colaboraci\\u00f3n con Dinamic, repasa 40 a\\u00f1os de historia de la empresa. Desde sus inicios en la buhardilla de sus padres hasta alcanzar el \\u00e9xito en Europa.<\\\/p>\\n\n\n<p style=\\\"text-align: left;\\\"><strong>M\\u00e1s de 150.000 visitantes han disfrutado de esta exposici\\u00f3n que finaliz\\u00f3 el 21 de\\u00a0junio\\u00a0de\\u00a02025.<\\\/strong><\\\/p>\",\"css\":\".el-element{\\n    font-size:18px;\\n}\\n\",\"margin\":\"default\",\"maxwidth\":\"xlarge\",\"text_align\":\"justify\",\"visibility\":\"l\"}},{\"type\":\"image\",\"props\":{\"image\":\"wp-content\\\/uploads\\\/2024\\\/06\\\/dinamic.png\",\"image_svg_color\":\"emphasis\",\"margin\":\"default\",\"text_align\":\"center\",\"visibility\":\"hidden-l\"}},{\"type\":\"text\",\"props\":{\"block_align\":\"right\",\"column_breakpoint\":\"m\",\"content\":\"\n\n<p style=\\\"text-align: center;\\\">La exposici\\u00f3n temporal \\\"Dinamic, la Primera Compa\\u00f1\\u00eda espa\\u00f1ola de videojuegos\\\" en colaboraci\\u00f3n con Dinamic, repasa 40 a\\u00f1os de historia de la empresa. Desde sus inicios en la buhardilla de sus padres hasta alcanzar el \\u00e9xito en Europa.<\\\/p>\",\"margin\":\"default\",\"maxwidth\":\"xlarge\",\"text_align\":\"center\",\"visibility\":\"hidden-l\"}}]},{\"type\":\"column\",\"props\":{\"image_position\":\"center-center\",\"position_sticky_breakpoint\":\"m\",\"width_medium\":\"1-2\"},\"children\":[{\"type\":\"image\",\"props\":{\"image\":\"wp-content\\\/uploads\\\/2024\\\/06\\\/dinamic.png\",\"image_svg_color\":\"emphasis\",\"margin\":\"default\",\"visibility\":\"l\"}}]}]}]},{\"type\":\"section\",\"props\":{\"image_position\":\"center-center\",\"style\":\"default\",\"title_breakpoint\":\"xl\",\"title_position\":\"top-left\",\"title_rotation\":\"left\",\"vertical_align\":\"\",\"width\":\"default\"},\"children\":[{\"type\":\"row\",\"props\":{\"layout\":\"1-2,1-2\"},\"children\":[{\"type\":\"column\",\"props\":{\"image_position\":\"center-center\",\"position_sticky_breakpoint\":\"m\",\"width_medium\":\"1-2\"},\"children\":[{\"type\":\"image\",\"props\":{\"css\":\".el-image{\\n    border-radius:24px;\\n}\\n\",\"image\":\"wp-content\\\/uploads\\\/2025\\\/06\\\/DINAMIC_POSTER_300DP.jpg\",\"image_height\":650,\"image_svg_color\":\"emphasis\",\"margin\":\"default\"}}]},{\"type\":\"column\",\"props\":{\"image_position\":\"center-center\",\"position_sticky_breakpoint\":\"m\",\"vertical_align\":\"middle\",\"width_medium\":\"1-2\"},\"children\":[{\"type\":\"headline\",\"props\":{\"content\":\"\\\"DINAMIC, LA PRIMERA COMPA\\u00d1\\u00cdA ESPA\\u00d1OLA DE VIDEOJUEGOS\\\"\",\"css\":\".el-element{\\n    line-height: 1.1;\\n}\\n\",\"text_align\":\"center\",\"title_element\":\"h1\",\"title_font_family\":\"tertiary\",\"visibility\":\"l\"}},{\"type\":\"headline\",\"props\":{\"content\":\"\n\n<p style=\\\"text-align: center;\\\">\\\"DINAMIC, LA PRIMERA COMPA\\u00d1\\u00cdA ESPA\\u00d1OLA DE VIDEOJUEGOS\\\"<\\\/p>\",\"text_align\":\"center\",\"title_element\":\"h1\",\"title_font_family\":\"tertiary\",\"visibility\":\"hidden-l\"}},{\"type\":\"text\",\"props\":{\"column_breakpoint\":\"m\",\"content\":\"\n\n<p>Dinamic es todo un \\u00edcono y s\\u00edmbolo de la creaci\\u00f3n de videojuegos en Espa\\u00f1a. Un sello que marc\\u00f3 a generaciones de jugadores y creadores, definiendo el camino a seguir para profesionales y empresas, vertebrando la incipiente industria del videojuego durante los a\\u00f1os 80.<\\\/p>\\n\n\n<p>La exposici\\u00f3n cuenta con material exclusivo de los archivos de Dinamic, incluyendo ilustraciones originales, esculturas, instalaciones y otras sorpresas para los visitantes. Podr\\u00e1s celebrar y descubrir los juegos de Dinamic y los secretos de su producci\\u00f3n.\\u00a0<\\\/p>\",\"css\":\".el-element{\\n    font-size:18px;\\n    color: #fff;\\n}\\n\",\"margin\":\"medium\",\"text_align\":\"justify\"}},{\"type\":\"button\",\"props\":{\"button_size\":\"large\",\"grid_column_gap\":\"small\",\"grid_row_gap\":\"small\",\"margin\":\"default\",\"text_align\":\"center\"},\"children\":[{\"type\":\"button_item\",\"props\":{\"button_style\":\"primary\",\"content\":\"COMPRAR ENTRADAS\",\"dialog_layout\":\"modal\",\"dialog_offcanvas_flip\":true,\"icon_align\":\"left\",\"link\":\"https:\\\/\\\/oxomuseo.com\\\/entradas\\\/\"}}]}]}]}]},{\"type\":\"section\",\"props\":{\"image_position\":\"center-center\",\"style\":\"default\",\"title_breakpoint\":\"xl\",\"title_position\":\"top-left\",\"title_rotation\":\"left\",\"vertical_align\":\"\",\"width\":\"small\"},\"children\":[{\"type\":\"row\",\"children\":[{\"type\":\"column\",\"props\":{\"image_position\":\"center-center\",\"position_sticky_breakpoint\":\"m\"},\"children\":[{\"type\":\"image\",\"props\":{\"css\":\".el-element{\\n    background:#ffffff;\\n    padding:10px;\\n    border-radius:12px;\\n}\",\"image\":\"wp-content\\\/uploads\\\/2024\\\/09\\\/MEMBRETE-MUSEO-NEXT-GENERATION1.png\",\"image_svg_color\":\"emphasis\",\"margin\":\"default\",\"text_align\":\"center\"}}]}]}]},{\"type\":\"section\",\"props\":{\"image_position\":\"center-center\",\"padding\":\"small\",\"style\":\"default\",\"title_breakpoint\":\"xl\",\"title_position\":\"top-left\",\"title_rotation\":\"left\",\"vertical_align\":\"\",\"width\":\"default\"},\"children\":[{\"type\":\"row\",\"children\":[{\"type\":\"column\",\"props\":{\"image_position\":\"center-center\",\"position_sticky_breakpoint\":\"m\"},\"children\":[{\"type\":\"headline\",\"props\":{\"content\":\"VER EXPOSICI\\u00d3N\",\"text_align\":\"center\",\"title_element\":\"h1\",\"title_font_family\":\"tertiary\"}},{\"type\":\"gallery\",\"props\":{\"filter_align\":\"left\",\"filter_all\":true,\"filter_grid_breakpoint\":\"m\",\"filter_grid_width\":\"auto\",\"filter_position\":\"top\",\"filter_style\":\"tab\",\"grid_column_gap\":\"small\",\"grid_default\":\"1\",\"grid_medium\":\"3\",\"grid_parallax\":\"120\",\"grid_row_gap\":\"small\",\"image_border\":\"rounded\",\"image_box_shadow\":\"medium\",\"image_transition_border\":false,\"item_animation\":true,\"lightbox_bg_close\":true,\"link_style\":\"default\",\"link_text\":\"Read more\",\"margin\":\"default\",\"meta_align\":\"below-title\",\"meta_element\":\"div\",\"meta_style\":\"text-meta\",\"overlay_hover\":false,\"overlay_mode\":\"caption\",\"overlay_position\":\"center\",\"overlay_style\":\"overlay-primary\",\"overlay_transition\":\"fade\",\"show_content\":true,\"show_hover_image\":true,\"show_hover_video\":true,\"show_link\":true,\"show_meta\":true,\"show_title\":true,\"text_align\":\"center\",\"text_color\":\"light\",\"title_element\":\"h3\",\"title_hover_style\":\"reset\",\"visibility\":\"l\"},\"children\":[{\"type\":\"gallery_item\",\"props\":{\"image\":\"wp-content\\\/uploads\\\/2024\\\/06\\\/capitan-sevilla-OXO.jpg\"}},{\"type\":\"gallery_item\",\"props\":{\"image\":\"wp-content\\\/uploads\\\/2024\\\/06\\\/oxo-malaga.jpg\"}},{\"type\":\"gallery_item\",\"props\":{\"image\":\"wp-content\\\/uploads\\\/2024\\\/06\\\/dinamic-oxo-malaga.jpg\"}},{\"type\":\"gallery_item\",\"props\":{\"image\":\"wp-content\\\/uploads\\\/2024\\\/06\\\/dinamic-oxo.jpg\"}},{\"type\":\"gallery_item\",\"props\":{\"image\":\"wp-content\\\/uploads\\\/2024\\\/06\\\/dinamic-oxo-museo-malaga.jpg\"}},{\"type\":\"gallery_item\",\"props\":{\"image\":\"wp-content\\\/uploads\\\/2024\\\/06\\\/dinamic-oxo-museo.jpg\"}},{\"type\":\"gallery_item\",\"props\":{\"image\":\"wp-content\\\/uploads\\\/2024\\\/06\\\/don-quijote-dinamic.jpg\"}},{\"type\":\"gallery_item\",\"props\":{\"image\":\"wp-content\\\/uploads\\\/2024\\\/06\\\/Mansion-dinamic.jpg\"}},{\"type\":\"gallery_item\",\"props\":{\"image\":\"wp-content\\\/uploads\\\/2024\\\/06\\\/oxo-dinamic.jpg\"}}]},{\"type\":\"gallery\",\"props\":{\"filter_align\":\"left\",\"filter_all\":true,\"filter_grid_breakpoint\":\"m\",\"filter_grid_width\":\"auto\",\"filter_position\":\"top\",\"filter_style\":\"tab\",\"grid_column_gap\":\"small\",\"grid_default\":\"2\",\"grid_medium\":\"3\",\"grid_parallax\":\"120\",\"grid_row_gap\":\"small\",\"image_border\":\"rounded\",\"image_box_shadow\":\"medium\",\"image_transition_border\":false,\"item_animation\":true,\"lightbox_bg_close\":true,\"link_style\":\"default\",\"link_text\":\"Read more\",\"margin\":\"default\",\"meta_align\":\"below-title\",\"meta_element\":\"div\",\"meta_style\":\"text-meta\",\"overlay_hover\":false,\"overlay_mode\":\"caption\",\"overlay_position\":\"center\",\"overlay_style\":\"overlay-primary\",\"overlay_transition\":\"fade\",\"show_content\":true,\"show_hover_image\":true,\"show_hover_video\":true,\"show_link\":true,\"show_meta\":true,\"show_title\":true,\"text_align\":\"center\",\"text_color\":\"light\",\"title_element\":\"h3\",\"title_hover_style\":\"reset\",\"visibility\":\"hidden-l\"},\"children\":[{\"type\":\"gallery_item\",\"props\":{\"image\":\"wp-content\\\/uploads\\\/2024\\\/06\\\/capitan-sevilla-OXO.jpg\"}},{\"type\":\"gallery_item\",\"props\":{\"image\":\"wp-content\\\/uploads\\\/2024\\\/06\\\/oxo-malaga.jpg\"}},{\"type\":\"gallery_item\",\"props\":{\"image\":\"wp-content\\\/uploads\\\/2024\\\/06\\\/dinamic-oxo-malaga.jpg\"}},{\"type\":\"gallery_item\",\"props\":{\"image\":\"wp-content\\\/uploads\\\/2024\\\/06\\\/dinamic-oxo.jpg\"}},{\"type\":\"gallery_item\",\"props\":{\"image\":\"wp-content\\\/uploads\\\/2024\\\/06\\\/dinamic-oxo-museo-malaga.jpg\"}},{\"type\":\"gallery_item\",\"props\":{\"image\":\"wp-content\\\/uploads\\\/2024\\\/06\\\/dinamic-oxo-museo.jpg\"}},{\"type\":\"gallery_item\",\"props\":{\"image\":\"wp-content\\\/uploads\\\/2024\\\/06\\\/don-quijote-dinamic.jpg\"}},{\"type\":\"gallery_item\",\"props\":{\"image\":\"wp-content\\\/uploads\\\/2024\\\/06\\\/Mansion-dinamic.jpg\"}},{\"type\":\"gallery_item\",\"props\":{\"image\":\"wp-content\\\/uploads\\\/2024\\\/06\\\/oxo-dinamic.jpg\"}},{\"type\":\"gallery_item\",\"props\":{\"image\":\"wp-content\\\/uploads\\\/2024\\\/06\\\/oxo.jpg\"}}]}]}]}]}],\"version\":\"4.5.6\"} --><\/p>\n","protected":false},"excerpt":{"rendered":"<p>DINAMIC DINAMIC La exposici\u00f3n temporal \u00abDinamic, la Primera Compa\u00f1\u00eda espa\u00f1ola de videojuegos\u00bb en colaboraci\u00f3n con Dinamic, repasa 40 a\u00f1os de historia de la empresa. Desde sus inicios en la buhardilla de sus padres hasta alcanzar el \u00e9xito en Europa. M\u00e1s de 150.000 visitantes han disfrutado de esta exposici\u00f3n que finaliz\u00f3 el 21 de\u00a0junio\u00a0de\u00a02025. La exposici\u00f3n [&hellip;]<\/p>\n","protected":false},"author":1,"featured_media":0,"parent":0,"menu_order":0,"comment_status":"closed","ping_status":"closed","template":"","meta":{"footnotes":""},"class_list":["post-14747","page","type-page","status-publish","hentry"],"_links":{"self":[{"href":"https:\/\/oxomuseomalaga.com\/en\/wp-json\/wp\/v2\/pages\/14747","targetHints":{"allow":["GET"]}}],"collection":[{"href":"https:\/\/oxomuseomalaga.com\/en\/wp-json\/wp\/v2\/pages"}],"about":[{"href":"https:\/\/oxomuseomalaga.com\/en\/wp-json\/wp\/v2\/types\/page"}],"author":[{"embeddable":true,"href":"https:\/\/oxomuseomalaga.com\/en\/wp-json\/wp\/v2\/users\/1"}],"replies":[{"embeddable":true,"href":"https:\/\/oxomuseomalaga.com\/en\/wp-json\/wp\/v2\/comments?post=14747"}],"version-history":[{"count":0,"href":"https:\/\/oxomuseomalaga.com\/en\/wp-json\/wp\/v2\/pages\/14747\/revisions"}],"wp:attachment":[{"href":"https:\/\/oxomuseomalaga.com\/en\/wp-json\/wp\/v2\/media?parent=14747"}],"curies":[{"name":"wp","href":"https:\/\/api.w.org\/{rel}","templated":true}]}}