{"id":13502,"date":"2024-05-09T11:30:24","date_gmt":"2024-05-09T11:30:24","guid":{"rendered":"https:\/\/oxomuseo.com\/?page_id=13502"},"modified":"2025-05-05T11:11:40","modified_gmt":"2025-05-05T09:11:40","slug":"la-noche-en-blanco","status":"publish","type":"page","link":"https:\/\/oxomuseomalaga.com\/en\/la-noche-en-blanco\/","title":{"rendered":"The sleepless night"},"content":{"rendered":"<h1>10 MAYO 2025<\/h1>\n<h1>LA NOCHE EN BLANCO<\/h1>\n<h2>\u00a1Sum\u00e9rgete en una experiencia <strong class=\"uk-heading-divider\">inmersiva \u00fanica!<\/strong><\/h2>\n<div>\n<p data-start=\"186\" data-end=\"467\">El pr\u00f3ximo <strong data-start=\"197\" data-end=\"211\">10 de mayo<\/strong>, OXO Museo del Videojuego se une a la <strong data-start=\"250\" data-end=\"279\">Noche en Blanco de M\u00e1laga<\/strong> con una propuesta inolvidable. A partir de las <strong data-start=\"327\" data-end=\"338\">20:00 h<\/strong>, te invitamos a vivir una <strong data-start=\"365\" data-end=\"400\">aventura m\u00e1gica cada 10 minutos<\/strong>, donde los l\u00edmites entre la realidad y la ficci\u00f3n se desdibujan.<\/p>\n<p data-start=\"469\" data-end=\"747\">Nuestra <strong data-start=\"477\" data-end=\"502\">experiencia inmersiva<\/strong> te transportar\u00e1 a un mundo interactivo en el que te convertir\u00e1s en el protagonista de una historia fascinante. Gracias a la combinaci\u00f3n de tecnolog\u00eda, efectos visuales y narrativa envolvente, disfrutar\u00e1s de una vivencia <strong data-start=\"723\" data-end=\"744\">\u00fanica y memorable<\/strong>.<\/p>\n<\/div>\n<h1>RESERVA TU PLAZA PARA LA EXPERIENCIA INMERSIVA<\/h1>\n<div>\n<p>El 10 de mayo, OXO Museo del Videojuego ofrece una experiencia inmersiva \u00fanica dentro de la Noche en Blanco de M\u00e1laga. A partir de las 20:00 h, cada 10 minutos, los asistentes podr\u00e1n adentrarse en una aventura donde la realidad y la ficci\u00f3n se mezclan.<\/p>\n<p>Las plazas son limitadas y la demanda es alta. Para garantizar tu acceso, es imprescindible reservar con antelaci\u00f3n. No dejes pasar la oportunidad de vivir esta experiencia exclusiva.<\/p>\n<p>Reserva tu entrada ahora y asegura tu plaza antes de que se agoten.<\/p>\n<\/div>\n<p><p>\n        <a href=\"https:\/\/oxomuseomalaga.com\/events\/la-noche-en-blanco\/\">RESERVA TU ENTRADA<\/a>\n    <\/p>\n<\/p>\n<p><img decoding=\"async\" src=\"\/wp-content\/uploads\/2025\/03\/experiencia.jpg\" alt=\"\"><\/p>\n<h2>OXO MUSEO M\u00c1LAGA<\/h2>\n<div>\n<p>        <img decoding=\"async\" src=\"\/wp-content\/uploads\/2025\/02\/DSC04022-1.jpg\" alt=\"\"><\/p>\n<\/div>\n<div>\n<p>        <img decoding=\"async\" src=\"\/wp-content\/uploads\/2025\/02\/oxo-museooo.jpg\" alt=\"\"><\/p>\n<\/div>\n<div>\n<p>        <img decoding=\"async\" src=\"\/wp-content\/uploads\/2025\/02\/cabecera.jpg\" alt=\"\"><\/p>\n<\/div>\n<div>\n<p>        <img decoding=\"async\" src=\"\/wp-content\/uploads\/2025\/02\/experimenta.jpg\" alt=\"\"><\/p>\n<h3>Nana&#8217;s pies<\/h3>\n<p><a href=\"#\"><\/a><\/p>\n<\/div>\n<div>\n<p>COMPRA TU ENTRADA<\/p>\n<\/div>\n<p><p>\n        <a href=\"\/entradas\">Entradas<\/a>\n    <\/p>\n<\/p>\n<p><!--more--><br \/>\n<!-- {\"type\":\"layout\",\"children\":[{\"type\":\"section\",\"props\":{\"header_transparent\":true,\"height\":\"viewport\",\"height_viewport\":110,\"image\":\"wp-content\\\/uploads\\\/2025\\\/03\\\/La-noche-en-blanco.jpg\",\"image_position\":\"center-center\",\"image_size\":\"cover\",\"media_overlay\":\"rgba(0, 0, 0, 0.6)\",\"style\":\"default\",\"title_breakpoint\":\"xl\",\"title_position\":\"top-left\",\"title_rotation\":\"left\",\"vertical_align\":\"middle\",\"width\":\"default\"},\"children\":[{\"type\":\"row\",\"children\":[{\"type\":\"column\",\"props\":{\"image_position\":\"center-center\",\"position_sticky_breakpoint\":\"m\"},\"children\":[{\"type\":\"headline\",\"props\":{\"content\":\"10 MAYO 2025\",\"css\":\".el-element{\\n    font-family: 'ACUMIN PRO';\\n    font-size:30px;\\n}\\n\",\"margin_remove_bottom\":true,\"text_align\":\"center\",\"title_element\":\"h1\"}},{\"type\":\"headline\",\"props\":{\"content\":\"LA NOCHE EN BLANCO\",\"css\":\".el-element{\\n    font-size: 80px;\\n    font-family: 'ACUMIN PRO';\\n}\\n\",\"margin\":\"small\",\"margin_remove_top\":false,\"text_align\":\"center\",\"title_element\":\"h1\"}}]}]}]},{\"name\":\"About\",\"type\":\"section\",\"props\":{\"animation\":\"fade\",\"animation_delay\":false,\"image_position\":\"bottom-right\",\"padding\":\"xlarge\",\"style\":\"secondary\",\"title_breakpoint\":\"xl\",\"title_position\":\"top-left\",\"title_rotation\":\"left\",\"vertical_align\":\"\",\"width\":\"default\"},\"children\":[{\"type\":\"row\",\"props\":{\"column_gap\":\"large\",\"layout\":\"1-2,1-2\",\"row_gap\":\"large\"},\"children\":[{\"type\":\"column\",\"props\":{\"image_position\":\"center-center\",\"position_sticky_breakpoint\":\"m\",\"width_medium\":\"1-2\"},\"children\":[{\"type\":\"headline\",\"props\":{\"content\":\"\\u00a1Sum\\u00e9rgete en una experiencia <strong class=\\\"uk-heading-divider\\\">inmersiva \\u00fanica!<\\\/strong>\",\"maxwidth\":\"xlarge\",\"title_element\":\"h2\",\"title_style\":\"h1\"}}]},{\"type\":\"column\",\"props\":{\"image_position\":\"center-center\",\"position_sticky_breakpoint\":\"m\",\"width_medium\":\"1-2\"},\"children\":[{\"type\":\"text\",\"props\":{\"column_breakpoint\":\"m\",\"content\":\"\n\n<p data-start=\\\"186\\\" data-end=\\\"467\\\">El pr\\u00f3ximo <strong data-start=\\\"197\\\" data-end=\\\"211\\\">10 de mayo<\\\/strong>, OXO Museo del Videojuego se une a la <strong data-start=\\\"250\\\" data-end=\\\"279\\\">Noche en Blanco de M\\u00e1laga<\\\/strong> con una propuesta inolvidable. A partir de las <strong data-start=\\\"327\\\" data-end=\\\"338\\\">20:00 h<\\\/strong>, te invitamos a vivir una <strong data-start=\\\"365\\\" data-end=\\\"400\\\">aventura m\\u00e1gica cada 10 minutos<\\\/strong>, donde los l\\u00edmites entre la realidad y la ficci\\u00f3n se desdibujan.<\\\/p>\\n\n\n<p data-start=\\\"469\\\" data-end=\\\"747\\\">Nuestra <strong data-start=\\\"477\\\" data-end=\\\"502\\\">experiencia inmersiva<\\\/strong> te transportar\\u00e1 a un mundo interactivo en el que te convertir\\u00e1s en el protagonista de una historia fascinante. Gracias a la combinaci\\u00f3n de tecnolog\\u00eda, efectos visuales y narrativa envolvente, disfrutar\\u00e1s de una vivencia <strong data-start=\\\"723\\\" data-end=\\\"744\\\">\\u00fanica y memorable<\\\/strong>.<\\\/p>\",\"css\":\".el-element{\\n    font-size:18px;\\n}\",\"margin\":\"medium\",\"text_align\":\"justify\"}}]}]}]},{\"name\":\"Image\",\"type\":\"section\",\"props\":{\"height\":\"viewport\",\"height_viewport\":50,\"image\":\"wp-content\\\/uploads\\\/2025\\\/03\\\/inmersiva.jpg\",\"image_effect\":\"fixed\",\"image_position\":\"center-center\",\"image_size\":\"cover\",\"image_width\":\"1920\",\"style\":\"default\",\"title_breakpoint\":\"xl\",\"title_position\":\"top-left\",\"title_rotation\":\"left\",\"vertical_align\":\"middle\",\"width\":\"default\"},\"children\":[{\"type\":\"row\",\"children\":[{\"type\":\"column\",\"props\":{\"image_position\":\"center-center\",\"position_sticky_breakpoint\":\"m\",\"width_medium\":\"1-1\"}}]}]},{\"type\":\"section\",\"props\":{\"animation\":\"fade\",\"animation_delay\":false,\"image_position\":\"bottom-left\",\"media_visibility\":\"l\",\"padding\":\"large\",\"style\":\"secondary\",\"title_breakpoint\":\"xl\",\"title_position\":\"top-left\",\"title_rotation\":\"left\",\"vertical_align\":\"\",\"width\":\"default\"},\"children\":[{\"type\":\"row\",\"props\":{\"layout\":\"1-2,1-2\"},\"children\":[{\"type\":\"column\",\"props\":{\"image_position\":\"center-center\",\"position_sticky_breakpoint\":\"m\",\"width_medium\":\"1-2\"},\"children\":[{\"type\":\"headline\",\"props\":{\"content\":\"RESERVA TU PLAZA PARA LA EXPERIENCIA INMERSIVA\",\"css\":\".el-element{\\n    font-family:'ACUMIN PRO';\\n}\",\"title_element\":\"h1\"}},{\"type\":\"text\",\"props\":{\"column_breakpoint\":\"m\",\"content\":\"\n\n<p>El 10 de mayo, OXO Museo del Videojuego ofrece una experiencia inmersiva \\u00fanica dentro de la Noche en Blanco de M\\u00e1laga. A partir de las 20:00 h, cada 10 minutos, los asistentes podr\\u00e1n adentrarse en una aventura donde la realidad y la ficci\\u00f3n se mezclan.<\\\/p>\\n\n\n<p>Las plazas son limitadas y la demanda es alta. Para garantizar tu acceso, es imprescindible reservar con antelaci\\u00f3n. No dejes pasar la oportunidad de vivir esta experiencia exclusiva.<\\\/p>\\n\n\n<p>Reserva tu entrada ahora y asegura tu plaza antes de que se agoten.<\\\/p>\",\"css\":\".el-element{\\n    font-size: 20px;\\n}\\n\",\"margin\":\"default\",\"text_align\":\"justify\"}},{\"type\":\"button\",\"props\":{\"grid_column_gap\":\"small\",\"grid_row_gap\":\"small\",\"margin\":\"medium\",\"text_align\":\"center\"},\"children\":[{\"type\":\"button_item\",\"props\":{\"button_style\":\"default\",\"content\":\"RESERVA TU ENTRADA\",\"dialog_layout\":\"modal\",\"dialog_offcanvas_flip\":true,\"icon\":\"arrow-up-right\",\"icon_align\":\"left\",\"link\":\"https:\\\/\\\/oxomuseomalaga.com\\\/events\\\/la-noche-en-blanco\\\/\"}}]}]},{\"type\":\"column\",\"props\":{\"image_position\":\"center-center\",\"position_sticky_breakpoint\":\"m\",\"width_medium\":\"1-2\"},\"children\":[{\"type\":\"image\",\"props\":{\"image\":\"wp-content\\\/uploads\\\/2025\\\/03\\\/experiencia.jpg\",\"image_svg_color\":\"emphasis\",\"margin\":\"default\"}}]}]}]},{\"name\":\"Image\",\"type\":\"section\",\"props\":{\"height\":\"viewport\",\"height_viewport\":50,\"image\":\"wp-content\\\/uploads\\\/2025\\\/03\\\/inmersiva-sala-malaga.jpg\",\"image_effect\":\"fixed\",\"image_position\":\"center-center\",\"image_size\":\"cover\",\"image_width\":\"1920\",\"style\":\"default\",\"title_breakpoint\":\"xl\",\"title_position\":\"top-left\",\"title_rotation\":\"left\",\"vertical_align\":\"middle\",\"width\":\"default\"},\"children\":[{\"type\":\"row\",\"children\":[{\"type\":\"column\",\"props\":{\"image_position\":\"center-center\",\"position_sticky_breakpoint\":\"m\",\"width_medium\":\"1-1\"}}]}]},{\"name\":\"Restaurant gallery\",\"type\":\"section\",\"props\":{\"animation\":\"fade\",\"image_position\":\"top-center\",\"image_size\":\"contain\",\"padding\":\"large\",\"style\":\"secondary\",\"title_breakpoint\":\"xl\",\"title_position\":\"top-left\",\"title_rotation\":\"left\",\"vertical_align\":\"\",\"width\":\"small\"},\"children\":[{\"type\":\"row\",\"props\":{\"margin\":\"large\"},\"children\":[{\"type\":\"column\",\"props\":{\"image_position\":\"center-center\",\"position_sticky_breakpoint\":\"m\",\"width_medium\":\"1-1\"},\"children\":[{\"type\":\"headline\",\"props\":{\"content\":\"OXO MUSEO M\\u00c1LAGA\",\"css\":\".el-element{\\n    font-family: 'ACUMIN PRO';\\n}\\n\",\"text_align\":\"center\",\"title_element\":\"h2\"}}]}]},{\"type\":\"row\",\"props\":{\"column_gap\":\"small\",\"layout\":\"1-2,1-2\",\"row_gap\":\"small\"},\"children\":[{\"type\":\"column\",\"props\":{\"image_position\":\"center-center\",\"position_sticky_breakpoint\":\"m\",\"width_small\":\"1-2\"},\"children\":[{\"type\":\"overlay\",\"props\":{\"image\":\"wp-content\\\/uploads\\\/2025\\\/02\\\/DSC04022-1.jpg\",\"image_width\":\"610\",\"link_style\":\"default\",\"link_text\":\"\",\"margin\":\"remove-vertical\",\"meta_align\":\"below-title\",\"meta_element\":\"div\",\"meta_style\":\"text-meta\",\"overlay_hover\":true,\"overlay_link\":true,\"overlay_mode\":\"cover\",\"overlay_position\":\"center\",\"overlay_style\":\"overlay-default\",\"overlay_transition\":\"fade\",\"text_align\":\"center\",\"text_color\":\"\",\"title\":\"\",\"title_element\":\"h3\",\"title_hover_style\":\"reset\",\"title_style\":\"h4\"}}]},{\"type\":\"column\",\"props\":{\"image_position\":\"center-center\",\"position_sticky_breakpoint\":\"m\",\"width_small\":\"1-2\"},\"children\":[{\"type\":\"overlay\",\"props\":{\"image\":\"wp-content\\\/uploads\\\/2025\\\/02\\\/oxo-museooo.jpg\",\"image_width\":\"610\",\"link_style\":\"default\",\"link_text\":\"\",\"margin\":\"remove-vertical\",\"meta_align\":\"below-title\",\"meta_element\":\"div\",\"meta_style\":\"text-meta\",\"overlay_hover\":true,\"overlay_link\":true,\"overlay_mode\":\"cover\",\"overlay_position\":\"center\",\"overlay_style\":\"overlay-default\",\"overlay_transition\":\"fade\",\"text_align\":\"center\",\"text_color\":\"\",\"title\":\"\",\"title_element\":\"h3\",\"title_hover_style\":\"reset\",\"title_style\":\"h4\"}}]}]},{\"type\":\"row\",\"props\":{\"column_gap\":\"small\",\"layout\":\"2-3,1-3\",\"row_gap\":\"small\"},\"children\":[{\"type\":\"column\",\"props\":{\"image_position\":\"center-center\",\"position_sticky_breakpoint\":\"m\",\"width_small\":\"2-3\"},\"children\":[{\"type\":\"overlay\",\"props\":{\"image\":\"wp-content\\\/uploads\\\/2025\\\/02\\\/cabecera.jpg\",\"image_width\":\"610\",\"link_style\":\"default\",\"link_text\":\"\",\"margin\":\"remove-vertical\",\"meta_align\":\"below-title\",\"meta_element\":\"div\",\"meta_style\":\"text-meta\",\"overlay_hover\":true,\"overlay_link\":true,\"overlay_mode\":\"cover\",\"overlay_position\":\"center\",\"overlay_style\":\"overlay-default\",\"overlay_transition\":\"fade\",\"text_align\":\"center\",\"text_color\":\"\",\"title\":\"\",\"title_element\":\"h3\",\"title_hover_style\":\"reset\",\"title_style\":\"h4\"}}]},{\"type\":\"column\",\"props\":{\"image_position\":\"center-center\",\"position_sticky_breakpoint\":\"m\",\"width_small\":\"1-3\"},\"children\":[{\"type\":\"overlay\",\"props\":{\"image\":\"wp-content\\\/uploads\\\/2025\\\/02\\\/experimenta.jpg\",\"image_height\":830,\"image_width\":\"610\",\"link\":\"#\",\"link_style\":\"default\",\"link_text\":\"\",\"margin\":\"remove-vertical\",\"meta_align\":\"below-title\",\"meta_element\":\"div\",\"meta_style\":\"text-meta\",\"overlay_hover\":true,\"overlay_link\":true,\"overlay_mode\":\"cover\",\"overlay_position\":\"center\",\"overlay_style\":\"overlay-default\",\"overlay_transition\":\"fade\",\"text_align\":\"center\",\"text_color\":\"\",\"title\":\"Nana's pies\",\"title_element\":\"h3\",\"title_hover_style\":\"reset\",\"title_style\":\"h4\"}}]}]},{\"type\":\"row\",\"props\":{\"margin\":\"large\"},\"children\":[{\"type\":\"column\",\"props\":{\"image_position\":\"center-center\",\"position_sticky_breakpoint\":\"m\",\"width_medium\":\"1-1\"},\"children\":[{\"type\":\"text\",\"props\":{\"block_align\":\"center\",\"column_breakpoint\":\"m\",\"content\":\"\n\n<p>COMPRA TU ENTRADA<\\\/p>\",\"css\":\".el-element{\\n    font-family:'ACUMIN PRO';\\n    font-size:40px;\\n}\\n\",\"margin\":\"\",\"maxwidth\":\"2xlarge\",\"text_align\":\"center\",\"text_style\":\"lead\"}},{\"type\":\"button\",\"props\":{\"grid_column_gap\":\"small\",\"grid_row_gap\":\"small\",\"margin\":\"medium\",\"text_align\":\"center\"},\"children\":[{\"type\":\"button_item\",\"props\":{\"button_style\":\"default\",\"content\":\"Entradas\",\"dialog_layout\":\"modal\",\"dialog_offcanvas_flip\":true,\"icon\":\"arrow-right\",\"icon_align\":\"right\",\"link\":\"\\\/entradas\"}}]}]}]}]},{\"name\":\"Contact\",\"type\":\"section\",\"props\":{\"animation\":\"fade\",\"image_position\":\"center-center\",\"padding\":\"large\",\"padding_remove_bottom\":false,\"status\":\"disabled\",\"style\":\"default\",\"title_breakpoint\":\"xl\",\"title_position\":\"top-left\",\"title_rotation\":\"left\",\"vertical_align\":\"\",\"width\":\"default\"},\"children\":[{\"type\":\"row\",\"children\":[{\"type\":\"column\",\"props\":{\"image_position\":\"center-center\",\"position_sticky_breakpoint\":\"m\",\"width_medium\":\"1-1\"},\"children\":[{\"type\":\"headline\",\"props\":{\"content\":\"Book a Table\",\"text_align\":\"center\",\"title_element\":\"h2\"}}]}]},{\"type\":\"row\",\"props\":{\"width\":\"small\"},\"children\":[{\"type\":\"column\",\"props\":{\"image_position\":\"center-center\",\"position_sticky_breakpoint\":\"m\",\"width_medium\":\"1-1\"},\"children\":[{\"type\":\"text\",\"props\":{\"block_align\":\"center\",\"column_breakpoint\":\"m\",\"content\":\"Lorem ipsum dolor sit amet, consectet aenean commodo ligula eget dolor. Aenean massa. Cum sociis natoque penatibus et magnis dis parturient montes, nascetur ridiculus mus.\",\"margin\":\"default\",\"maxwidth\":\"xlarge\",\"text_align\":\"center\"}}]}]},{\"type\":\"row\",\"props\":{\"divider\":true,\"layout\":\"1-2,1-2\",\"margin\":\"large\",\"width\":\"small\"},\"children\":[{\"type\":\"column\",\"props\":{\"image_position\":\"center-center\",\"position_sticky_breakpoint\":\"m\",\"width_small\":\"1-2\"},\"children\":[{\"type\":\"headline\",\"props\":{\"content\":\"Phone\",\"text_align\":\"center\",\"title_color\":\"primary\",\"title_element\":\"h3\",\"title_style\":\"h6\"}},{\"type\":\"text\",\"props\":{\"column_breakpoint\":\"m\",\"content\":\"<a class=\\\"uk-link-reset\\\" href=\\\"tel:+445555555555\\\">+44 (0)555 555 5555<\\\/a>\",\"margin\":\"default\",\"text_align\":\"center\",\"text_style\":\"large\"}}]},{\"type\":\"column\",\"props\":{\"image_position\":\"center-center\",\"position_sticky_breakpoint\":\"m\",\"width_small\":\"1-2\"},\"children\":[{\"type\":\"headline\",\"props\":{\"content\":\"Email\",\"text_align\":\"center\",\"title_color\":\"primary\",\"title_element\":\"h3\",\"title_style\":\"h6\"}},{\"type\":\"text\",\"props\":{\"column_breakpoint\":\"m\",\"content\":\"<a class=\\\"uk-link-reset\\\" href=\\\"mailto:table@example.com\\\">table@example.com<\\\/a>\",\"margin\":\"default\",\"text_align\":\"center\",\"text_style\":\"large\"}}]}]},{\"type\":\"row\",\"props\":{\"margin\":\"large\"},\"children\":[{\"type\":\"column\",\"props\":{\"image_position\":\"center-center\",\"position_sticky_breakpoint\":\"m\",\"width_medium\":\"1-1\"},\"children\":[{\"type\":\"text\",\"props\":{\"block_align\":\"center\",\"column_breakpoint\":\"m\",\"content\":\"Copper Hill Restaurant<br \/> 123 Main Street, Anytown, UK\",\"margin\":\"default\",\"maxwidth\":\"medium\",\"text_align\":\"center\",\"text_style\":\"lead\"}},{\"type\":\"map\",\"props\":{\"controls\":true,\"dragging\":false,\"height\":\"435\",\"image_svg_color\":\"emphasis\",\"link_style\":\"default\",\"link_text\":\"Read more\",\"margin\":\"large\",\"margin_remove_bottom\":false,\"max_zoom\":18,\"meta_align\":\"below-title\",\"meta_element\":\"div\",\"meta_style\":\"text-meta\",\"min_zoom\":0,\"poi\":false,\"popup_max_width\":\"200\",\"show_content\":true,\"show_image\":true,\"show_link\":true,\"show_meta\":true,\"show_title\":true,\"styler_gamma\":\"0.3\",\"styler_invert_lightness\":false,\"styler_lightness\":\"90\",\"styler_saturation\":\"-100\",\"title_element\":\"h3\",\"title_hover_style\":\"reset\",\"type\":\"roadmap\",\"zoom\":\"16\",\"zooming\":false},\"children\":[{\"type\":\"map_item\",\"props\":{\"content\":\"\n\n<p>123 Main Street, Anytown<br \/> \\nEngland, United Kingdom<\\\/p>\\n\n\n<p><a href=\\\"mailto:table@email.com\\\">table@email.com<\\\/a><br \/>\\n<a class=\\\"uk-link-reset\\\" href=\\\"tel:+44(0)5555555555\\\">+44 (0)555 555 5555<\\\/a><\\\/p>\",\"location\":\"50.7169,-1.8709\",\"title\":\"Copper Hill\"}}]},{\"type\":\"button\",\"props\":{\"button_size\":\"large\",\"grid_column_gap\":\"\",\"grid_row_gap\":\"\",\"margin\":\"\",\"text_align\":\"center\"},\"children\":[{\"type\":\"button_item\",\"props\":{\"button_style\":\"default\",\"content\":\"Follow us on Instagram\",\"dialog_layout\":\"modal\",\"dialog_offcanvas_flip\":true,\"icon\":\"instagram\",\"icon_align\":\"left\",\"link\":\"https:\\\/\\\/www.instagram.com\\\/\",\"link_target\":\"blank\"}},{\"type\":\"button_item\",\"props\":{\"button_style\":\"default\",\"content\":\"Check us on Tripadvisor\",\"dialog_layout\":\"modal\",\"dialog_offcanvas_flip\":true,\"icon\":\"tripadvisor\",\"icon_align\":\"left\",\"link\":\"https:\\\/\\\/www.tripadvisor.de\\\/\",\"link_target\":\"blank\"}}]}]}]}]}],\"version\":\"4.5.6\"} --><\/p>\n","protected":false},"excerpt":{"rendered":"<p>10 MAYO 2025 LA NOCHE EN BLANCO \u00a1Sum\u00e9rgete en una experiencia inmersiva \u00fanica! El pr\u00f3ximo 10 de mayo, OXO Museo del Videojuego se une a la Noche en Blanco de M\u00e1laga con una propuesta inolvidable. A partir de las 20:00 h, te invitamos a vivir una aventura m\u00e1gica cada 10 minutos, donde los l\u00edmites entre [&hellip;]<\/p>\n","protected":false},"author":1,"featured_media":0,"parent":0,"menu_order":0,"comment_status":"closed","ping_status":"closed","template":"","meta":{"footnotes":""},"class_list":["post-13502","page","type-page","status-publish","hentry"],"_links":{"self":[{"href":"https:\/\/oxomuseomalaga.com\/en\/wp-json\/wp\/v2\/pages\/13502","targetHints":{"allow":["GET"]}}],"collection":[{"href":"https:\/\/oxomuseomalaga.com\/en\/wp-json\/wp\/v2\/pages"}],"about":[{"href":"https:\/\/oxomuseomalaga.com\/en\/wp-json\/wp\/v2\/types\/page"}],"author":[{"embeddable":true,"href":"https:\/\/oxomuseomalaga.com\/en\/wp-json\/wp\/v2\/users\/1"}],"replies":[{"embeddable":true,"href":"https:\/\/oxomuseomalaga.com\/en\/wp-json\/wp\/v2\/comments?post=13502"}],"version-history":[{"count":0,"href":"https:\/\/oxomuseomalaga.com\/en\/wp-json\/wp\/v2\/pages\/13502\/revisions"}],"wp:attachment":[{"href":"https:\/\/oxomuseomalaga.com\/en\/wp-json\/wp\/v2\/media?parent=13502"}],"curies":[{"name":"wp","href":"https:\/\/api.w.org\/{rel}","templated":true}]}}