{"id":12831,"date":"2024-02-27T09:09:45","date_gmt":"2024-02-27T09:09:45","guid":{"rendered":"https:\/\/oxomuseo.com\/?page_id=12831"},"modified":"2024-05-07T11:33:51","modified_gmt":"2024-05-07T11:33:51","slug":"iniciativas","status":"publish","type":"page","link":"https:\/\/oxomuseomalaga.com\/en\/iniciativas\/","title":{"rendered":"Initiatives"},"content":{"rendered":"<div>\n<p><strong>Iniciativas<\/strong><\/p>\n<\/div>\n<h1>\n<p>PRESERVANDO LA CULTURA DE LOS VIDEOJUEGOS CON PASI\u00d3N Y COMPROMISO\u00a0<\/p>\n<\/h1>\n<p>\n    <a href=\"#agenda\">AGENDA CULTURAL<\/a>\n<\/p>\n<h1>\n<p><span>PRESERVANDO LA CULTURA DE LOS VIDEOJUEGOS CON PASI\u00d3N Y COMPROMISO<\/span><\/p>\n<\/h1>\n<p>\n    <a href=\"#agenda\">Agenda Cultural<\/a>\n<\/p>\n<h1>\n<p>Agenda cultural<\/p>\n<\/h1>\n<div>\n<p>        <img decoding=\"async\" src=\"\/wp-content\/uploads\/2024\/04\/cartel-oxo-cine-albeniz-1.jpg\" alt=\"\"><\/p>\n<p><a href=\"https:\/\/oxomuseo.com\/que-grande-ser-friki\/\" rel=\"nofollow noopener\" target=\"_blank\">\u00a1Qu\u00e9 grande es ser friki!<\/a><\/p>\n<\/div>\n<div>\n<p>        <img decoding=\"async\" src=\"\/wp-content\/uploads\/2024\/04\/oxo-talks-2.jpg\" alt=\"\"><\/p>\n<p><a href=\"https:\/\/oxomuseo.com\/eventos-oxo\/\" rel=\"nofollow noopener\" target=\"_blank\">OXO Talks<\/a><\/p>\n<\/div>\n<div>\n<p>        <img decoding=\"async\" src=\"\/wp-content\/uploads\/2024\/04\/fundacion-once-oxo.jpg\" alt=\"\"><\/p>\n<p><a href=\"#\">Fundaci\u00f3n ONCE<\/a><\/p>\n<\/div>\n<div>\n<p>        <img decoding=\"async\" src=\"\/wp-content\/uploads\/2024\/04\/definiendo-el-videojuego-2.jpg\" alt=\"\"><\/p>\n<p><a href=\"https:\/\/oxomuseo.com\/definiendo-videojuego\/\" rel=\"nofollow noopener\" target=\"_blank\">Definiendo el videojuego<\/a><\/p>\n<\/div>\n<div>\n<p>        <img decoding=\"async\" src=\"\/wp-content\/uploads\/2024\/05\/image-4.png\" alt=\"\"><\/p>\n<p><a href=\"https:\/\/oxomuseo.com\/taller-formativo-evad\/\" rel=\"nofollow noopener\" target=\"_blank\">Talleres formativos<\/a><\/p>\n<\/div>\n<h1><span>Explora y sum\u00e9rgete en la cultura de los videojuegos.<\/span><\/h1>\n<div>\n<p><span> En OXO Museo, nos dedicamos apasionadamente a promover una amplia gama de acciones culturales destinadas a la preservaci\u00f3n de los videojuegos y su cultura. Esto lo logramos mediante nuestra completa agenda cultural, que abarca una variedad de actividades dise\u00f1adas para involucrar, educar y entretener a nuestra comunidad.<\/span><\/p>\n<\/div>\n<p>\n    <a href=\"mailto:malaga@oxomuseo.com\">\u00bfTienes una propuesta? <\/a>\n<\/p>\n<p><!--more--><br \/>\n<!-- {\"type\":\"layout\",\"children\":[{\"type\":\"section\",\"props\":{\"image\":\"wp-content\\\/uploads\\\/2024\\\/04\\\/agenda-cultural-oxo-scaled.jpg\",\"image_position\":\"center-center\",\"image_size\":\"cover\",\"media_overlay\":\"rgba(0, 0, 0, 0.65)\",\"media_visibility\":\"l\",\"padding\":\"large\",\"padding_remove_bottom\":false,\"style\":\"default\",\"title_breakpoint\":\"xl\",\"title_position\":\"top-left\",\"title_rotation\":\"left\",\"vertical_align\":\"middle\",\"width\":\"default\"},\"children\":[{\"type\":\"row\",\"children\":[{\"type\":\"column\",\"props\":{\"image_position\":\"center-center\",\"position_sticky_breakpoint\":\"m\"},\"children\":[{\"type\":\"text\",\"props\":{\"column_breakpoint\":\"m\",\"content\":\"\n\n<p><strong>Iniciativas<\\\/strong><\\\/p>\",\"css\":\"p{\\n    font-size: 18px;\\n}\\n\",\"margin\":\"default\",\"visibility\":\"l\"}},{\"type\":\"headline\",\"props\":{\"content\":\"\n\n<p>PRESERVANDO LA CULTURA DE LOS VIDEOJUEGOS CON PASI\\u00d3N Y COMPROMISO\\u00a0<\\\/p>\",\"css\":\"p{\\n    font-size: 43px;\\n    line-height: 1.2;\\n}\\n\",\"margin\":\"small\",\"maxwidth\":\"2xlarge\",\"title_element\":\"h1\",\"visibility\":\"l\"}},{\"type\":\"button\",\"props\":{\"grid_column_gap\":\"small\",\"grid_row_gap\":\"small\",\"margin\":\"default\",\"visibility\":\"l\"},\"children\":[{\"type\":\"button_item\",\"props\":{\"button_style\":\"default\",\"content\":\"AGENDA CULTURAL\",\"icon\":\"calendar\",\"icon_align\":\"left\",\"link\":\"#agenda\"}}]}]}]}]},{\"type\":\"section\",\"props\":{\"height\":\"viewport\",\"height_offset_top\":true,\"height_viewport\":80,\"image\":\"wp-content\\\/uploads\\\/2024\\\/04\\\/oxo-movil.jpg\",\"image_position\":\"center-center\",\"image_size\":\"cover\",\"media_overlay\":\"rgba(0, 0, 0, 0.53)\",\"style\":\"default\",\"title_breakpoint\":\"xl\",\"title_position\":\"top-left\",\"title_rotation\":\"left\",\"vertical_align\":\"middle\",\"width\":\"default\"},\"children\":[{\"type\":\"row\",\"children\":[{\"type\":\"column\",\"props\":{\"image_position\":\"center-center\",\"position_sticky_breakpoint\":\"m\"},\"children\":[{\"type\":\"headline\",\"props\":{\"content\":\"\n\n<p><span>PRESERVANDO LA CULTURA DE LOS VIDEOJUEGOS CON PASI\\u00d3N Y COMPROMISO<\\\/span><\\\/p>\",\"css\":\"p{\\n    font-size:30px;\\n}\\n\",\"margin\":\"small\",\"margin_remove_top\":true,\"text_align\":\"center\",\"title_element\":\"h1\",\"visibility\":\"hidden-l\"}},{\"type\":\"button\",\"props\":{\"button_size\":\"small\",\"grid_column_gap\":\"small\",\"grid_row_gap\":\"small\",\"margin\":\"medium\",\"text_align\":\"center\",\"visibility\":\"hidden-l\"},\"children\":[{\"type\":\"button_item\",\"props\":{\"button_style\":\"default\",\"content\":\"Agenda Cultural\",\"icon\":\"calendar\",\"icon_align\":\"left\",\"link\":\"#agenda\"}}]}]}]}]},{\"type\":\"section\",\"props\":{\"css\":\".el-section{\\n    background-color: white;\\n}\\n\",\"image_position\":\"center-center\",\"style\":\"default\",\"title_breakpoint\":\"xl\",\"title_position\":\"top-left\",\"title_rotation\":\"left\",\"vertical_align\":\"middle\",\"width\":\"default\"},\"children\":[{\"type\":\"row\",\"children\":[{\"type\":\"column\",\"props\":{\"image_position\":\"center-center\",\"position_sticky_breakpoint\":\"m\"},\"children\":[{\"type\":\"headline\",\"props\":{\"content\":\"\n\n<p>Agenda cultural<\\\/p>\",\"css\":\"p{\\n    color:black;\\n}\\n\",\"title_element\":\"h1\"}}]}]},{\"type\":\"row\",\"props\":{\"layout\":\"1-3,2-3\",\"margin\":\"small\"},\"children\":[{\"type\":\"column\",\"props\":{\"image_position\":\"center-center\",\"position_sticky_breakpoint\":\"m\",\"width_medium\":\"1-3\"},\"children\":[{\"type\":\"overlay\",\"props\":{\"css\":\".el-image{\\n    border-radius: 12px;\\n}\\n.el-link{\\n    font-size:20px;\\n    font-weight:900;\\n}\\n\",\"id\":\"agenda\",\"image\":\"wp-content\\\/uploads\\\/2024\\\/04\\\/cartel-oxo-cine-albeniz-1.jpg\",\"link\":\"https:\\\/\\\/oxomuseo.com\\\/que-grande-ser-friki\\\/\",\"link_margin\":\"small\",\"link_size\":\"large\",\"link_style\":\"text\",\"link_target\":false,\"link_text\":\"\\u00a1Qu\\u00e9 grande es ser friki!\",\"margin\":\"default\",\"meta_align\":\"below-title\",\"meta_element\":\"div\",\"meta_style\":\"text-meta\",\"overlay_hover\":false,\"overlay_mode\":\"cover\",\"overlay_position\":\"bottom-left\",\"overlay_style\":\"\",\"overlay_transition\":\"fade\",\"text_align\":\"center\",\"text_color\":\"light\",\"title\":\"\",\"title_element\":\"h3\",\"title_hover_style\":\"reset\"}}]},{\"type\":\"column\",\"props\":{\"image_position\":\"center-center\",\"position_sticky_breakpoint\":\"m\",\"width_medium\":\"2-3\"},\"children\":[{\"type\":\"fragment\",\"props\":{\"margin\":\"default\"},\"children\":[{\"type\":\"row\",\"props\":{\"layout\":\"1-2,1-2\"},\"children\":[{\"type\":\"column\",\"props\":{\"image_position\":\"center-center\",\"position_sticky_breakpoint\":\"m\",\"width_medium\":\"1-2\"},\"children\":[{\"type\":\"overlay\",\"props\":{\"css\":\".el-image{\\n    border-radius: 12px;\\n}\\n.el-link{\\n    font-size:20px;\\n    font-weight:900;\\n}\\n\",\"image\":\"wp-content\\\/uploads\\\/2024\\\/04\\\/oxo-talks-2.jpg\",\"link\":\"https:\\\/\\\/oxomuseo.com\\\/eventos-oxo\\\/\",\"link_style\":\"text\",\"link_text\":\"OXO Talks\",\"margin\":\"default\",\"meta_align\":\"below-title\",\"meta_element\":\"div\",\"meta_style\":\"text-meta\",\"overlay_hover\":false,\"overlay_mode\":\"cover\",\"overlay_position\":\"bottom-left\",\"overlay_style\":\"\",\"overlay_transition\":\"fade\",\"text_align\":\"center\",\"text_color\":\"light\",\"title_element\":\"h3\",\"title_hover_style\":\"reset\"}}]},{\"type\":\"column\",\"props\":{\"image_position\":\"center-center\",\"position_sticky_breakpoint\":\"m\",\"width_medium\":\"1-2\"},\"children\":[{\"type\":\"overlay\",\"props\":{\"css\":\".el-image{\\n    border-radius: 12px;\\n}\\n.el-link{\\n    font-size:20px;\\n    font-weight:900;\\n}\\n\",\"image\":\"wp-content\\\/uploads\\\/2024\\\/04\\\/fundacion-once-oxo.jpg\",\"link\":\"#\",\"link_style\":\"text\",\"link_text\":\"Fundaci\\u00f3n ONCE\",\"margin\":\"default\",\"meta_align\":\"below-title\",\"meta_element\":\"div\",\"meta_style\":\"text-meta\",\"overlay_hover\":false,\"overlay_mode\":\"cover\",\"overlay_position\":\"bottom-left\",\"overlay_style\":\"\",\"overlay_transition\":\"fade\",\"text_align\":\"center\",\"text_color\":\"light\",\"title_element\":\"h3\",\"title_hover_style\":\"reset\"}}]}]}]},{\"type\":\"overlay\",\"props\":{\"css\":\".el-image{\\n    border-radius: 12px;\\n}\\n.el-link{\\n    font-size:20px;\\n    font-weight:900;\\n}\\n\",\"image\":\"wp-content\\\/uploads\\\/2024\\\/04\\\/definiendo-el-videojuego-2.jpg\",\"image_height\":\"325\",\"image_width\":\"1000\",\"link\":\"https:\\\/\\\/oxomuseo.com\\\/definiendo-videojuego\\\/\",\"link_style\":\"text\",\"link_target\":true,\"link_text\":\"Definiendo el videojuego\",\"margin\":\"default\",\"meta_align\":\"below-title\",\"meta_element\":\"div\",\"meta_style\":\"text-meta\",\"overlay_hover\":false,\"overlay_mode\":\"caption\",\"overlay_position\":\"bottom-left\",\"overlay_style\":\"\",\"overlay_transition\":\"fade\",\"text_align\":\"center\",\"text_color\":\"light\",\"title_element\":\"h3\",\"title_hover_style\":\"reset\"}}]}]},{\"type\":\"row\",\"children\":[{\"type\":\"column\",\"props\":{\"image_position\":\"center-center\",\"position_sticky_breakpoint\":\"m\"},\"children\":[{\"type\":\"overlay\",\"props\":{\"css\":\".el-image{\\n    border-radius: 12px;\\n}\\n.el-link{\\n    font-size:20px;\\n    font-weight:900;\\n}\\n\",\"image\":\"wp-content\\\/uploads\\\/2024\\\/05\\\/image-4.png\",\"link\":\"https:\\\/\\\/oxomuseo.com\\\/taller-formativo-evad\\\/\",\"link_style\":\"text\",\"link_target\":false,\"link_text\":\"Talleres formativos\",\"margin\":\"default\",\"meta_align\":\"below-title\",\"meta_element\":\"div\",\"meta_style\":\"text-meta\",\"overlay_hover\":false,\"overlay_mode\":\"caption\",\"overlay_position\":\"bottom-left\",\"overlay_style\":\"\",\"overlay_transition\":\"fade\",\"text_align\":\"center\",\"text_color\":\"light\",\"title_element\":\"h3\",\"title_hover_style\":\"reset\"}}]}]}]},{\"type\":\"section\",\"props\":{\"image_position\":\"center-center\",\"style\":\"default\",\"title_breakpoint\":\"xl\",\"title_position\":\"top-left\",\"title_rotation\":\"left\",\"vertical_align\":\"middle\",\"width\":\"default\"},\"children\":[{\"type\":\"row\",\"props\":{\"layout\":\"1-2,1-2\"},\"children\":[{\"type\":\"column\",\"props\":{\"image_position\":\"center-center\",\"position_sticky_breakpoint\":\"m\",\"width_medium\":\"1-2\"},\"children\":[{\"type\":\"headline\",\"props\":{\"content\":\"<span>Explora y sum\\u00e9rgete en la cultura de los videojuegos.<\\\/span>\",\"text_align\":\"justify\",\"title_element\":\"h1\"}}]},{\"type\":\"column\",\"props\":{\"image_position\":\"center-center\",\"position_sticky_breakpoint\":\"m\",\"width_medium\":\"1-2\"},\"children\":[{\"type\":\"text\",\"props\":{\"column_breakpoint\":\"m\",\"content\":\"\n\n<p><span> En OXO Museo, nos dedicamos apasionadamente a promover una amplia gama de acciones culturales destinadas a la preservaci\\u00f3n de los videojuegos y su cultura. Esto lo logramos mediante nuestra completa agenda cultural, que abarca una variedad de actividades dise\\u00f1adas para involucrar, educar y entretener a nuestra comunidad.<\\\/span><\\\/p>\",\"margin\":\"default\",\"text_align\":\"justify\"}},{\"type\":\"button\",\"props\":{\"grid_column_gap\":\"small\",\"grid_row_gap\":\"small\",\"margin\":\"default\",\"text_align\":\"center\"},\"children\":[{\"type\":\"button_item\",\"props\":{\"button_style\":\"default\",\"content\":\"\\u00bfTienes una propuesta? \",\"icon_align\":\"left\",\"link\":\"mailto:malaga@oxomuseo.com\",\"link_title\":\"\\u00bfTienes una propuesta? \"}}]}]}]}]}],\"version\":\"4.3.0\"} --><\/p>\n","protected":false},"excerpt":{"rendered":"<p>Iniciativas PRESERVANDO LA CULTURA DE LOS VIDEOJUEGOS CON PASI\u00d3N Y COMPROMISO\u00a0 AGENDA CULTURAL PRESERVANDO LA CULTURA DE LOS VIDEOJUEGOS CON PASI\u00d3N Y COMPROMISO Agenda Cultural Agenda cultural \u00a1Qu\u00e9 grande es ser friki! OXO Talks Fundaci\u00f3n ONCE Definiendo el videojuego Talleres formativos Explora y sum\u00e9rgete en la cultura de los videojuegos. En OXO Museo, nos dedicamos [&hellip;]<\/p>\n","protected":false},"author":1,"featured_media":0,"parent":0,"menu_order":0,"comment_status":"closed","ping_status":"closed","template":"","meta":{"footnotes":""},"class_list":["post-12831","page","type-page","status-publish","hentry"],"_links":{"self":[{"href":"https:\/\/oxomuseomalaga.com\/en\/wp-json\/wp\/v2\/pages\/12831","targetHints":{"allow":["GET"]}}],"collection":[{"href":"https:\/\/oxomuseomalaga.com\/en\/wp-json\/wp\/v2\/pages"}],"about":[{"href":"https:\/\/oxomuseomalaga.com\/en\/wp-json\/wp\/v2\/types\/page"}],"author":[{"embeddable":true,"href":"https:\/\/oxomuseomalaga.com\/en\/wp-json\/wp\/v2\/users\/1"}],"replies":[{"embeddable":true,"href":"https:\/\/oxomuseomalaga.com\/en\/wp-json\/wp\/v2\/comments?post=12831"}],"version-history":[{"count":0,"href":"https:\/\/oxomuseomalaga.com\/en\/wp-json\/wp\/v2\/pages\/12831\/revisions"}],"wp:attachment":[{"href":"https:\/\/oxomuseomalaga.com\/en\/wp-json\/wp\/v2\/media?parent=12831"}],"curies":[{"name":"wp","href":"https:\/\/api.w.org\/{rel}","templated":true}]}}