{"id":11160,"date":"2023-09-29T08:41:19","date_gmt":"2023-09-29T08:41:19","guid":{"rendered":"https:\/\/oxomuseo.com\/?page_id=11160"},"modified":"2026-04-06T10:35:12","modified_gmt":"2026-04-06T08:35:12","slug":"contacto","status":"publish","type":"page","link":"https:\/\/oxomuseomalaga.com\/en\/contacto\/","title":{"rendered":"Contact"},"content":{"rendered":"<h1>Contacto<\/h1>\n<ul>\n<li>\n<h2>Localizaci\u00f3n<\/h2>\n<div>\n<p>Plaza del siglo, 2<br \/>29015 M\u00e1laga<br \/>Espa\u00f1a<\/p>\n<\/div>\n<\/li>\n<li>\n<h2>Contacto<\/h2>\n<div>\n<p><a class=\"uk-link-text\" href=\"tel:+34951281897\">+ 34 951 28 18 97<\/a><br \/><a href=\"mailto:malaga@oxomuseo.com\">malaga@oxomuseo.com<\/a><\/p>\n<\/div>\n<\/li>\n<li>\n<h2>Horario museo<\/h2>\n<div>\n<p>Lunes a Domingo<\/p>\n<p>11:00 a 22:00<\/p>\n<\/div>\n<\/li>\n<li>\n<h2>\u00bfTienes alguna duda?<\/h2>\n<p><a href=\"mailto:malaga@oxomuseo.com\">Cont\u00e1ctanos<\/a><\/p>\n<\/li>\n<\/ul>\n<div>\n<p>36.721457,-4.4200934<\/p>\n<p><img decoding=\"async\" src=\"\/wp-content\/uploads\/2023\/09\/oxo-web-1.jpg\" alt=\"\"><\/p>\n<h3>Museo del videojuego<\/h3>\n<p>OXO<\/p>\n<p><a href=\"#\">Ver museo<\/a><\/p>\n<\/div>\n<h2>Unos peque\u00f1os tips que te ayudar\u00e1n a disfrutar m\u00e1s del museo<\/h2>\n<hr>\n<h2>Planea tu ruta<\/h2>\n<ul>\n<li>\n<h3>Transporte p\u00fablico<\/h3>\n<div>\n<p><span>Para acceder al museo del videojuego utilizando el transporte p\u00fablico, dispones de varias alternativas posibles:<\/span><\/p>\n<ul>\n<li><a href=\"https:\/\/www.emtmalaga.es\/es\" rel=\"nofollow noopener\" target=\"_blank\">Autob\u00fas urbano de M\u00e1laga (EMT)<\/a><\/li>\n<li><a href=\"https:\/\/metromalaga.es\/\" rel=\"nofollow noopener\" target=\"_blank\">Metro de M\u00e1laga<\/a><\/li>\n<li><a href=\"https:\/\/www.renfe.com\/es\/es\/cercanias\/cercanias-malaga\/horarios\" rel=\"nofollow noopener\" target=\"_blank\">Tren de cercan\u00edas<\/a><\/li>\n<li><a href=\"https:\/\/ctmam.es\/\" rel=\"nofollow noopener\" target=\"_blank\">Autob\u00fas provincial<\/a>\u00a0<\/li>\n<li><a href=\"https:\/\/www.taxi-union.es\/\" rel=\"nofollow noopener\" target=\"_blank\">Taxi<\/a><\/li>\n<\/ul>\n<\/div>\n<p><a href=\"https:\/\/maps.app.goo.gl\/wxpc8f5VVtmjXfKy9\" rel=\"nofollow noopener\" target=\"_blank\">Guiado de ruta<\/a><\/p>\n<\/li>\n<li>\n<h3>Parking<\/h3>\n<div>\n<p><span>En el coraz\u00f3n de M\u00e1laga, encontrar\u00e1s varias opciones de estacionamiento en las cercan\u00edas del Museo del Videojuego.<\/span><\/p>\n<ul>\n<li><a href=\"https:\/\/maps.app.goo.gl\/BSdZWPC2a6nTYhG19\" rel=\"nofollow noopener\" target=\"_blank\">Parking de la Marina<\/a><\/li>\n<li><a href=\"https:\/\/maps.app.goo.gl\/bvuvDfduU2T1HU2Y6\" rel=\"nofollow noopener\" target=\"_blank\">Parking Camas<\/a><\/li>\n<li><a href=\"https:\/\/maps.app.goo.gl\/9p7zjykcQJYceC9e9\" rel=\"nofollow noopener\" target=\"_blank\">Parking Tej\u00f3n y Rodr\u00edguez<\/a><\/li>\n<\/ul>\n<\/div>\n<\/li>\n<\/ul>\n<h2><span>\u00bfTe gustar\u00eda disfrutar de una visita guiada en el museo?<\/span><\/h2>\n<div>\n<p>No dudes en ponerte en contacto con nosotros<\/p>\n<\/div>\n<p><p>\n        <a href=\"mailto:malaga@oxomuseo.com\">Cont\u00e1ctanos<\/a>\n    <\/p>\n<\/p>\n<p><!--more--><br \/>\n<!-- {\"type\":\"layout\",\"children\":[{\"type\":\"section\",\"props\":{\"image_position\":\"center-center\",\"style\":\"default\",\"title_breakpoint\":\"xl\",\"title_position\":\"top-left\",\"title_rotation\":\"left\",\"vertical_align\":\"\",\"width\":\"\"},\"children\":[{\"type\":\"row\",\"children\":[{\"type\":\"column\",\"props\":{\"image_position\":\"center-center\",\"position_sticky_breakpoint\":\"m\"},\"children\":[{\"type\":\"headline\",\"props\":{\"content\":\"Contacto\",\"margin\":\"remove-vertical\",\"text_align\":\"center\",\"title_element\":\"h1\"}},{\"type\":\"text\",\"props\":{\"block_align\":\"center\",\"column_breakpoint\":\"m\",\"content\":\"\",\"margin\":\"default\",\"maxwidth\":\"xlarge\",\"text_align\":\"center\",\"text_style\":\"large\"}},{\"type\":\"grid\",\"props\":{\"content_column_breakpoint\":\"m\",\"css\":\".el-content{\\n    color: #fff;\\n}\\n\",\"filter_align\":\"left\",\"filter_all\":true,\"filter_grid_breakpoint\":\"m\",\"filter_grid_width\":\"auto\",\"filter_position\":\"top\",\"filter_style\":\"tab\",\"grid_default\":\"1\",\"grid_large\":\"4\",\"grid_medium\":\"\",\"grid_small\":\"2\",\"icon_width\":80,\"image_align\":\"left\",\"image_grid_breakpoint\":\"s\",\"image_grid_column_gap\":\"small\",\"image_grid_row_gap\":\"small\",\"image_grid_width\":\"auto\",\"image_loading\":true,\"image_svg_color\":\"emphasis\",\"image_svg_inline\":true,\"item_animation\":true,\"lightbox_bg_close\":true,\"link_size\":\"small\",\"link_style\":\"default\",\"link_text\":\"Read more\",\"margin\":\"large\",\"meta_align\":\"below-title\",\"meta_element\":\"div\",\"meta_style\":\"text-meta\",\"parallax_easing\":\"1\",\"show_content\":true,\"show_hover_image\":true,\"show_hover_video\":true,\"show_image\":true,\"show_link\":true,\"show_meta\":true,\"show_title\":true,\"show_video\":true,\"text_align\":\"left\",\"text_align_breakpoint\":\"s\",\"text_align_fallback\":\"center\",\"title_align\":\"top\",\"title_element\":\"h2\",\"title_grid_breakpoint\":\"m\",\"title_grid_width\":\"1-2\",\"title_hover_style\":\"reset\",\"title_style\":\"h3\"},\"children\":[{\"type\":\"grid_item\",\"props\":{\"content\":\"\n\n<p>Plaza del siglo, 2<br \\\/>29015 M\\u00e1laga<br \\\/>Espa\\u00f1a<\\\/p>\",\"icon\":\"location\",\"image\":\"\",\"title\":\"Localizaci\\u00f3n\"}},{\"type\":\"grid_item\",\"props\":{\"content\":\"\n\n<p><a class=\\\"uk-link-text\\\" href=\\\"tel:+34951281897\\\">+ 34 951 28 18 97<\\\/a><br \\\/><a href=\\\"mailto:malaga@oxomuseo.com\\\">malaga@oxomuseo.com<\\\/a><\\\/p>\",\"icon\":\"receiver\",\"image\":\"\",\"title\":\"Contacto\"}},{\"type\":\"grid_item\",\"props\":{\"content\":\"\n\n<p>Lunes a Domingo<\\\/p>\\n\n\n<p>11:00 a 22:00<\\\/p>\",\"icon\":\"clock\",\"image\":\"\",\"title\":\"Horario museo\"}},{\"type\":\"grid_item\",\"props\":{\"content\":\"\",\"icon\":\"mail\",\"image\":\"\",\"link\":\"mailto:malaga@oxomuseo.com\",\"link_text\":\"Cont\\u00e1ctanos\",\"title\":\"\\u00bfTienes alguna duda?\"}}]}]}],\"props\":{\"column_gap\":\"collapse\",\"margin\":\"large\",\"margin_remove_top\":true,\"row_gap\":\"collapse\",\"width\":\"large\"}},{\"type\":\"row\",\"children\":[{\"type\":\"column\",\"props\":{\"image_position\":\"center-center\",\"position_sticky_breakpoint\":\"m\"},\"children\":[{\"name\":\"Map Marker Popups\",\"type\":\"map\",\"children\":[{\"type\":\"map_item\",\"props\":{\"image\":\"wp-content\\\/uploads\\\/2023\\\/09\\\/oxo-web-1.jpg\",\"link\":\"#\",\"link_text\":\"Ver museo\",\"location\":\"36.721457,-4.4200934\",\"meta\":\"OXO\",\"show_popup\":true,\"title\":\"Museo del videojuego\"}}],\"props\":{\"cluster_icon_1_height\":\"48\",\"cluster_icon_1_width\":\"48\",\"cluster_icon_2_height\":\"48\",\"cluster_icon_2_width\":\"48\",\"cluster_icon_3_height\":\"48\",\"cluster_icon_3_width\":\"48\",\"clustering\":false,\"content_margin\":\"small\",\"content_style\":\"text-meta\",\"controls\":true,\"dragging\":true,\"height\":\"600\",\"image_height\":\"150\",\"image_svg_color\":\"emphasis\",\"image_width\":\"270\",\"link_size\":\"small\",\"link_style\":\"primary\",\"link_text\":\"View House\",\"margin\":\"default\",\"marker_icon_height\":\"38\",\"marker_icon_width\":\"38\",\"max_zoom\":\"18\",\"meta_align\":\"above-title\",\"meta_color\":\"primary\",\"meta_element\":\"div\",\"meta_style\":\"h6\",\"min_zoom\":\"3\",\"poi\":false,\"popup_max_width\":\"400\",\"show_content\":true,\"show_image\":true,\"show_link\":true,\"show_meta\":true,\"show_title\":true,\"title_element\":\"h3\",\"title_hover_style\":\"reset\",\"title_margin\":\"remove\",\"title_style\":\"h5\",\"type\":\"satellite\",\"zoom\":\"15\",\"zooming\":true}}]}]}],\"name\":\"Contact\"},{\"type\":\"section\",\"props\":{\"image_position\":\"center-center\",\"padding\":\"large\",\"padding_remove_top\":true,\"style\":\"default\",\"title_breakpoint\":\"xl\",\"title_position\":\"top-left\",\"title_rotation\":\"left\",\"vertical_align\":\"\",\"width\":\"expand\"},\"children\":[{\"type\":\"row\",\"props\":{\"margin_remove_top\":true,\"width\":\"large\"},\"children\":[{\"type\":\"column\",\"props\":{\"image_position\":\"center-center\",\"position_sticky_breakpoint\":\"m\"},\"children\":[{\"type\":\"headline\",\"props\":{\"block_align\":\"center\",\"content\":\"Unos peque\\u00f1os tips que te ayudar\\u00e1n a disfrutar m\\u00e1s del museo\",\"maxwidth\":\"xlarge\",\"position\":\"relative\",\"position_z_index\":\"1\",\"text_align\":\"center\",\"title_element\":\"h2\"}},{\"name\":\"Divider Style Small\",\"type\":\"divider\",\"props\":{\"divider_align\":\"center\",\"divider_element\":\"hr\",\"divider_style\":\"small\"}}]}]},{\"type\":\"row\",\"children\":[{\"type\":\"column\",\"props\":{\"image_position\":\"center-center\",\"position_sticky_breakpoint\":\"m\"}}]},{\"type\":\"row\",\"props\":{\"column_gap\":\"large\",\"layout\":\"1-3,2-3\",\"margin\":\"large\",\"margin_remove_top\":true,\"width\":\"small\"},\"children\":[{\"type\":\"column\",\"props\":{\"image_position\":\"center-center\",\"position_sticky_breakpoint\":\"m\",\"width_medium\":\"1-3\"},\"children\":[{\"type\":\"headline\",\"props\":{\"content\":\"Planea tu ruta\",\"position\":\"relative\",\"position_z_index\":\"1\",\"title_element\":\"h2\",\"title_style\":\"h3\"}}]},{\"type\":\"column\",\"props\":{\"image_position\":\"center-center\",\"position_sticky_breakpoint\":\"m\",\"width_medium\":\"2-3\"},\"children\":[{\"type\":\"grid\",\"props\":{\"content_column_breakpoint\":\"m\",\"css\":\".el-content{\\n    color: #fff;\\n}\",\"filter_align\":\"left\",\"filter_all\":true,\"filter_grid_breakpoint\":\"m\",\"filter_grid_width\":\"auto\",\"filter_position\":\"top\",\"filter_style\":\"tab\",\"grid_default\":\"1\",\"grid_medium\":\"1\",\"grid_small\":\"2\",\"icon_width\":80,\"image_align\":\"top\",\"image_grid_breakpoint\":\"m\",\"image_grid_width\":\"1-2\",\"image_svg_color\":\"emphasis\",\"item_animation\":true,\"lightbox_bg_close\":true,\"link_style\":\"text\",\"link_text\":\"Route Planner\",\"margin\":\"default\",\"meta_align\":\"below-title\",\"meta_element\":\"div\",\"meta_style\":\"text-meta\",\"parallax_easing\":\"1\",\"position\":\"relative\",\"position_z_index\":\"1\",\"show_content\":true,\"show_hover_image\":true,\"show_hover_video\":true,\"show_image\":true,\"show_link\":true,\"show_meta\":true,\"show_title\":true,\"show_video\":true,\"title_align\":\"top\",\"title_element\":\"h3\",\"title_grid_breakpoint\":\"m\",\"title_grid_width\":\"1-2\",\"title_hover_style\":\"reset\",\"title_style\":\"h4\"},\"children\":[{\"type\":\"grid_item\",\"props\":{\"content\":\"\n\n<p><span>Para acceder al museo del videojuego utilizando el transporte p\\u00fablico, dispones de varias alternativas posibles:<\\\/span><\\\/p>\\n\n\n<ul>\\n\n\n<li><a href=\\\"https:\\\/\\\/www.emtmalaga.es\\\/es\\\">Autob\\u00fas urbano de M\\u00e1laga (EMT)<\\\/a><\\\/li>\\n\n\n<li><a href=\\\"https:\\\/\\\/metromalaga.es\\\/\\\">Metro de M\\u00e1laga<\\\/a><\\\/li>\\n\n\n<li><a href=\\\"https:\\\/\\\/www.renfe.com\\\/es\\\/es\\\/cercanias\\\/cercanias-malaga\\\/horarios\\\">Tren de cercan\\u00edas<\\\/a><\\\/li>\\n\n\n<li><a href=\\\"https:\\\/\\\/ctmam.es\\\/\\\">Autob\\u00fas provincial<\\\/a>\\u00a0<\\\/li>\\n\n\n<li><a href=\\\"https:\\\/\\\/www.taxi-union.es\\\/\\\">Taxi<\\\/a><\\\/li>\\n<\\\/ul>\",\"link\":\"https:\\\/\\\/maps.app.goo.gl\\\/wxpc8f5VVtmjXfKy9\",\"link_text\":\"Guiado de ruta\",\"title\":\"Transporte p\\u00fablico\"}},{\"type\":\"grid_item\",\"props\":{\"content\":\"\n\n<p><span>En el coraz\\u00f3n de M\\u00e1laga, encontrar\\u00e1s varias opciones de estacionamiento en las cercan\\u00edas del Museo del Videojuego.<\\\/span><\\\/p>\\n\n\n<ul>\\n\n\n<li><a href=\\\"https:\\\/\\\/maps.app.goo.gl\\\/BSdZWPC2a6nTYhG19\\\">Parking de la Marina<\\\/a><\\\/li>\\n\n\n<li><a href=\\\"https:\\\/\\\/maps.app.goo.gl\\\/bvuvDfduU2T1HU2Y6\\\">Parking Camas<\\\/a><\\\/li>\\n\n\n<li><a href=\\\"https:\\\/\\\/maps.app.goo.gl\\\/9p7zjykcQJYceC9e9\\\">Parking Tej\\u00f3n y Rodr\\u00edguez<\\\/a><\\\/li>\\n<\\\/ul>\",\"title\":\"Parking\"}}]}]}]}],\"name\":\"Information\"},{\"type\":\"section\",\"props\":{\"image\":\"wp-content\\\/uploads\\\/2023\\\/09\\\/visita-guiada-museo-del-videojuego-scaled.jpg\",\"image_position\":\"center-center\",\"image_size\":\"cover\",\"image_width\":\"2560\",\"padding\":\"large\",\"style\":\"default\",\"text_color\":\"light\",\"title_breakpoint\":\"xl\",\"title_position\":\"top-left\",\"title_rotation\":\"left\",\"vertical_align\":\"\",\"width\":\"expand\"},\"children\":[{\"type\":\"row\",\"children\":[{\"type\":\"column\",\"props\":{\"image_position\":\"center-center\",\"position_sticky_breakpoint\":\"m\"},\"children\":[{\"type\":\"headline\",\"props\":{\"content\":\"<span>\\u00bfTe gustar\\u00eda disfrutar de una visita guiada en el museo?<\\\/span>\",\"maxwidth\":\"xlarge\",\"text_align\":\"left\",\"text_align_breakpoint\":\"s\",\"text_align_fallback\":\"center\",\"title_element\":\"h2\",\"title_style\":\"h1\"}},{\"type\":\"text\",\"props\":{\"column_breakpoint\":\"m\",\"content\":\"\n\n<p>No dudes en ponerte en contacto con nosotros<\\\/p>\",\"margin\":\"default\",\"maxwidth\":\"xlarge\",\"text_align\":\"left\",\"text_align_breakpoint\":\"s\",\"text_align_fallback\":\"center\",\"text_color\":\"emphasis\",\"text_style\":\"lead\"}},{\"type\":\"button\",\"props\":{\"button_size\":\"large\",\"grid_column_gap\":\"small\",\"grid_row_gap\":\"small\",\"margin\":\"medium\",\"text_align\":\"left\",\"text_align_breakpoint\":\"s\",\"text_align_fallback\":\"center\"},\"children\":[{\"type\":\"button_item\",\"props\":{\"button_style\":\"default\",\"content\":\"Cont\\u00e1ctanos\",\"dialog_layout\":\"modal\",\"dialog_offcanvas_flip\":true,\"icon_align\":\"left\",\"link\":\"mailto:malaga@oxomuseo.com\"}}]}]}],\"props\":{\"width\":\"large\"}}],\"name\":\"Call to Action\",\"modified\":\"2021-07-28T09:45:54.236Z\"},{\"type\":\"section\",\"props\":{\"image_position\":\"center-center\",\"style\":\"default\",\"title_breakpoint\":\"xl\",\"title_position\":\"top-left\",\"title_rotation\":\"left\",\"vertical_align\":\"\",\"width\":\"default\"},\"children\":[{\"type\":\"row\",\"children\":[{\"type\":\"column\",\"props\":{\"image_position\":\"center-center\",\"position_sticky_breakpoint\":\"m\"}}]}]}],\"version\":\"4.5.32\"} --><\/p>\n","protected":false},"excerpt":{"rendered":"<p>Contacto Localizaci\u00f3n Plaza del siglo, 229015 M\u00e1lagaEspa\u00f1a Contacto + 34 951 28 18 97malaga@oxomuseo.com Horario museo Lunes a Domingo 11:00 a 22:00 \u00bfTienes alguna duda? Cont\u00e1ctanos 36.721457,-4.4200934 Museo del videojuego OXO Ver museo Unos peque\u00f1os tips que te ayudar\u00e1n a disfrutar m\u00e1s del museo Planea tu ruta Transporte p\u00fablico Para acceder al museo del videojuego [&hellip;]<\/p>\n","protected":false},"author":1,"featured_media":0,"parent":0,"menu_order":0,"comment_status":"closed","ping_status":"closed","template":"","meta":{"footnotes":""},"class_list":["post-11160","page","type-page","status-publish","hentry"],"_links":{"self":[{"href":"https:\/\/oxomuseomalaga.com\/en\/wp-json\/wp\/v2\/pages\/11160","targetHints":{"allow":["GET"]}}],"collection":[{"href":"https:\/\/oxomuseomalaga.com\/en\/wp-json\/wp\/v2\/pages"}],"about":[{"href":"https:\/\/oxomuseomalaga.com\/en\/wp-json\/wp\/v2\/types\/page"}],"author":[{"embeddable":true,"href":"https:\/\/oxomuseomalaga.com\/en\/wp-json\/wp\/v2\/users\/1"}],"replies":[{"embeddable":true,"href":"https:\/\/oxomuseomalaga.com\/en\/wp-json\/wp\/v2\/comments?post=11160"}],"version-history":[{"count":1,"href":"https:\/\/oxomuseomalaga.com\/en\/wp-json\/wp\/v2\/pages\/11160\/revisions"}],"predecessor-version":[{"id":18856,"href":"https:\/\/oxomuseomalaga.com\/en\/wp-json\/wp\/v2\/pages\/11160\/revisions\/18856"}],"wp:attachment":[{"href":"https:\/\/oxomuseomalaga.com\/en\/wp-json\/wp\/v2\/media?parent=11160"}],"curies":[{"name":"wp","href":"https:\/\/api.w.org\/{rel}","templated":true}]}}